{"id":1541,"date":"2025-06-06T08:46:50","date_gmt":"2025-06-06T06:46:50","guid":{"rendered":"https:\/\/banusrentals.com\/?page_id=1541"},"modified":"2025-11-25T13:38:28","modified_gmt":"2025-11-25T12:38:28","slug":"blog","status":"publish","type":"page","link":"https:\/\/banusrentals.com\/es\/blog\/","title":{"rendered":"Blog"},"content":{"rendered":"","protected":false},"excerpt":{"rendered":"","protected":false},"author":1,"featured_media":0,"parent":0,"menu_order":0,"comment_status":"closed","ping_status":"closed","template":"template-blog.php","meta":{"_acf_changed":false,"footnotes":""},"class_list":["post-1541","page","type-page","status-publish","hentry"],"acf":[],"yoast_head":"<!-- This site is optimized with the Yoast SEO plugin v24.8 - https:\/\/yoast.com\/wordpress\/plugins\/seo\/ -->\n<title>Blog de Turismo en Marbella y Alrededores | Banus Rentals<\/title>\n<meta name=\"description\" content=\"Planes, eventos, gu\u00edas de turismo, curiosidades y mucho m\u00e1s es lo que encontrar\u00e1s en nuestro blog de turismo en Marbella. Entra y no te pierdas nada.\" \/>\n<meta name=\"robots\" content=\"index, follow, max-snippet:-1, max-image-preview:large, max-video-preview:-1\" \/>\n<link rel=\"canonical\" href=\"https:\/\/banusrentals.com\/es\/blog\/page\/1\/\" \/>\n<meta property=\"og:locale\" content=\"es_ES\" \/>\n<meta property=\"og:type\" content=\"article\" \/>\n<meta property=\"og:title\" content=\"Blog de Turismo en Marbella y Alrededores | Banus Rentals\" \/>\n<meta property=\"og:description\" content=\"Planes, eventos, gu\u00edas de turismo, curiosidades y mucho m\u00e1s es lo que encontrar\u00e1s en nuestro blog de turismo en Marbella. Entra y no te pierdas nada.\" \/>\n<meta property=\"og:url\" content=\"https:\/\/banusrentals.com\/es\/blog\/\" \/>\n<meta property=\"og:site_name\" content=\"Banus Rentals\" \/>\n<meta property=\"article:publisher\" content=\"https:\/\/www.facebook.com\/BanusRentalsMarbella\" \/>\n<meta property=\"article:modified_time\" content=\"2025-11-25T12:38:28+00:00\" \/>\n<meta name=\"twitter:card\" content=\"summary_large_image\" \/>\n<script type=\"application\/ld+json\" class=\"yoast-schema-graph\">{\"@context\":\"https:\/\/schema.org\",\"@graph\":[{\"@type\":\"WebPage\",\"@id\":\"https:\/\/banusrentals.com\/es\/blog\/\",\"url\":\"https:\/\/banusrentals.com\/es\/blog\/\",\"name\":\"Blog de Turismo en Marbella y Alrededores | Banus Rentals\",\"isPartOf\":{\"@id\":\"https:\/\/banusrentals.com\/es\/#website\"},\"datePublished\":\"2025-06-06T06:46:50+00:00\",\"dateModified\":\"2025-11-25T12:38:28+00:00\",\"description\":\"Planes, eventos, gu\u00edas de turismo, curiosidades y mucho m\u00e1s es lo que encontrar\u00e1s en nuestro blog de turismo en Marbella. Entra y no te pierdas nada.\",\"breadcrumb\":{\"@id\":\"https:\/\/banusrentals.com\/es\/blog\/#breadcrumb\"},\"inLanguage\":\"es\",\"potentialAction\":[{\"@type\":\"ReadAction\",\"target\":[\"https:\/\/banusrentals.com\/es\/blog\/\"]}]},{\"@type\":\"BreadcrumbList\",\"@id\":\"https:\/\/banusrentals.com\/es\/blog\/#breadcrumb\",\"itemListElement\":[{\"@type\":\"ListItem\",\"position\":1,\"name\":\"Home\",\"item\":\"https:\/\/banusrentals.com\/es\/\"},{\"@type\":\"ListItem\",\"position\":2,\"name\":\"Blog\"}]},{\"@type\":\"WebSite\",\"@id\":\"https:\/\/banusrentals.com\/es\/#website\",\"url\":\"https:\/\/banusrentals.com\/es\/\",\"name\":\"Banus Rentals\",\"description\":\"\",\"potentialAction\":[{\"@type\":\"SearchAction\",\"target\":{\"@type\":\"EntryPoint\",\"urlTemplate\":\"https:\/\/banusrentals.com\/es\/?s={search_term_string}\"},\"query-input\":{\"@type\":\"PropertyValueSpecification\",\"valueRequired\":true,\"valueName\":\"search_term_string\"}}],\"inLanguage\":\"es\"}]}<\/script>\n<!-- \/ Yoast SEO plugin. -->","yoast_head_json":{"title":"Blog de Turismo en Marbella y Alrededores | Banus Rentals","description":"Planes, eventos, gu\u00edas de turismo, curiosidades y mucho m\u00e1s es lo que encontrar\u00e1s en nuestro blog de turismo en Marbella. Entra y no te pierdas nada.","robots":{"index":"index","follow":"follow","max-snippet":"max-snippet:-1","max-image-preview":"max-image-preview:large","max-video-preview":"max-video-preview:-1"},"canonical":"https:\/\/banusrentals.com\/es\/blog\/page\/1\/","og_locale":"es_ES","og_type":"article","og_title":"Blog de Turismo en Marbella y Alrededores | Banus Rentals","og_description":"Planes, eventos, gu\u00edas de turismo, curiosidades y mucho m\u00e1s es lo que encontrar\u00e1s en nuestro blog de turismo en Marbella. Entra y no te pierdas nada.","og_url":"https:\/\/banusrentals.com\/es\/blog\/","og_site_name":"Banus Rentals","article_publisher":"https:\/\/www.facebook.com\/BanusRentalsMarbella","article_modified_time":"2025-11-25T12:38:28+00:00","twitter_card":"summary_large_image","schema":{"@context":"https:\/\/schema.org","@graph":[{"@type":"WebPage","@id":"https:\/\/banusrentals.com\/es\/blog\/","url":"https:\/\/banusrentals.com\/es\/blog\/","name":"Blog de Turismo en Marbella y Alrededores | Banus Rentals","isPartOf":{"@id":"https:\/\/banusrentals.com\/es\/#website"},"datePublished":"2025-06-06T06:46:50+00:00","dateModified":"2025-11-25T12:38:28+00:00","description":"Planes, eventos, gu\u00edas de turismo, curiosidades y mucho m\u00e1s es lo que encontrar\u00e1s en nuestro blog de turismo en Marbella. Entra y no te pierdas nada.","breadcrumb":{"@id":"https:\/\/banusrentals.com\/es\/blog\/#breadcrumb"},"inLanguage":"es","potentialAction":[{"@type":"ReadAction","target":["https:\/\/banusrentals.com\/es\/blog\/"]}]},{"@type":"BreadcrumbList","@id":"https:\/\/banusrentals.com\/es\/blog\/#breadcrumb","itemListElement":[{"@type":"ListItem","position":1,"name":"Home","item":"https:\/\/banusrentals.com\/es\/"},{"@type":"ListItem","position":2,"name":"Blog"}]},{"@type":"WebSite","@id":"https:\/\/banusrentals.com\/es\/#website","url":"https:\/\/banusrentals.com\/es\/","name":"Banus Rentals","description":"","potentialAction":[{"@type":"SearchAction","target":{"@type":"EntryPoint","urlTemplate":"https:\/\/banusrentals.com\/es\/?s={search_term_string}"},"query-input":{"@type":"PropertyValueSpecification","valueRequired":true,"valueName":"search_term_string"}}],"inLanguage":"es"}]}},"_links":{"self":[{"href":"https:\/\/banusrentals.com\/es\/wp-json\/wp\/v2\/pages\/1541","targetHints":{"allow":["GET"]}}],"collection":[{"href":"https:\/\/banusrentals.com\/es\/wp-json\/wp\/v2\/pages"}],"about":[{"href":"https:\/\/banusrentals.com\/es\/wp-json\/wp\/v2\/types\/page"}],"author":[{"embeddable":true,"href":"https:\/\/banusrentals.com\/es\/wp-json\/wp\/v2\/users\/1"}],"replies":[{"embeddable":true,"href":"https:\/\/banusrentals.com\/es\/wp-json\/wp\/v2\/comments?post=1541"}],"version-history":[{"count":8,"href":"https:\/\/banusrentals.com\/es\/wp-json\/wp\/v2\/pages\/1541\/revisions"}],"predecessor-version":[{"id":29013,"href":"https:\/\/banusrentals.com\/es\/wp-json\/wp\/v2\/pages\/1541\/revisions\/29013"}],"wp:attachment":[{"href":"https:\/\/banusrentals.com\/es\/wp-json\/wp\/v2\/media?parent=1541"}],"curies":[{"name":"wp","href":"https:\/\/api.w.org\/{rel}","templated":true}]}}