{"id":25779,"date":"2025-07-29T15:20:44","date_gmt":"2025-07-29T13:20:44","guid":{"rendered":"https:\/\/banusrentals.com\/?page_id=25779"},"modified":"2025-11-04T16:48:23","modified_gmt":"2025-11-04T15:48:23","slug":"excursiones","status":"publish","type":"page","link":"https:\/\/banusrentals.com\/es\/servicios\/excursiones\/","title":{"rendered":"Excursiones"},"content":{"rendered":"","protected":false},"excerpt":{"rendered":"<p>Descubre Andaluc\u00eda con excursiones personalizadas que combinan cultura, naturaleza y exclusividad en cada trayecto. Desde pueblos con encanto hasta experiencias \u00fanicas en la costa, cada salida se adapta a tu ritmo y tus intereses.<\/p>\n","protected":false},"author":1,"featured_media":0,"parent":1797,"menu_order":0,"comment_status":"closed","ping_status":"closed","template":"template-iframe.php","meta":{"_acf_changed":false,"footnotes":""},"class_list":["post-25779","page","type-page","status-publish","hentry"],"acf":[],"yoast_head":"<!-- This site is optimized with the Yoast SEO plugin v24.8 - https:\/\/yoast.com\/wordpress\/plugins\/seo\/ -->\n<title>Servicio Extra de Excursiones pr\u00f3ximas a Marbella | Banus Rentals<\/title>\n<meta name=\"description\" content=\"Si te gustar\u00eda descubrir m\u00e1s zonas de Andaluc\u00eda, te ayudamos con un servicio de reserva de excursiones.\" \/>\n<meta name=\"robots\" content=\"index, follow, max-snippet:-1, max-image-preview:large, max-video-preview:-1\" \/>\n<link rel=\"canonical\" href=\"https:\/\/banusrentals.com\/es\/servicios\/excursiones\/page\/1\/\" \/>\n<meta property=\"og:locale\" content=\"es_ES\" \/>\n<meta property=\"og:type\" content=\"article\" \/>\n<meta property=\"og:title\" content=\"Servicio Extra de Excursiones pr\u00f3ximas a Marbella | Banus Rentals\" \/>\n<meta property=\"og:description\" content=\"Si te gustar\u00eda descubrir m\u00e1s zonas de Andaluc\u00eda, te ayudamos con un servicio de reserva de excursiones.\" \/>\n<meta property=\"og:url\" content=\"https:\/\/banusrentals.com\/es\/servicios\/excursiones\/\" \/>\n<meta property=\"og:site_name\" content=\"Banus Rentals\" \/>\n<meta property=\"article:publisher\" content=\"https:\/\/www.facebook.com\/BanusRentalsMarbella\" \/>\n<meta property=\"article:modified_time\" content=\"2025-11-04T15:48:23+00:00\" \/>\n<meta name=\"twitter:card\" content=\"summary_large_image\" \/>\n<script type=\"application\/ld+json\" class=\"yoast-schema-graph\">{\"@context\":\"https:\/\/schema.org\",\"@graph\":[{\"@type\":\"WebPage\",\"@id\":\"https:\/\/banusrentals.com\/es\/servicios\/excursiones\/\",\"url\":\"https:\/\/banusrentals.com\/es\/servicios\/excursiones\/\",\"name\":\"Servicio Extra de Excursiones pr\u00f3ximas a Marbella | Banus Rentals\",\"isPartOf\":{\"@id\":\"https:\/\/banusrentals.com\/es\/#website\"},\"datePublished\":\"2025-07-29T13:20:44+00:00\",\"dateModified\":\"2025-11-04T15:48:23+00:00\",\"description\":\"Si te gustar\u00eda descubrir m\u00e1s zonas de Andaluc\u00eda, te ayudamos con un servicio de reserva de excursiones.\",\"breadcrumb\":{\"@id\":\"https:\/\/banusrentals.com\/es\/servicios\/excursiones\/#breadcrumb\"},\"inLanguage\":\"es\",\"potentialAction\":[{\"@type\":\"ReadAction\",\"target\":[\"https:\/\/banusrentals.com\/es\/servicios\/excursiones\/\"]}]},{\"@type\":\"BreadcrumbList\",\"@id\":\"https:\/\/banusrentals.com\/es\/servicios\/excursiones\/#breadcrumb\",\"itemListElement\":[{\"@type\":\"ListItem\",\"position\":1,\"name\":\"Home\",\"item\":\"https:\/\/banusrentals.com\/es\/\"},{\"@type\":\"ListItem\",\"position\":2,\"name\":\"Servicios\",\"item\":\"https:\/\/banusrentals.com\/es\/services\/\"},{\"@type\":\"ListItem\",\"position\":3,\"name\":\"Excursiones\"}]},{\"@type\":\"WebSite\",\"@id\":\"https:\/\/banusrentals.com\/es\/#website\",\"url\":\"https:\/\/banusrentals.com\/es\/\",\"name\":\"Banus Rentals\",\"description\":\"\",\"potentialAction\":[{\"@type\":\"SearchAction\",\"target\":{\"@type\":\"EntryPoint\",\"urlTemplate\":\"https:\/\/banusrentals.com\/es\/?s={search_term_string}\"},\"query-input\":{\"@type\":\"PropertyValueSpecification\",\"valueRequired\":true,\"valueName\":\"search_term_string\"}}],\"inLanguage\":\"es\"}]}<\/script>\n<!-- \/ Yoast SEO plugin. -->","yoast_head_json":{"title":"Servicio Extra de Excursiones pr\u00f3ximas a Marbella | Banus Rentals","description":"Si te gustar\u00eda descubrir m\u00e1s zonas de Andaluc\u00eda, te ayudamos con un servicio de reserva de excursiones.","robots":{"index":"index","follow":"follow","max-snippet":"max-snippet:-1","max-image-preview":"max-image-preview:large","max-video-preview":"max-video-preview:-1"},"canonical":"https:\/\/banusrentals.com\/es\/servicios\/excursiones\/page\/1\/","og_locale":"es_ES","og_type":"article","og_title":"Servicio Extra de Excursiones pr\u00f3ximas a Marbella | Banus Rentals","og_description":"Si te gustar\u00eda descubrir m\u00e1s zonas de Andaluc\u00eda, te ayudamos con un servicio de reserva de excursiones.","og_url":"https:\/\/banusrentals.com\/es\/servicios\/excursiones\/","og_site_name":"Banus Rentals","article_publisher":"https:\/\/www.facebook.com\/BanusRentalsMarbella","article_modified_time":"2025-11-04T15:48:23+00:00","twitter_card":"summary_large_image","schema":{"@context":"https:\/\/schema.org","@graph":[{"@type":"WebPage","@id":"https:\/\/banusrentals.com\/es\/servicios\/excursiones\/","url":"https:\/\/banusrentals.com\/es\/servicios\/excursiones\/","name":"Servicio Extra de Excursiones pr\u00f3ximas a Marbella | Banus Rentals","isPartOf":{"@id":"https:\/\/banusrentals.com\/es\/#website"},"datePublished":"2025-07-29T13:20:44+00:00","dateModified":"2025-11-04T15:48:23+00:00","description":"Si te gustar\u00eda descubrir m\u00e1s zonas de Andaluc\u00eda, te ayudamos con un servicio de reserva de excursiones.","breadcrumb":{"@id":"https:\/\/banusrentals.com\/es\/servicios\/excursiones\/#breadcrumb"},"inLanguage":"es","potentialAction":[{"@type":"ReadAction","target":["https:\/\/banusrentals.com\/es\/servicios\/excursiones\/"]}]},{"@type":"BreadcrumbList","@id":"https:\/\/banusrentals.com\/es\/servicios\/excursiones\/#breadcrumb","itemListElement":[{"@type":"ListItem","position":1,"name":"Home","item":"https:\/\/banusrentals.com\/es\/"},{"@type":"ListItem","position":2,"name":"Servicios","item":"https:\/\/banusrentals.com\/es\/services\/"},{"@type":"ListItem","position":3,"name":"Excursiones"}]},{"@type":"WebSite","@id":"https:\/\/banusrentals.com\/es\/#website","url":"https:\/\/banusrentals.com\/es\/","name":"Banus Rentals","description":"","potentialAction":[{"@type":"SearchAction","target":{"@type":"EntryPoint","urlTemplate":"https:\/\/banusrentals.com\/es\/?s={search_term_string}"},"query-input":{"@type":"PropertyValueSpecification","valueRequired":true,"valueName":"search_term_string"}}],"inLanguage":"es"}]}},"_links":{"self":[{"href":"https:\/\/banusrentals.com\/es\/wp-json\/wp\/v2\/pages\/25779","targetHints":{"allow":["GET"]}}],"collection":[{"href":"https:\/\/banusrentals.com\/es\/wp-json\/wp\/v2\/pages"}],"about":[{"href":"https:\/\/banusrentals.com\/es\/wp-json\/wp\/v2\/types\/page"}],"author":[{"embeddable":true,"href":"https:\/\/banusrentals.com\/es\/wp-json\/wp\/v2\/users\/1"}],"replies":[{"embeddable":true,"href":"https:\/\/banusrentals.com\/es\/wp-json\/wp\/v2\/comments?post=25779"}],"version-history":[{"count":6,"href":"https:\/\/banusrentals.com\/es\/wp-json\/wp\/v2\/pages\/25779\/revisions"}],"predecessor-version":[{"id":28438,"href":"https:\/\/banusrentals.com\/es\/wp-json\/wp\/v2\/pages\/25779\/revisions\/28438"}],"up":[{"embeddable":true,"href":"https:\/\/banusrentals.com\/es\/wp-json\/wp\/v2\/pages\/1797"}],"wp:attachment":[{"href":"https:\/\/banusrentals.com\/es\/wp-json\/wp\/v2\/media?parent=25779"}],"curies":[{"name":"wp","href":"https:\/\/api.w.org\/{rel}","templated":true}]}}