{"id":12706,"date":"2025-07-21T12:31:03","date_gmt":"2025-07-21T10:31:03","guid":{"rendered":"https:\/\/banusrentals.com\/producto\/apartamento-en-playas-del-duque-para-5-personascasa-cordoba-110\/"},"modified":"2026-04-03T03:48:04","modified_gmt":"2026-04-03T01:48:04","slug":"apartamento-en-playas-del-duque-para-5-personascasa-cordoba-110","status":"publish","type":"product","link":"https:\/\/banusrentals.com\/es\/apartamento-en-playas-del-duque-para-5-personascasa-cordoba-110-h1159\/","title":{"rendered":"Apartamento en Playas del Duque para 5 personas|Casa C\u00f3rdoba 110"},"content":{"rendered":"","protected":false},"excerpt":{"rendered":"","protected":false},"featured_media":12710,"comment_status":"open","ping_status":"closed","template":"","meta":{"_acf_changed":false},"product_brand":[],"product_cat":[],"product_tag":[],"class_list":{"0":"post-12706","1":"product","2":"type-product","3":"status-publish","4":"has-post-thumbnail","6":"category-product-type-apartamento","7":"category-product-zone-puerto-banus","8":"category-product-zone-playas-del-duque-puerto-banus-2","10":"first","11":"instock","12":"shipping-taxable","13":"purchasable","14":"product-type-simple"},"acf":[],"yoast_head":"<!-- This site is optimized with the Yoast SEO plugin v24.8 - https:\/\/yoast.com\/wordpress\/plugins\/seo\/ -->\n<title>Apartamento en Playas del Duque para 5 personas|Casa C\u00f3rdoba 110<\/title>\n<meta name=\"description\" content=\"Disfrute de Marbella en este espacioso apartamento de 2 dormitorios en primera l\u00ednea de playa en Puerto Ban\u00fas, con vistas y acceso a la playa.\" \/>\n<meta name=\"robots\" content=\"index, follow, max-snippet:-1, max-image-preview:large, max-video-preview:-1\" \/>\n<link rel=\"canonical\" href=\"https:\/\/banusrentals.com\/es\/apartamento-en-playas-del-duque-para-5-personascasa-cordoba-110-h1159\/page\/1\/\" \/>\n<meta property=\"og:locale\" content=\"es_ES\" \/>\n<meta property=\"og:type\" content=\"article\" \/>\n<meta property=\"og:title\" content=\"Apartamento en Playas del Duque para 5 personas|Casa C\u00f3rdoba 110\" \/>\n<meta property=\"og:description\" content=\"Disfrute de Marbella en este espacioso apartamento de 2 dormitorios en primera l\u00ednea de playa en Puerto Ban\u00fas, con vistas y acceso a la playa.\" \/>\n<meta property=\"og:url\" content=\"https:\/\/banusrentals.com\/es\/apartamento-en-playas-del-duque-para-5-personascasa-cordoba-110-h1159\/\" \/>\n<meta property=\"og:site_name\" content=\"Banus Rentals\" \/>\n<meta property=\"article:publisher\" content=\"https:\/\/www.facebook.com\/BanusRentalsMarbella\" \/>\n<meta property=\"article:modified_time\" content=\"2026-04-03T01:48:04+00:00\" \/>\n<meta property=\"og:image\" content=\"https:\/\/banusrentals.com\/wp-content\/uploads\/2025\/07\/E1159F1x1400.jpg\" \/>\n\t<meta property=\"og:image:width\" content=\"1400\" \/>\n\t<meta property=\"og:image:height\" content=\"1050\" \/>\n\t<meta property=\"og:image:type\" content=\"image\/jpeg\" \/>\n<meta name=\"twitter:card\" content=\"summary_large_image\" \/>\n<script type=\"application\/ld+json\" class=\"yoast-schema-graph\">{\"@context\":\"https:\/\/schema.org\",\"@graph\":[{\"@type\":\"WebPage\",\"@id\":\"https:\/\/banusrentals.com\/es\/apartamento-en-playas-del-duque-para-5-personascasa-cordoba-110-h1159\/\",\"url\":\"https:\/\/banusrentals.com\/es\/apartamento-en-playas-del-duque-para-5-personascasa-cordoba-110-h1159\/\",\"name\":\"Apartamento en Playas del Duque para 5 personas|Casa C\u00f3rdoba 110\",\"isPartOf\":{\"@id\":\"https:\/\/banusrentals.com\/es\/#website\"},\"primaryImageOfPage\":{\"@id\":\"https:\/\/banusrentals.com\/es\/apartamento-en-playas-del-duque-para-5-personascasa-cordoba-110-h1159\/#primaryimage\"},\"image\":{\"@id\":\"https:\/\/banusrentals.com\/es\/apartamento-en-playas-del-duque-para-5-personascasa-cordoba-110-h1159\/#primaryimage\"},\"thumbnailUrl\":\"https:\/\/banusrentals.com\/wp-content\/uploads\/2025\/07\/E1159F1x1400.jpg\",\"datePublished\":\"2025-07-21T10:31:03+00:00\",\"dateModified\":\"2026-04-03T01:48:04+00:00\",\"description\":\"Disfrute de Marbella en este espacioso apartamento de 2 dormitorios en primera l\u00ednea de playa en Puerto Ban\u00fas, con vistas y acceso a la playa.\",\"breadcrumb\":{\"@id\":\"https:\/\/banusrentals.com\/es\/apartamento-en-playas-del-duque-para-5-personascasa-cordoba-110-h1159\/#breadcrumb\"},\"inLanguage\":\"es\",\"potentialAction\":[{\"@type\":\"ReadAction\",\"target\":[\"https:\/\/banusrentals.com\/es\/apartamento-en-playas-del-duque-para-5-personascasa-cordoba-110-h1159\/\"]}]},{\"@type\":\"ImageObject\",\"inLanguage\":\"es\",\"@id\":\"https:\/\/banusrentals.com\/es\/apartamento-en-playas-del-duque-para-5-personascasa-cordoba-110-h1159\/#primaryimage\",\"url\":\"https:\/\/banusrentals.com\/wp-content\/uploads\/2025\/07\/E1159F1x1400.jpg\",\"contentUrl\":\"https:\/\/banusrentals.com\/wp-content\/uploads\/2025\/07\/E1159F1x1400.jpg\",\"width\":1400,\"height\":1050},{\"@type\":\"BreadcrumbList\",\"@id\":\"https:\/\/banusrentals.com\/es\/apartamento-en-playas-del-duque-para-5-personascasa-cordoba-110-h1159\/#breadcrumb\",\"itemListElement\":[{\"@type\":\"ListItem\",\"position\":1,\"name\":\"Home\",\"item\":\"https:\/\/banusrentals.com\/es\/\"},{\"@type\":\"ListItem\",\"position\":2,\"name\":\"Productos\",\"item\":\"https:\/\/banusrentals.com\/es\/shop\/\"},{\"@type\":\"ListItem\",\"position\":3,\"name\":\"Puerto Ban\u00fas\",\"item\":\"https:\/\/banusrentals.com\/es\/alquiler-vacacional-puerto-banus\/\"},{\"@type\":\"ListItem\",\"position\":4,\"name\":\"Playas del Duque\",\"item\":\"https:\/\/banusrentals.com\/es\/alquiler-vacacional-playas-del-duque\/\"},{\"@type\":\"ListItem\",\"position\":5,\"name\":\"Apartamento en Playas del Duque para 5 personas|Casa C\u00f3rdoba 110\"}]},{\"@type\":\"WebSite\",\"@id\":\"https:\/\/banusrentals.com\/es\/#website\",\"url\":\"https:\/\/banusrentals.com\/es\/\",\"name\":\"Banus Rentals\",\"description\":\"\",\"potentialAction\":[{\"@type\":\"SearchAction\",\"target\":{\"@type\":\"EntryPoint\",\"urlTemplate\":\"https:\/\/banusrentals.com\/es\/?s={search_term_string}\"},\"query-input\":{\"@type\":\"PropertyValueSpecification\",\"valueRequired\":true,\"valueName\":\"search_term_string\"}}],\"inLanguage\":\"es\"}]}<\/script>\n<!-- \/ Yoast SEO plugin. -->","yoast_head_json":{"title":"Apartamento en Playas del Duque para 5 personas|Casa C\u00f3rdoba 110","description":"Disfrute de Marbella en este espacioso apartamento de 2 dormitorios en primera l\u00ednea de playa en Puerto Ban\u00fas, con vistas y acceso a la playa.","robots":{"index":"index","follow":"follow","max-snippet":"max-snippet:-1","max-image-preview":"max-image-preview:large","max-video-preview":"max-video-preview:-1"},"canonical":"https:\/\/banusrentals.com\/es\/apartamento-en-playas-del-duque-para-5-personascasa-cordoba-110-h1159\/page\/1\/","og_locale":"es_ES","og_type":"article","og_title":"Apartamento en Playas del Duque para 5 personas|Casa C\u00f3rdoba 110","og_description":"Disfrute de Marbella en este espacioso apartamento de 2 dormitorios en primera l\u00ednea de playa en Puerto Ban\u00fas, con vistas y acceso a la playa.","og_url":"https:\/\/banusrentals.com\/es\/apartamento-en-playas-del-duque-para-5-personascasa-cordoba-110-h1159\/","og_site_name":"Banus Rentals","article_publisher":"https:\/\/www.facebook.com\/BanusRentalsMarbella","article_modified_time":"2026-04-03T01:48:04+00:00","og_image":[{"width":1400,"height":1050,"url":"https:\/\/banusrentals.com\/wp-content\/uploads\/2025\/07\/E1159F1x1400.jpg","type":"image\/jpeg"}],"twitter_card":"summary_large_image","schema":{"@context":"https:\/\/schema.org","@graph":[{"@type":"WebPage","@id":"https:\/\/banusrentals.com\/es\/apartamento-en-playas-del-duque-para-5-personascasa-cordoba-110-h1159\/","url":"https:\/\/banusrentals.com\/es\/apartamento-en-playas-del-duque-para-5-personascasa-cordoba-110-h1159\/","name":"Apartamento en Playas del Duque para 5 personas|Casa C\u00f3rdoba 110","isPartOf":{"@id":"https:\/\/banusrentals.com\/es\/#website"},"primaryImageOfPage":{"@id":"https:\/\/banusrentals.com\/es\/apartamento-en-playas-del-duque-para-5-personascasa-cordoba-110-h1159\/#primaryimage"},"image":{"@id":"https:\/\/banusrentals.com\/es\/apartamento-en-playas-del-duque-para-5-personascasa-cordoba-110-h1159\/#primaryimage"},"thumbnailUrl":"https:\/\/banusrentals.com\/wp-content\/uploads\/2025\/07\/E1159F1x1400.jpg","datePublished":"2025-07-21T10:31:03+00:00","dateModified":"2026-04-03T01:48:04+00:00","description":"Disfrute de Marbella en este espacioso apartamento de 2 dormitorios en primera l\u00ednea de playa en Puerto Ban\u00fas, con vistas y acceso a la playa.","breadcrumb":{"@id":"https:\/\/banusrentals.com\/es\/apartamento-en-playas-del-duque-para-5-personascasa-cordoba-110-h1159\/#breadcrumb"},"inLanguage":"es","potentialAction":[{"@type":"ReadAction","target":["https:\/\/banusrentals.com\/es\/apartamento-en-playas-del-duque-para-5-personascasa-cordoba-110-h1159\/"]}]},{"@type":"ImageObject","inLanguage":"es","@id":"https:\/\/banusrentals.com\/es\/apartamento-en-playas-del-duque-para-5-personascasa-cordoba-110-h1159\/#primaryimage","url":"https:\/\/banusrentals.com\/wp-content\/uploads\/2025\/07\/E1159F1x1400.jpg","contentUrl":"https:\/\/banusrentals.com\/wp-content\/uploads\/2025\/07\/E1159F1x1400.jpg","width":1400,"height":1050},{"@type":"BreadcrumbList","@id":"https:\/\/banusrentals.com\/es\/apartamento-en-playas-del-duque-para-5-personascasa-cordoba-110-h1159\/#breadcrumb","itemListElement":[{"@type":"ListItem","position":1,"name":"Home","item":"https:\/\/banusrentals.com\/es\/"},{"@type":"ListItem","position":2,"name":"Productos","item":"https:\/\/banusrentals.com\/es\/shop\/"},{"@type":"ListItem","position":3,"name":"Puerto Ban\u00fas","item":"https:\/\/banusrentals.com\/es\/alquiler-vacacional-puerto-banus\/"},{"@type":"ListItem","position":4,"name":"Playas del Duque","item":"https:\/\/banusrentals.com\/es\/alquiler-vacacional-playas-del-duque\/"},{"@type":"ListItem","position":5,"name":"Apartamento en Playas del Duque para 5 personas|Casa C\u00f3rdoba 110"}]},{"@type":"WebSite","@id":"https:\/\/banusrentals.com\/es\/#website","url":"https:\/\/banusrentals.com\/es\/","name":"Banus Rentals","description":"","potentialAction":[{"@type":"SearchAction","target":{"@type":"EntryPoint","urlTemplate":"https:\/\/banusrentals.com\/es\/?s={search_term_string}"},"query-input":{"@type":"PropertyValueSpecification","valueRequired":true,"valueName":"search_term_string"}}],"inLanguage":"es"}]}},"_links":{"self":[{"href":"https:\/\/banusrentals.com\/es\/wp-json\/wp\/v2\/product\/12706","targetHints":{"allow":["GET"]}}],"collection":[{"href":"https:\/\/banusrentals.com\/es\/wp-json\/wp\/v2\/product"}],"about":[{"href":"https:\/\/banusrentals.com\/es\/wp-json\/wp\/v2\/types\/product"}],"replies":[{"embeddable":true,"href":"https:\/\/banusrentals.com\/es\/wp-json\/wp\/v2\/comments?post=12706"}],"wp:featuredmedia":[{"embeddable":true,"href":"https:\/\/banusrentals.com\/es\/wp-json\/wp\/v2\/media\/12710"}],"wp:attachment":[{"href":"https:\/\/banusrentals.com\/es\/wp-json\/wp\/v2\/media?parent=12706"}],"wp:term":[{"taxonomy":"product_brand","embeddable":true,"href":"https:\/\/banusrentals.com\/es\/wp-json\/wp\/v2\/product_brand?post=12706"},{"taxonomy":"product_cat","embeddable":true,"href":"https:\/\/banusrentals.com\/es\/wp-json\/wp\/v2\/product_cat?post=12706"},{"taxonomy":"product_tag","embeddable":true,"href":"https:\/\/banusrentals.com\/es\/wp-json\/wp\/v2\/product_tag?post=12706"}],"curies":[{"name":"wp","href":"https:\/\/api.w.org\/{rel}","templated":true}]}}