{"id":6888,"date":"2025-07-21T11:41:03","date_gmt":"2025-07-21T09:41:03","guid":{"rendered":"https:\/\/banusrentals.com\/producto\/atico-en-andalucia-del-mar-para-2-personas-adm-4-504\/"},"modified":"2026-04-23T03:26:03","modified_gmt":"2026-04-23T01:26:03","slug":"atico-en-andalucia-del-mar-para-2-personas-adm-4-504","status":"publish","type":"product","link":"https:\/\/banusrentals.com\/es\/atico-en-andalucia-del-mar-para-2-personas-adm-4-504-h1122\/","title":{"rendered":"\u00c1tico en Andaluc\u00eda del Mar para 2 personas | ADM 4-504"},"content":{"rendered":"","protected":false},"excerpt":{"rendered":"","protected":false},"featured_media":6892,"comment_status":"open","ping_status":"closed","template":"","meta":{"_acf_changed":false},"product_brand":[],"product_cat":[],"product_tag":[],"class_list":{"0":"post-6888","1":"product","2":"type-product","3":"status-publish","4":"has-post-thumbnail","6":"category-product-type-apartamento","7":"category-product-zone-puerto-banus","8":"category-product-zone-andalucia-del-mar-puerto-banus","10":"first","11":"instock","12":"shipping-taxable","13":"purchasable","14":"product-type-simple"},"acf":[],"yoast_head":"<!-- This site is optimized with the Yoast SEO plugin v24.8 - https:\/\/yoast.com\/wordpress\/plugins\/seo\/ -->\n<title>\u00c1tico en Andaluc\u00eda del Mar para 2 personas | ADM 4-504<\/title>\n<meta name=\"description\" content=\"Descubre este amplio \u00e1tico de 80 m\u00b2 con vistas panor\u00e1micas al Mediterr\u00e1neo, ideal para unas vacaciones rom\u00e1nticas en pareja en Puerto Ban\u00fas.\" \/>\n<meta name=\"robots\" content=\"index, follow, max-snippet:-1, max-image-preview:large, max-video-preview:-1\" \/>\n<link rel=\"canonical\" href=\"https:\/\/banusrentals.com\/es\/atico-en-andalucia-del-mar-para-2-personas-adm-4-504-h1122\/page\/1\/\" \/>\n<meta property=\"og:locale\" content=\"es_ES\" \/>\n<meta property=\"og:type\" content=\"article\" \/>\n<meta property=\"og:title\" content=\"\u00c1tico en Andaluc\u00eda del Mar para 2 personas | ADM 4-504\" \/>\n<meta property=\"og:description\" content=\"Descubre este amplio \u00e1tico de 80 m\u00b2 con vistas panor\u00e1micas al Mediterr\u00e1neo, ideal para unas vacaciones rom\u00e1nticas en pareja en Puerto Ban\u00fas.\" \/>\n<meta property=\"og:url\" content=\"https:\/\/banusrentals.com\/es\/atico-en-andalucia-del-mar-para-2-personas-adm-4-504-h1122\/\" \/>\n<meta property=\"og:site_name\" content=\"Banus Rentals\" \/>\n<meta property=\"article:publisher\" content=\"https:\/\/www.facebook.com\/BanusRentalsMarbella\" \/>\n<meta property=\"article:modified_time\" content=\"2026-04-23T01:26:03+00:00\" \/>\n<meta property=\"og:image\" content=\"https:\/\/banusrentals.com\/wp-content\/uploads\/2025\/07\/E1122F1x1400.jpg\" \/>\n\t<meta property=\"og:image:width\" content=\"1400\" \/>\n\t<meta property=\"og:image:height\" content=\"1050\" \/>\n\t<meta property=\"og:image:type\" content=\"image\/jpeg\" \/>\n<meta name=\"twitter:card\" content=\"summary_large_image\" \/>\n<script type=\"application\/ld+json\" class=\"yoast-schema-graph\">{\"@context\":\"https:\/\/schema.org\",\"@graph\":[{\"@type\":\"WebPage\",\"@id\":\"https:\/\/banusrentals.com\/es\/atico-en-andalucia-del-mar-para-2-personas-adm-4-504-h1122\/\",\"url\":\"https:\/\/banusrentals.com\/es\/atico-en-andalucia-del-mar-para-2-personas-adm-4-504-h1122\/\",\"name\":\"\u00c1tico en Andaluc\u00eda del Mar para 2 personas | ADM 4-504\",\"isPartOf\":{\"@id\":\"https:\/\/banusrentals.com\/es\/#website\"},\"primaryImageOfPage\":{\"@id\":\"https:\/\/banusrentals.com\/es\/atico-en-andalucia-del-mar-para-2-personas-adm-4-504-h1122\/#primaryimage\"},\"image\":{\"@id\":\"https:\/\/banusrentals.com\/es\/atico-en-andalucia-del-mar-para-2-personas-adm-4-504-h1122\/#primaryimage\"},\"thumbnailUrl\":\"https:\/\/banusrentals.com\/wp-content\/uploads\/2025\/07\/E1122F1x1400.jpg\",\"datePublished\":\"2025-07-21T09:41:03+00:00\",\"dateModified\":\"2026-04-23T01:26:03+00:00\",\"description\":\"Descubre este amplio \u00e1tico de 80 m\u00b2 con vistas panor\u00e1micas al Mediterr\u00e1neo, ideal para unas vacaciones rom\u00e1nticas en pareja en Puerto Ban\u00fas.\",\"breadcrumb\":{\"@id\":\"https:\/\/banusrentals.com\/es\/atico-en-andalucia-del-mar-para-2-personas-adm-4-504-h1122\/#breadcrumb\"},\"inLanguage\":\"es\",\"potentialAction\":[{\"@type\":\"ReadAction\",\"target\":[\"https:\/\/banusrentals.com\/es\/atico-en-andalucia-del-mar-para-2-personas-adm-4-504-h1122\/\"]}]},{\"@type\":\"ImageObject\",\"inLanguage\":\"es\",\"@id\":\"https:\/\/banusrentals.com\/es\/atico-en-andalucia-del-mar-para-2-personas-adm-4-504-h1122\/#primaryimage\",\"url\":\"https:\/\/banusrentals.com\/wp-content\/uploads\/2025\/07\/E1122F1x1400.jpg\",\"contentUrl\":\"https:\/\/banusrentals.com\/wp-content\/uploads\/2025\/07\/E1122F1x1400.jpg\",\"width\":1400,\"height\":1050},{\"@type\":\"BreadcrumbList\",\"@id\":\"https:\/\/banusrentals.com\/es\/atico-en-andalucia-del-mar-para-2-personas-adm-4-504-h1122\/#breadcrumb\",\"itemListElement\":[{\"@type\":\"ListItem\",\"position\":1,\"name\":\"Home\",\"item\":\"https:\/\/banusrentals.com\/es\/\"},{\"@type\":\"ListItem\",\"position\":2,\"name\":\"Productos\",\"item\":\"https:\/\/banusrentals.com\/es\/shop\/\"},{\"@type\":\"ListItem\",\"position\":3,\"name\":\"Puerto Ban\u00fas\",\"item\":\"https:\/\/banusrentals.com\/es\/alquiler-vacacional-puerto-banus\/\"},{\"@type\":\"ListItem\",\"position\":4,\"name\":\"Andaluc\u00eda del Mar\",\"item\":\"https:\/\/banusrentals.com\/es\/alquiler-vacacional-andalucia-del-mar\/\"},{\"@type\":\"ListItem\",\"position\":5,\"name\":\"\u00c1tico en Andaluc\u00eda del Mar para 2 personas | ADM 4-504\"}]},{\"@type\":\"WebSite\",\"@id\":\"https:\/\/banusrentals.com\/es\/#website\",\"url\":\"https:\/\/banusrentals.com\/es\/\",\"name\":\"Banus Rentals\",\"description\":\"\",\"potentialAction\":[{\"@type\":\"SearchAction\",\"target\":{\"@type\":\"EntryPoint\",\"urlTemplate\":\"https:\/\/banusrentals.com\/es\/?s={search_term_string}\"},\"query-input\":{\"@type\":\"PropertyValueSpecification\",\"valueRequired\":true,\"valueName\":\"search_term_string\"}}],\"inLanguage\":\"es\"}]}<\/script>\n<!-- \/ Yoast SEO plugin. -->","yoast_head_json":{"title":"\u00c1tico en Andaluc\u00eda del Mar para 2 personas | ADM 4-504","description":"Descubre este amplio \u00e1tico de 80 m\u00b2 con vistas panor\u00e1micas al Mediterr\u00e1neo, ideal para unas vacaciones rom\u00e1nticas en pareja en Puerto Ban\u00fas.","robots":{"index":"index","follow":"follow","max-snippet":"max-snippet:-1","max-image-preview":"max-image-preview:large","max-video-preview":"max-video-preview:-1"},"canonical":"https:\/\/banusrentals.com\/es\/atico-en-andalucia-del-mar-para-2-personas-adm-4-504-h1122\/page\/1\/","og_locale":"es_ES","og_type":"article","og_title":"\u00c1tico en Andaluc\u00eda del Mar para 2 personas | ADM 4-504","og_description":"Descubre este amplio \u00e1tico de 80 m\u00b2 con vistas panor\u00e1micas al Mediterr\u00e1neo, ideal para unas vacaciones rom\u00e1nticas en pareja en Puerto Ban\u00fas.","og_url":"https:\/\/banusrentals.com\/es\/atico-en-andalucia-del-mar-para-2-personas-adm-4-504-h1122\/","og_site_name":"Banus Rentals","article_publisher":"https:\/\/www.facebook.com\/BanusRentalsMarbella","article_modified_time":"2026-04-23T01:26:03+00:00","og_image":[{"width":1400,"height":1050,"url":"https:\/\/banusrentals.com\/wp-content\/uploads\/2025\/07\/E1122F1x1400.jpg","type":"image\/jpeg"}],"twitter_card":"summary_large_image","schema":{"@context":"https:\/\/schema.org","@graph":[{"@type":"WebPage","@id":"https:\/\/banusrentals.com\/es\/atico-en-andalucia-del-mar-para-2-personas-adm-4-504-h1122\/","url":"https:\/\/banusrentals.com\/es\/atico-en-andalucia-del-mar-para-2-personas-adm-4-504-h1122\/","name":"\u00c1tico en Andaluc\u00eda del Mar para 2 personas | ADM 4-504","isPartOf":{"@id":"https:\/\/banusrentals.com\/es\/#website"},"primaryImageOfPage":{"@id":"https:\/\/banusrentals.com\/es\/atico-en-andalucia-del-mar-para-2-personas-adm-4-504-h1122\/#primaryimage"},"image":{"@id":"https:\/\/banusrentals.com\/es\/atico-en-andalucia-del-mar-para-2-personas-adm-4-504-h1122\/#primaryimage"},"thumbnailUrl":"https:\/\/banusrentals.com\/wp-content\/uploads\/2025\/07\/E1122F1x1400.jpg","datePublished":"2025-07-21T09:41:03+00:00","dateModified":"2026-04-23T01:26:03+00:00","description":"Descubre este amplio \u00e1tico de 80 m\u00b2 con vistas panor\u00e1micas al Mediterr\u00e1neo, ideal para unas vacaciones rom\u00e1nticas en pareja en Puerto Ban\u00fas.","breadcrumb":{"@id":"https:\/\/banusrentals.com\/es\/atico-en-andalucia-del-mar-para-2-personas-adm-4-504-h1122\/#breadcrumb"},"inLanguage":"es","potentialAction":[{"@type":"ReadAction","target":["https:\/\/banusrentals.com\/es\/atico-en-andalucia-del-mar-para-2-personas-adm-4-504-h1122\/"]}]},{"@type":"ImageObject","inLanguage":"es","@id":"https:\/\/banusrentals.com\/es\/atico-en-andalucia-del-mar-para-2-personas-adm-4-504-h1122\/#primaryimage","url":"https:\/\/banusrentals.com\/wp-content\/uploads\/2025\/07\/E1122F1x1400.jpg","contentUrl":"https:\/\/banusrentals.com\/wp-content\/uploads\/2025\/07\/E1122F1x1400.jpg","width":1400,"height":1050},{"@type":"BreadcrumbList","@id":"https:\/\/banusrentals.com\/es\/atico-en-andalucia-del-mar-para-2-personas-adm-4-504-h1122\/#breadcrumb","itemListElement":[{"@type":"ListItem","position":1,"name":"Home","item":"https:\/\/banusrentals.com\/es\/"},{"@type":"ListItem","position":2,"name":"Productos","item":"https:\/\/banusrentals.com\/es\/shop\/"},{"@type":"ListItem","position":3,"name":"Puerto Ban\u00fas","item":"https:\/\/banusrentals.com\/es\/alquiler-vacacional-puerto-banus\/"},{"@type":"ListItem","position":4,"name":"Andaluc\u00eda del Mar","item":"https:\/\/banusrentals.com\/es\/alquiler-vacacional-andalucia-del-mar\/"},{"@type":"ListItem","position":5,"name":"\u00c1tico en Andaluc\u00eda del Mar para 2 personas | ADM 4-504"}]},{"@type":"WebSite","@id":"https:\/\/banusrentals.com\/es\/#website","url":"https:\/\/banusrentals.com\/es\/","name":"Banus Rentals","description":"","potentialAction":[{"@type":"SearchAction","target":{"@type":"EntryPoint","urlTemplate":"https:\/\/banusrentals.com\/es\/?s={search_term_string}"},"query-input":{"@type":"PropertyValueSpecification","valueRequired":true,"valueName":"search_term_string"}}],"inLanguage":"es"}]}},"_links":{"self":[{"href":"https:\/\/banusrentals.com\/es\/wp-json\/wp\/v2\/product\/6888","targetHints":{"allow":["GET"]}}],"collection":[{"href":"https:\/\/banusrentals.com\/es\/wp-json\/wp\/v2\/product"}],"about":[{"href":"https:\/\/banusrentals.com\/es\/wp-json\/wp\/v2\/types\/product"}],"replies":[{"embeddable":true,"href":"https:\/\/banusrentals.com\/es\/wp-json\/wp\/v2\/comments?post=6888"}],"wp:featuredmedia":[{"embeddable":true,"href":"https:\/\/banusrentals.com\/es\/wp-json\/wp\/v2\/media\/6892"}],"wp:attachment":[{"href":"https:\/\/banusrentals.com\/es\/wp-json\/wp\/v2\/media?parent=6888"}],"wp:term":[{"taxonomy":"product_brand","embeddable":true,"href":"https:\/\/banusrentals.com\/es\/wp-json\/wp\/v2\/product_brand?post=6888"},{"taxonomy":"product_cat","embeddable":true,"href":"https:\/\/banusrentals.com\/es\/wp-json\/wp\/v2\/product_cat?post=6888"},{"taxonomy":"product_tag","embeddable":true,"href":"https:\/\/banusrentals.com\/es\/wp-json\/wp\/v2\/product_tag?post=6888"}],"curies":[{"name":"wp","href":"https:\/\/api.w.org\/{rel}","templated":true}]}}