{"id":26334,"date":"2025-03-31T17:33:38","date_gmt":"2025-03-31T15:33:38","guid":{"rendered":"https:\/\/banusrentals.com\/?page_id=26334"},"modified":"2026-03-06T08:52:56","modified_gmt":"2026-03-06T07:52:56","slug":"accueil","status":"publish","type":"page","link":"https:\/\/banusrentals.com\/fr\/","title":{"rendered":"Accueil"},"content":{"rendered":"","protected":false},"excerpt":{"rendered":"","protected":false},"author":1,"featured_media":0,"parent":0,"menu_order":0,"comment_status":"closed","ping_status":"closed","template":"","meta":{"_acf_changed":false,"footnotes":""},"class_list":["post-26334","page","type-page","status-publish","hentry"],"acf":[],"yoast_head":"<!-- This site is optimized with the Yoast SEO plugin v24.8 - https:\/\/yoast.com\/wordpress\/plugins\/seo\/ -->\n<title>Banus Rentals : Locations de vacances \u00e0 Puerto Ban\u00fas et Marbella<\/title>\n<meta name=\"description\" content=\"Banus Rentals vous offre les meilleures locations de vacances \u00e0 Puerto Banus, Marbella et Estepona - r\u00e9servez maintenant !\" \/>\n<meta name=\"robots\" content=\"index, follow, max-snippet:-1, max-image-preview:large, max-video-preview:-1\" \/>\n<link rel=\"canonical\" href=\"https:\/\/banusrentals.com\/fr\/page\/1\/\" \/>\n<meta property=\"og:locale\" content=\"fr_FR\" \/>\n<meta property=\"og:type\" content=\"article\" \/>\n<meta property=\"og:title\" content=\"Banus Rentals : Locations de vacances \u00e0 Puerto Ban\u00fas et Marbella\" \/>\n<meta property=\"og:description\" content=\"Banus Rentals vous offre les meilleures locations de vacances \u00e0 Puerto Banus, Marbella et Estepona - r\u00e9servez maintenant !\" \/>\n<meta property=\"og:url\" content=\"https:\/\/banusrentals.com\/fr\/\" \/>\n<meta property=\"og:site_name\" content=\"Banus Rentals\" \/>\n<meta property=\"article:publisher\" content=\"https:\/\/www.facebook.com\/BanusRentalsMarbella\" \/>\n<meta property=\"article:modified_time\" content=\"2026-03-06T07:52:56+00:00\" \/>\n<meta name=\"twitter:card\" content=\"summary_large_image\" \/>\n<script type=\"application\/ld+json\" class=\"yoast-schema-graph\">{\"@context\":\"https:\/\/schema.org\",\"@graph\":[{\"@type\":\"WebPage\",\"@id\":\"https:\/\/banusrentals.com\/fr\/\",\"url\":\"https:\/\/banusrentals.com\/fr\/\",\"name\":\"Banus Rentals : Locations de vacances \u00e0 Puerto Ban\u00fas et Marbella\",\"isPartOf\":{\"@id\":\"https:\/\/banusrentals.com\/fr\/#website\"},\"datePublished\":\"2025-03-31T15:33:38+00:00\",\"dateModified\":\"2026-03-06T07:52:56+00:00\",\"description\":\"Banus Rentals vous offre les meilleures locations de vacances \u00e0 Puerto Banus, Marbella et Estepona - r\u00e9servez maintenant !\",\"breadcrumb\":{\"@id\":\"https:\/\/banusrentals.com\/fr\/#breadcrumb\"},\"inLanguage\":\"fr-FR\",\"potentialAction\":[{\"@type\":\"ReadAction\",\"target\":[\"https:\/\/banusrentals.com\/fr\/\"]}]},{\"@type\":\"BreadcrumbList\",\"@id\":\"https:\/\/banusrentals.com\/fr\/#breadcrumb\",\"itemListElement\":[{\"@type\":\"ListItem\",\"position\":1,\"name\":\"Accueil\",\"item\":\"https:\/\/banusrentals.com\/fr\/\"},{\"@type\":\"ListItem\",\"position\":2,\"name\":\"Accueil\"}]},{\"@type\":\"WebSite\",\"@id\":\"https:\/\/banusrentals.com\/fr\/#website\",\"url\":\"https:\/\/banusrentals.com\/fr\/\",\"name\":\"Banus Rentals\",\"description\":\"\",\"potentialAction\":[{\"@type\":\"SearchAction\",\"target\":{\"@type\":\"EntryPoint\",\"urlTemplate\":\"https:\/\/banusrentals.com\/fr\/?s={search_term_string}\"},\"query-input\":{\"@type\":\"PropertyValueSpecification\",\"valueRequired\":true,\"valueName\":\"search_term_string\"}}],\"inLanguage\":\"fr-FR\"}]}<\/script>\n<!-- \/ Yoast SEO plugin. -->","yoast_head_json":{"title":"Banus Rentals : Locations de vacances \u00e0 Puerto Ban\u00fas et Marbella","description":"Banus Rentals vous offre les meilleures locations de vacances \u00e0 Puerto Banus, Marbella et Estepona - r\u00e9servez maintenant !","robots":{"index":"index","follow":"follow","max-snippet":"max-snippet:-1","max-image-preview":"max-image-preview:large","max-video-preview":"max-video-preview:-1"},"canonical":"https:\/\/banusrentals.com\/fr\/page\/1\/","og_locale":"fr_FR","og_type":"article","og_title":"Banus Rentals : Locations de vacances \u00e0 Puerto Ban\u00fas et Marbella","og_description":"Banus Rentals vous offre les meilleures locations de vacances \u00e0 Puerto Banus, Marbella et Estepona - r\u00e9servez maintenant !","og_url":"https:\/\/banusrentals.com\/fr\/","og_site_name":"Banus Rentals","article_publisher":"https:\/\/www.facebook.com\/BanusRentalsMarbella","article_modified_time":"2026-03-06T07:52:56+00:00","twitter_card":"summary_large_image","schema":{"@context":"https:\/\/schema.org","@graph":[{"@type":"WebPage","@id":"https:\/\/banusrentals.com\/fr\/","url":"https:\/\/banusrentals.com\/fr\/","name":"Banus Rentals : Locations de vacances \u00e0 Puerto Ban\u00fas et Marbella","isPartOf":{"@id":"https:\/\/banusrentals.com\/fr\/#website"},"datePublished":"2025-03-31T15:33:38+00:00","dateModified":"2026-03-06T07:52:56+00:00","description":"Banus Rentals vous offre les meilleures locations de vacances \u00e0 Puerto Banus, Marbella et Estepona - r\u00e9servez maintenant !","breadcrumb":{"@id":"https:\/\/banusrentals.com\/fr\/#breadcrumb"},"inLanguage":"fr-FR","potentialAction":[{"@type":"ReadAction","target":["https:\/\/banusrentals.com\/fr\/"]}]},{"@type":"BreadcrumbList","@id":"https:\/\/banusrentals.com\/fr\/#breadcrumb","itemListElement":[{"@type":"ListItem","position":1,"name":"Accueil","item":"https:\/\/banusrentals.com\/fr\/"},{"@type":"ListItem","position":2,"name":"Accueil"}]},{"@type":"WebSite","@id":"https:\/\/banusrentals.com\/fr\/#website","url":"https:\/\/banusrentals.com\/fr\/","name":"Banus Rentals","description":"","potentialAction":[{"@type":"SearchAction","target":{"@type":"EntryPoint","urlTemplate":"https:\/\/banusrentals.com\/fr\/?s={search_term_string}"},"query-input":{"@type":"PropertyValueSpecification","valueRequired":true,"valueName":"search_term_string"}}],"inLanguage":"fr-FR"}]}},"_links":{"self":[{"href":"https:\/\/banusrentals.com\/fr\/wp-json\/wp\/v2\/pages\/26334","targetHints":{"allow":["GET"]}}],"collection":[{"href":"https:\/\/banusrentals.com\/fr\/wp-json\/wp\/v2\/pages"}],"about":[{"href":"https:\/\/banusrentals.com\/fr\/wp-json\/wp\/v2\/types\/page"}],"author":[{"embeddable":true,"href":"https:\/\/banusrentals.com\/fr\/wp-json\/wp\/v2\/users\/1"}],"replies":[{"embeddable":true,"href":"https:\/\/banusrentals.com\/fr\/wp-json\/wp\/v2\/comments?post=26334"}],"version-history":[{"count":14,"href":"https:\/\/banusrentals.com\/fr\/wp-json\/wp\/v2\/pages\/26334\/revisions"}],"predecessor-version":[{"id":30358,"href":"https:\/\/banusrentals.com\/fr\/wp-json\/wp\/v2\/pages\/26334\/revisions\/30358"}],"wp:attachment":[{"href":"https:\/\/banusrentals.com\/fr\/wp-json\/wp\/v2\/media?parent=26334"}],"curies":[{"name":"wp","href":"https:\/\/api.w.org\/{rel}","templated":true}]}}