{"id":26349,"date":"2025-06-12T09:14:38","date_gmt":"2025-06-12T07:14:38","guid":{"rendered":"https:\/\/banusrentals.com\/?page_id=26349"},"modified":"2025-09-17T15:29:14","modified_gmt":"2025-09-17T13:29:14","slug":"ou-manger","status":"publish","type":"page","link":"https:\/\/banusrentals.com\/fr\/decouvrez-marbella\/ou-manger\/","title":{"rendered":"O\u00f9 manger"},"content":{"rendered":"","protected":false},"excerpt":{"rendered":"<p>Marbella concentre la majorit\u00e9 des restaurants de la Costa del Sol. D\u00e9couvrez pourquoi la ville est r\u00e9put\u00e9e pour sa sc\u00e8ne gastronomique.<\/p>\n","protected":false},"author":1,"featured_media":1686,"parent":26342,"menu_order":0,"comment_status":"closed","ping_status":"closed","template":"","meta":{"_acf_changed":false,"footnotes":""},"class_list":["post-26349","page","type-page","status-publish","has-post-thumbnail","hentry"],"acf":[],"yoast_head":"<!-- This site is optimized with the Yoast SEO plugin v24.8 - https:\/\/yoast.com\/wordpress\/plugins\/seo\/ -->\n<title>O\u00f9 manger - Banus Rentals<\/title>\n<meta name=\"description\" content=\"O\u00f9 manger \u00e0 Marbella : tapas, chiringuitos, cuisine internationale et gastronomie. Savourez la Costa del Sol. D\u00e9couvrez-le vite\u202f!\" \/>\n<meta name=\"robots\" content=\"index, follow, max-snippet:-1, max-image-preview:large, max-video-preview:-1\" \/>\n<link rel=\"canonical\" href=\"https:\/\/banusrentals.com\/fr\/decouvrez-marbella\/ou-manger\/page\/1\/\" \/>\n<meta property=\"og:locale\" content=\"fr_FR\" \/>\n<meta property=\"og:type\" content=\"article\" \/>\n<meta property=\"og:title\" content=\"O\u00f9 manger - Banus Rentals\" \/>\n<meta property=\"og:description\" content=\"O\u00f9 manger \u00e0 Marbella : tapas, chiringuitos, cuisine internationale et gastronomie. Savourez la Costa del Sol. D\u00e9couvrez-le vite\u202f!\" \/>\n<meta property=\"og:url\" content=\"https:\/\/banusrentals.com\/fr\/decouvrez-marbella\/ou-manger\/\" \/>\n<meta property=\"og:site_name\" content=\"Banus Rentals\" \/>\n<meta property=\"article:publisher\" content=\"https:\/\/www.facebook.com\/BanusRentalsMarbella\" \/>\n<meta property=\"article:modified_time\" content=\"2025-09-17T13:29:14+00:00\" \/>\n<meta property=\"og:image\" content=\"https:\/\/banusrentals.com\/wp-content\/uploads\/2025\/06\/comer.jpg\" \/>\n\t<meta property=\"og:image:width\" content=\"760\" \/>\n\t<meta property=\"og:image:height\" content=\"1200\" \/>\n\t<meta property=\"og:image:type\" content=\"image\/jpeg\" \/>\n<meta name=\"twitter:card\" content=\"summary_large_image\" \/>\n<meta name=\"twitter:label1\" content=\"Dur\u00e9e de lecture estim\u00e9e\" \/>\n\t<meta name=\"twitter:data1\" content=\"1 minute\" \/>\n<script type=\"application\/ld+json\" class=\"yoast-schema-graph\">{\"@context\":\"https:\/\/schema.org\",\"@graph\":[{\"@type\":\"WebPage\",\"@id\":\"https:\/\/banusrentals.com\/fr\/decouvrez-marbella\/ou-manger\/\",\"url\":\"https:\/\/banusrentals.com\/fr\/decouvrez-marbella\/ou-manger\/\",\"name\":\"O\u00f9 manger - Banus Rentals\",\"isPartOf\":{\"@id\":\"https:\/\/banusrentals.com\/fr\/#website\"},\"primaryImageOfPage\":{\"@id\":\"https:\/\/banusrentals.com\/fr\/decouvrez-marbella\/ou-manger\/#primaryimage\"},\"image\":{\"@id\":\"https:\/\/banusrentals.com\/fr\/decouvrez-marbella\/ou-manger\/#primaryimage\"},\"thumbnailUrl\":\"https:\/\/banusrentals.com\/wp-content\/uploads\/2025\/06\/comer.jpg\",\"datePublished\":\"2025-06-12T07:14:38+00:00\",\"dateModified\":\"2025-09-17T13:29:14+00:00\",\"description\":\"O\u00f9 manger \u00e0 Marbella : tapas, chiringuitos, cuisine internationale et gastronomie. Savourez la Costa del Sol. D\u00e9couvrez-le vite\u202f!\",\"breadcrumb\":{\"@id\":\"https:\/\/banusrentals.com\/fr\/decouvrez-marbella\/ou-manger\/#breadcrumb\"},\"inLanguage\":\"fr-FR\",\"potentialAction\":[{\"@type\":\"ReadAction\",\"target\":[\"https:\/\/banusrentals.com\/fr\/decouvrez-marbella\/ou-manger\/\"]}]},{\"@type\":\"ImageObject\",\"inLanguage\":\"fr-FR\",\"@id\":\"https:\/\/banusrentals.com\/fr\/decouvrez-marbella\/ou-manger\/#primaryimage\",\"url\":\"https:\/\/banusrentals.com\/wp-content\/uploads\/2025\/06\/comer.jpg\",\"contentUrl\":\"https:\/\/banusrentals.com\/wp-content\/uploads\/2025\/06\/comer.jpg\",\"width\":760,\"height\":1200},{\"@type\":\"BreadcrumbList\",\"@id\":\"https:\/\/banusrentals.com\/fr\/decouvrez-marbella\/ou-manger\/#breadcrumb\",\"itemListElement\":[{\"@type\":\"ListItem\",\"position\":1,\"name\":\"Accueil\",\"item\":\"https:\/\/banusrentals.com\/fr\/\"},{\"@type\":\"ListItem\",\"position\":2,\"name\":\"D\u00e9couvrez Marbella\",\"item\":\"https:\/\/banusrentals.com\/fr\/discover-marbella\/\"},{\"@type\":\"ListItem\",\"position\":3,\"name\":\"O\u00f9 manger\"}]},{\"@type\":\"WebSite\",\"@id\":\"https:\/\/banusrentals.com\/fr\/#website\",\"url\":\"https:\/\/banusrentals.com\/fr\/\",\"name\":\"Banus Rentals\",\"description\":\"\",\"potentialAction\":[{\"@type\":\"SearchAction\",\"target\":{\"@type\":\"EntryPoint\",\"urlTemplate\":\"https:\/\/banusrentals.com\/fr\/?s={search_term_string}\"},\"query-input\":{\"@type\":\"PropertyValueSpecification\",\"valueRequired\":true,\"valueName\":\"search_term_string\"}}],\"inLanguage\":\"fr-FR\"}]}<\/script>\n<!-- \/ Yoast SEO plugin. -->","yoast_head_json":{"title":"O\u00f9 manger - Banus Rentals","description":"O\u00f9 manger \u00e0 Marbella : tapas, chiringuitos, cuisine internationale et gastronomie. Savourez la Costa del Sol. D\u00e9couvrez-le vite\u202f!","robots":{"index":"index","follow":"follow","max-snippet":"max-snippet:-1","max-image-preview":"max-image-preview:large","max-video-preview":"max-video-preview:-1"},"canonical":"https:\/\/banusrentals.com\/fr\/decouvrez-marbella\/ou-manger\/page\/1\/","og_locale":"fr_FR","og_type":"article","og_title":"O\u00f9 manger - Banus Rentals","og_description":"O\u00f9 manger \u00e0 Marbella : tapas, chiringuitos, cuisine internationale et gastronomie. Savourez la Costa del Sol. D\u00e9couvrez-le vite\u202f!","og_url":"https:\/\/banusrentals.com\/fr\/decouvrez-marbella\/ou-manger\/","og_site_name":"Banus Rentals","article_publisher":"https:\/\/www.facebook.com\/BanusRentalsMarbella","article_modified_time":"2025-09-17T13:29:14+00:00","og_image":[{"width":760,"height":1200,"url":"https:\/\/banusrentals.com\/wp-content\/uploads\/2025\/06\/comer.jpg","type":"image\/jpeg"}],"twitter_card":"summary_large_image","twitter_misc":{"Dur\u00e9e de lecture estim\u00e9e":"1 minute"},"schema":{"@context":"https:\/\/schema.org","@graph":[{"@type":"WebPage","@id":"https:\/\/banusrentals.com\/fr\/decouvrez-marbella\/ou-manger\/","url":"https:\/\/banusrentals.com\/fr\/decouvrez-marbella\/ou-manger\/","name":"O\u00f9 manger - Banus Rentals","isPartOf":{"@id":"https:\/\/banusrentals.com\/fr\/#website"},"primaryImageOfPage":{"@id":"https:\/\/banusrentals.com\/fr\/decouvrez-marbella\/ou-manger\/#primaryimage"},"image":{"@id":"https:\/\/banusrentals.com\/fr\/decouvrez-marbella\/ou-manger\/#primaryimage"},"thumbnailUrl":"https:\/\/banusrentals.com\/wp-content\/uploads\/2025\/06\/comer.jpg","datePublished":"2025-06-12T07:14:38+00:00","dateModified":"2025-09-17T13:29:14+00:00","description":"O\u00f9 manger \u00e0 Marbella : tapas, chiringuitos, cuisine internationale et gastronomie. Savourez la Costa del Sol. D\u00e9couvrez-le vite\u202f!","breadcrumb":{"@id":"https:\/\/banusrentals.com\/fr\/decouvrez-marbella\/ou-manger\/#breadcrumb"},"inLanguage":"fr-FR","potentialAction":[{"@type":"ReadAction","target":["https:\/\/banusrentals.com\/fr\/decouvrez-marbella\/ou-manger\/"]}]},{"@type":"ImageObject","inLanguage":"fr-FR","@id":"https:\/\/banusrentals.com\/fr\/decouvrez-marbella\/ou-manger\/#primaryimage","url":"https:\/\/banusrentals.com\/wp-content\/uploads\/2025\/06\/comer.jpg","contentUrl":"https:\/\/banusrentals.com\/wp-content\/uploads\/2025\/06\/comer.jpg","width":760,"height":1200},{"@type":"BreadcrumbList","@id":"https:\/\/banusrentals.com\/fr\/decouvrez-marbella\/ou-manger\/#breadcrumb","itemListElement":[{"@type":"ListItem","position":1,"name":"Accueil","item":"https:\/\/banusrentals.com\/fr\/"},{"@type":"ListItem","position":2,"name":"D\u00e9couvrez Marbella","item":"https:\/\/banusrentals.com\/fr\/discover-marbella\/"},{"@type":"ListItem","position":3,"name":"O\u00f9 manger"}]},{"@type":"WebSite","@id":"https:\/\/banusrentals.com\/fr\/#website","url":"https:\/\/banusrentals.com\/fr\/","name":"Banus Rentals","description":"","potentialAction":[{"@type":"SearchAction","target":{"@type":"EntryPoint","urlTemplate":"https:\/\/banusrentals.com\/fr\/?s={search_term_string}"},"query-input":{"@type":"PropertyValueSpecification","valueRequired":true,"valueName":"search_term_string"}}],"inLanguage":"fr-FR"}]}},"_links":{"self":[{"href":"https:\/\/banusrentals.com\/fr\/wp-json\/wp\/v2\/pages\/26349","targetHints":{"allow":["GET"]}}],"collection":[{"href":"https:\/\/banusrentals.com\/fr\/wp-json\/wp\/v2\/pages"}],"about":[{"href":"https:\/\/banusrentals.com\/fr\/wp-json\/wp\/v2\/types\/page"}],"author":[{"embeddable":true,"href":"https:\/\/banusrentals.com\/fr\/wp-json\/wp\/v2\/users\/1"}],"replies":[{"embeddable":true,"href":"https:\/\/banusrentals.com\/fr\/wp-json\/wp\/v2\/comments?post=26349"}],"version-history":[{"count":5,"href":"https:\/\/banusrentals.com\/fr\/wp-json\/wp\/v2\/pages\/26349\/revisions"}],"predecessor-version":[{"id":28156,"href":"https:\/\/banusrentals.com\/fr\/wp-json\/wp\/v2\/pages\/26349\/revisions\/28156"}],"up":[{"embeddable":true,"href":"https:\/\/banusrentals.com\/fr\/wp-json\/wp\/v2\/pages\/26342"}],"wp:featuredmedia":[{"embeddable":true,"href":"https:\/\/banusrentals.com\/fr\/wp-json\/wp\/v2\/media\/1686"}],"wp:attachment":[{"href":"https:\/\/banusrentals.com\/fr\/wp-json\/wp\/v2\/media?parent=26349"}],"curies":[{"name":"wp","href":"https:\/\/api.w.org\/{rel}","templated":true}]}}