{"id":26361,"date":"2025-06-12T09:12:28","date_gmt":"2025-06-12T07:12:28","guid":{"rendered":"https:\/\/banusrentals.com\/?page_id=26361"},"modified":"2025-08-04T11:31:20","modified_gmt":"2025-08-04T09:31:20","slug":"traditions-et-fetes","status":"publish","type":"page","link":"https:\/\/banusrentals.com\/fr\/decouvrez-marbella\/traditions-et-fetes\/","title":{"rendered":"Traditions et f\u00eates"},"content":{"rendered":"","protected":false},"excerpt":{"rendered":"<p>Marbella est une ville profond\u00e9ment enracin\u00e9e dans ses traditions populaires, ce qui se refl\u00e8te dans ses f\u00eates et coutumes, impr\u00e9gn\u00e9es de l\u2019intensit\u00e9 andalouse, de joie et de couleurs.<\/p>\n","protected":false},"author":1,"featured_media":1704,"parent":26342,"menu_order":0,"comment_status":"closed","ping_status":"closed","template":"","meta":{"_acf_changed":false,"footnotes":""},"class_list":["post-26361","page","type-page","status-publish","has-post-thumbnail","hentry"],"acf":[],"yoast_head":"<!-- This site is optimized with the Yoast SEO plugin v24.8 - https:\/\/yoast.com\/wordpress\/plugins\/seo\/ -->\n<title>Traditions et F\u00eates - Banus Rentals<\/title>\n<meta name=\"description\" content=\"Tradition et f\u00eates \u00e0 Marbella : joie andalouse, musique, danse et saveurs locales. Profitez toute l\u2019ann\u00e9e. Planifiez votre voyage\u202f!\" \/>\n<meta name=\"robots\" content=\"index, follow, max-snippet:-1, max-image-preview:large, max-video-preview:-1\" \/>\n<link rel=\"canonical\" href=\"https:\/\/banusrentals.com\/fr\/decouvrez-marbella\/traditions-et-fetes\/page\/1\/\" \/>\n<meta property=\"og:locale\" content=\"fr_FR\" \/>\n<meta property=\"og:type\" content=\"article\" \/>\n<meta property=\"og:title\" content=\"Traditions et F\u00eates - Banus Rentals\" \/>\n<meta property=\"og:description\" content=\"Tradition et f\u00eates \u00e0 Marbella : joie andalouse, musique, danse et saveurs locales. Profitez toute l\u2019ann\u00e9e. Planifiez votre voyage\u202f!\" \/>\n<meta property=\"og:url\" content=\"https:\/\/banusrentals.com\/fr\/decouvrez-marbella\/traditions-et-fetes\/\" \/>\n<meta property=\"og:site_name\" content=\"Banus Rentals\" \/>\n<meta property=\"article:publisher\" content=\"https:\/\/www.facebook.com\/BanusRentalsMarbella\" \/>\n<meta property=\"article:modified_time\" content=\"2025-08-04T09:31:20+00:00\" \/>\n<meta property=\"og:image\" content=\"https:\/\/banusrentals.com\/wp-content\/uploads\/2025\/06\/tradicion.jpg\" \/>\n\t<meta property=\"og:image:width\" content=\"760\" \/>\n\t<meta property=\"og:image:height\" content=\"1200\" \/>\n\t<meta property=\"og:image:type\" content=\"image\/jpeg\" \/>\n<meta name=\"twitter:card\" content=\"summary_large_image\" \/>\n<meta name=\"twitter:label1\" content=\"Dur\u00e9e de lecture estim\u00e9e\" \/>\n\t<meta name=\"twitter:data1\" content=\"1 minute\" \/>\n<script type=\"application\/ld+json\" class=\"yoast-schema-graph\">{\"@context\":\"https:\/\/schema.org\",\"@graph\":[{\"@type\":\"WebPage\",\"@id\":\"https:\/\/banusrentals.com\/fr\/decouvrez-marbella\/traditions-et-fetes\/\",\"url\":\"https:\/\/banusrentals.com\/fr\/decouvrez-marbella\/traditions-et-fetes\/\",\"name\":\"Traditions et F\u00eates - Banus Rentals\",\"isPartOf\":{\"@id\":\"https:\/\/banusrentals.com\/fr\/#website\"},\"primaryImageOfPage\":{\"@id\":\"https:\/\/banusrentals.com\/fr\/decouvrez-marbella\/traditions-et-fetes\/#primaryimage\"},\"image\":{\"@id\":\"https:\/\/banusrentals.com\/fr\/decouvrez-marbella\/traditions-et-fetes\/#primaryimage\"},\"thumbnailUrl\":\"https:\/\/banusrentals.com\/wp-content\/uploads\/2025\/06\/tradicion.jpg\",\"datePublished\":\"2025-06-12T07:12:28+00:00\",\"dateModified\":\"2025-08-04T09:31:20+00:00\",\"description\":\"Tradition et f\u00eates \u00e0 Marbella : joie andalouse, musique, danse et saveurs locales. Profitez toute l\u2019ann\u00e9e. Planifiez votre voyage\u202f!\",\"breadcrumb\":{\"@id\":\"https:\/\/banusrentals.com\/fr\/decouvrez-marbella\/traditions-et-fetes\/#breadcrumb\"},\"inLanguage\":\"fr-FR\",\"potentialAction\":[{\"@type\":\"ReadAction\",\"target\":[\"https:\/\/banusrentals.com\/fr\/decouvrez-marbella\/traditions-et-fetes\/\"]}]},{\"@type\":\"ImageObject\",\"inLanguage\":\"fr-FR\",\"@id\":\"https:\/\/banusrentals.com\/fr\/decouvrez-marbella\/traditions-et-fetes\/#primaryimage\",\"url\":\"https:\/\/banusrentals.com\/wp-content\/uploads\/2025\/06\/tradicion.jpg\",\"contentUrl\":\"https:\/\/banusrentals.com\/wp-content\/uploads\/2025\/06\/tradicion.jpg\",\"width\":760,\"height\":1200,\"caption\":\"tradicion y fiestas marbella\"},{\"@type\":\"BreadcrumbList\",\"@id\":\"https:\/\/banusrentals.com\/fr\/decouvrez-marbella\/traditions-et-fetes\/#breadcrumb\",\"itemListElement\":[{\"@type\":\"ListItem\",\"position\":1,\"name\":\"Accueil\",\"item\":\"https:\/\/banusrentals.com\/fr\/\"},{\"@type\":\"ListItem\",\"position\":2,\"name\":\"D\u00e9couvrez Marbella\",\"item\":\"https:\/\/banusrentals.com\/fr\/discover-marbella\/\"},{\"@type\":\"ListItem\",\"position\":3,\"name\":\"Traditions et f\u00eates\"}]},{\"@type\":\"WebSite\",\"@id\":\"https:\/\/banusrentals.com\/fr\/#website\",\"url\":\"https:\/\/banusrentals.com\/fr\/\",\"name\":\"Banus Rentals\",\"description\":\"\",\"potentialAction\":[{\"@type\":\"SearchAction\",\"target\":{\"@type\":\"EntryPoint\",\"urlTemplate\":\"https:\/\/banusrentals.com\/fr\/?s={search_term_string}\"},\"query-input\":{\"@type\":\"PropertyValueSpecification\",\"valueRequired\":true,\"valueName\":\"search_term_string\"}}],\"inLanguage\":\"fr-FR\"}]}<\/script>\n<!-- \/ Yoast SEO plugin. -->","yoast_head_json":{"title":"Traditions et F\u00eates - Banus Rentals","description":"Tradition et f\u00eates \u00e0 Marbella : joie andalouse, musique, danse et saveurs locales. Profitez toute l\u2019ann\u00e9e. Planifiez votre voyage\u202f!","robots":{"index":"index","follow":"follow","max-snippet":"max-snippet:-1","max-image-preview":"max-image-preview:large","max-video-preview":"max-video-preview:-1"},"canonical":"https:\/\/banusrentals.com\/fr\/decouvrez-marbella\/traditions-et-fetes\/page\/1\/","og_locale":"fr_FR","og_type":"article","og_title":"Traditions et F\u00eates - Banus Rentals","og_description":"Tradition et f\u00eates \u00e0 Marbella : joie andalouse, musique, danse et saveurs locales. Profitez toute l\u2019ann\u00e9e. Planifiez votre voyage\u202f!","og_url":"https:\/\/banusrentals.com\/fr\/decouvrez-marbella\/traditions-et-fetes\/","og_site_name":"Banus Rentals","article_publisher":"https:\/\/www.facebook.com\/BanusRentalsMarbella","article_modified_time":"2025-08-04T09:31:20+00:00","og_image":[{"width":760,"height":1200,"url":"https:\/\/banusrentals.com\/wp-content\/uploads\/2025\/06\/tradicion.jpg","type":"image\/jpeg"}],"twitter_card":"summary_large_image","twitter_misc":{"Dur\u00e9e de lecture estim\u00e9e":"1 minute"},"schema":{"@context":"https:\/\/schema.org","@graph":[{"@type":"WebPage","@id":"https:\/\/banusrentals.com\/fr\/decouvrez-marbella\/traditions-et-fetes\/","url":"https:\/\/banusrentals.com\/fr\/decouvrez-marbella\/traditions-et-fetes\/","name":"Traditions et F\u00eates - Banus Rentals","isPartOf":{"@id":"https:\/\/banusrentals.com\/fr\/#website"},"primaryImageOfPage":{"@id":"https:\/\/banusrentals.com\/fr\/decouvrez-marbella\/traditions-et-fetes\/#primaryimage"},"image":{"@id":"https:\/\/banusrentals.com\/fr\/decouvrez-marbella\/traditions-et-fetes\/#primaryimage"},"thumbnailUrl":"https:\/\/banusrentals.com\/wp-content\/uploads\/2025\/06\/tradicion.jpg","datePublished":"2025-06-12T07:12:28+00:00","dateModified":"2025-08-04T09:31:20+00:00","description":"Tradition et f\u00eates \u00e0 Marbella : joie andalouse, musique, danse et saveurs locales. Profitez toute l\u2019ann\u00e9e. Planifiez votre voyage\u202f!","breadcrumb":{"@id":"https:\/\/banusrentals.com\/fr\/decouvrez-marbella\/traditions-et-fetes\/#breadcrumb"},"inLanguage":"fr-FR","potentialAction":[{"@type":"ReadAction","target":["https:\/\/banusrentals.com\/fr\/decouvrez-marbella\/traditions-et-fetes\/"]}]},{"@type":"ImageObject","inLanguage":"fr-FR","@id":"https:\/\/banusrentals.com\/fr\/decouvrez-marbella\/traditions-et-fetes\/#primaryimage","url":"https:\/\/banusrentals.com\/wp-content\/uploads\/2025\/06\/tradicion.jpg","contentUrl":"https:\/\/banusrentals.com\/wp-content\/uploads\/2025\/06\/tradicion.jpg","width":760,"height":1200,"caption":"tradicion y fiestas marbella"},{"@type":"BreadcrumbList","@id":"https:\/\/banusrentals.com\/fr\/decouvrez-marbella\/traditions-et-fetes\/#breadcrumb","itemListElement":[{"@type":"ListItem","position":1,"name":"Accueil","item":"https:\/\/banusrentals.com\/fr\/"},{"@type":"ListItem","position":2,"name":"D\u00e9couvrez Marbella","item":"https:\/\/banusrentals.com\/fr\/discover-marbella\/"},{"@type":"ListItem","position":3,"name":"Traditions et f\u00eates"}]},{"@type":"WebSite","@id":"https:\/\/banusrentals.com\/fr\/#website","url":"https:\/\/banusrentals.com\/fr\/","name":"Banus Rentals","description":"","potentialAction":[{"@type":"SearchAction","target":{"@type":"EntryPoint","urlTemplate":"https:\/\/banusrentals.com\/fr\/?s={search_term_string}"},"query-input":{"@type":"PropertyValueSpecification","valueRequired":true,"valueName":"search_term_string"}}],"inLanguage":"fr-FR"}]}},"_links":{"self":[{"href":"https:\/\/banusrentals.com\/fr\/wp-json\/wp\/v2\/pages\/26361","targetHints":{"allow":["GET"]}}],"collection":[{"href":"https:\/\/banusrentals.com\/fr\/wp-json\/wp\/v2\/pages"}],"about":[{"href":"https:\/\/banusrentals.com\/fr\/wp-json\/wp\/v2\/types\/page"}],"author":[{"embeddable":true,"href":"https:\/\/banusrentals.com\/fr\/wp-json\/wp\/v2\/users\/1"}],"replies":[{"embeddable":true,"href":"https:\/\/banusrentals.com\/fr\/wp-json\/wp\/v2\/comments?post=26361"}],"version-history":[{"count":3,"href":"https:\/\/banusrentals.com\/fr\/wp-json\/wp\/v2\/pages\/26361\/revisions"}],"predecessor-version":[{"id":27438,"href":"https:\/\/banusrentals.com\/fr\/wp-json\/wp\/v2\/pages\/26361\/revisions\/27438"}],"up":[{"embeddable":true,"href":"https:\/\/banusrentals.com\/fr\/wp-json\/wp\/v2\/pages\/26342"}],"wp:featuredmedia":[{"embeddable":true,"href":"https:\/\/banusrentals.com\/fr\/wp-json\/wp\/v2\/media\/1704"}],"wp:attachment":[{"href":"https:\/\/banusrentals.com\/fr\/wp-json\/wp\/v2\/media?parent=26361"}],"curies":[{"name":"wp","href":"https:\/\/api.w.org\/{rel}","templated":true}]}}