{"id":26364,"date":"2025-06-06T08:42:27","date_gmt":"2025-06-06T06:42:27","guid":{"rendered":"https:\/\/banusrentals.com\/?page_id=26364"},"modified":"2025-10-24T13:48:57","modified_gmt":"2025-10-24T11:48:57","slug":"location-de-vacances-a-malaga","status":"publish","type":"page","link":"https:\/\/banusrentals.com\/fr\/location-de-vacances-a-costa-del-sol\/","title":{"rendered":"Location de vacances \u00e0 Costa del Sol"},"content":{"rendered":"","protected":false},"excerpt":{"rendered":"","protected":false},"author":1,"featured_media":0,"parent":0,"menu_order":0,"comment_status":"closed","ping_status":"closed","template":"template-rental.php","meta":{"_acf_changed":false,"footnotes":""},"class_list":["post-26364","page","type-page","status-publish","hentry"],"acf":[],"yoast_head":"<!-- This site is optimized with the Yoast SEO plugin v24.8 - https:\/\/yoast.com\/wordpress\/plugins\/seo\/ -->\n<title>Propri\u00e9t\u00e9s en Puerto Ban\u00fas, Marbella et Estepona | Banus Rentals<\/title>\n<meta name=\"description\" content=\"Profitez de logements exclusifs \u00e0 Malaga : villas \u00e0 Puerto Ban\u00fas et appartements en bord de mer. Des vacances inoubliables sur la Costa del Sol.\" \/>\n<meta name=\"robots\" content=\"index, follow, max-snippet:-1, max-image-preview:large, max-video-preview:-1\" \/>\n<link rel=\"canonical\" href=\"https:\/\/banusrentals.com\/fr\/location-de-vacances-a-costa-del-sol\/page\/1\/\" \/>\n<meta property=\"og:locale\" content=\"fr_FR\" \/>\n<meta property=\"og:type\" content=\"article\" \/>\n<meta property=\"og:title\" content=\"Propri\u00e9t\u00e9s en Puerto Ban\u00fas, Marbella et Estepona | Banus Rentals\" \/>\n<meta property=\"og:description\" content=\"Profitez de logements exclusifs \u00e0 Malaga : villas \u00e0 Puerto Ban\u00fas et appartements en bord de mer. Des vacances inoubliables sur la Costa del Sol.\" \/>\n<meta property=\"og:url\" content=\"https:\/\/banusrentals.com\/fr\/location-de-vacances-a-costa-del-sol\/\" \/>\n<meta property=\"og:site_name\" content=\"Banus Rentals\" \/>\n<meta property=\"article:publisher\" content=\"https:\/\/www.facebook.com\/BanusRentalsMarbella\" \/>\n<meta property=\"article:modified_time\" content=\"2025-10-24T11:48:57+00:00\" \/>\n<meta name=\"twitter:card\" content=\"summary_large_image\" \/>\n<script type=\"application\/ld+json\" class=\"yoast-schema-graph\">{\"@context\":\"https:\/\/schema.org\",\"@graph\":[{\"@type\":\"WebPage\",\"@id\":\"https:\/\/banusrentals.com\/fr\/location-de-vacances-a-costa-del-sol\/\",\"url\":\"https:\/\/banusrentals.com\/fr\/location-de-vacances-a-costa-del-sol\/\",\"name\":\"Propri\u00e9t\u00e9s en Puerto Ban\u00fas, Marbella et Estepona | Banus Rentals\",\"isPartOf\":{\"@id\":\"https:\/\/banusrentals.com\/fr\/#website\"},\"datePublished\":\"2025-06-06T06:42:27+00:00\",\"dateModified\":\"2025-10-24T11:48:57+00:00\",\"description\":\"Profitez de logements exclusifs \u00e0 Malaga : villas \u00e0 Puerto Ban\u00fas et appartements en bord de mer. Des vacances inoubliables sur la Costa del Sol.\",\"breadcrumb\":{\"@id\":\"https:\/\/banusrentals.com\/fr\/location-de-vacances-a-costa-del-sol\/#breadcrumb\"},\"inLanguage\":\"fr-FR\",\"potentialAction\":[{\"@type\":\"ReadAction\",\"target\":[\"https:\/\/banusrentals.com\/fr\/location-de-vacances-a-costa-del-sol\/\"]}]},{\"@type\":\"BreadcrumbList\",\"@id\":\"https:\/\/banusrentals.com\/fr\/location-de-vacances-a-costa-del-sol\/#breadcrumb\",\"itemListElement\":[{\"@type\":\"ListItem\",\"position\":1,\"name\":\"Accueil\",\"item\":\"https:\/\/banusrentals.com\/fr\/\"},{\"@type\":\"ListItem\",\"position\":2,\"name\":\"Location de vacances \u00e0 Costa del Sol\"}]},{\"@type\":\"WebSite\",\"@id\":\"https:\/\/banusrentals.com\/fr\/#website\",\"url\":\"https:\/\/banusrentals.com\/fr\/\",\"name\":\"Banus Rentals\",\"description\":\"\",\"potentialAction\":[{\"@type\":\"SearchAction\",\"target\":{\"@type\":\"EntryPoint\",\"urlTemplate\":\"https:\/\/banusrentals.com\/fr\/?s={search_term_string}\"},\"query-input\":{\"@type\":\"PropertyValueSpecification\",\"valueRequired\":true,\"valueName\":\"search_term_string\"}}],\"inLanguage\":\"fr-FR\"}]}<\/script>\n<!-- \/ Yoast SEO plugin. -->","yoast_head_json":{"title":"Propri\u00e9t\u00e9s en Puerto Ban\u00fas, Marbella et Estepona | Banus Rentals","description":"Profitez de logements exclusifs \u00e0 Malaga : villas \u00e0 Puerto Ban\u00fas et appartements en bord de mer. Des vacances inoubliables sur la Costa del Sol.","robots":{"index":"index","follow":"follow","max-snippet":"max-snippet:-1","max-image-preview":"max-image-preview:large","max-video-preview":"max-video-preview:-1"},"canonical":"https:\/\/banusrentals.com\/fr\/location-de-vacances-a-costa-del-sol\/page\/1\/","og_locale":"fr_FR","og_type":"article","og_title":"Propri\u00e9t\u00e9s en Puerto Ban\u00fas, Marbella et Estepona | Banus Rentals","og_description":"Profitez de logements exclusifs \u00e0 Malaga : villas \u00e0 Puerto Ban\u00fas et appartements en bord de mer. Des vacances inoubliables sur la Costa del Sol.","og_url":"https:\/\/banusrentals.com\/fr\/location-de-vacances-a-costa-del-sol\/","og_site_name":"Banus Rentals","article_publisher":"https:\/\/www.facebook.com\/BanusRentalsMarbella","article_modified_time":"2025-10-24T11:48:57+00:00","twitter_card":"summary_large_image","schema":{"@context":"https:\/\/schema.org","@graph":[{"@type":"WebPage","@id":"https:\/\/banusrentals.com\/fr\/location-de-vacances-a-costa-del-sol\/","url":"https:\/\/banusrentals.com\/fr\/location-de-vacances-a-costa-del-sol\/","name":"Propri\u00e9t\u00e9s en Puerto Ban\u00fas, Marbella et Estepona | Banus Rentals","isPartOf":{"@id":"https:\/\/banusrentals.com\/fr\/#website"},"datePublished":"2025-06-06T06:42:27+00:00","dateModified":"2025-10-24T11:48:57+00:00","description":"Profitez de logements exclusifs \u00e0 Malaga : villas \u00e0 Puerto Ban\u00fas et appartements en bord de mer. Des vacances inoubliables sur la Costa del Sol.","breadcrumb":{"@id":"https:\/\/banusrentals.com\/fr\/location-de-vacances-a-costa-del-sol\/#breadcrumb"},"inLanguage":"fr-FR","potentialAction":[{"@type":"ReadAction","target":["https:\/\/banusrentals.com\/fr\/location-de-vacances-a-costa-del-sol\/"]}]},{"@type":"BreadcrumbList","@id":"https:\/\/banusrentals.com\/fr\/location-de-vacances-a-costa-del-sol\/#breadcrumb","itemListElement":[{"@type":"ListItem","position":1,"name":"Accueil","item":"https:\/\/banusrentals.com\/fr\/"},{"@type":"ListItem","position":2,"name":"Location de vacances \u00e0 Costa del Sol"}]},{"@type":"WebSite","@id":"https:\/\/banusrentals.com\/fr\/#website","url":"https:\/\/banusrentals.com\/fr\/","name":"Banus Rentals","description":"","potentialAction":[{"@type":"SearchAction","target":{"@type":"EntryPoint","urlTemplate":"https:\/\/banusrentals.com\/fr\/?s={search_term_string}"},"query-input":{"@type":"PropertyValueSpecification","valueRequired":true,"valueName":"search_term_string"}}],"inLanguage":"fr-FR"}]}},"_links":{"self":[{"href":"https:\/\/banusrentals.com\/fr\/wp-json\/wp\/v2\/pages\/26364","targetHints":{"allow":["GET"]}}],"collection":[{"href":"https:\/\/banusrentals.com\/fr\/wp-json\/wp\/v2\/pages"}],"about":[{"href":"https:\/\/banusrentals.com\/fr\/wp-json\/wp\/v2\/types\/page"}],"author":[{"embeddable":true,"href":"https:\/\/banusrentals.com\/fr\/wp-json\/wp\/v2\/users\/1"}],"replies":[{"embeddable":true,"href":"https:\/\/banusrentals.com\/fr\/wp-json\/wp\/v2\/comments?post=26364"}],"version-history":[{"count":4,"href":"https:\/\/banusrentals.com\/fr\/wp-json\/wp\/v2\/pages\/26364\/revisions"}],"predecessor-version":[{"id":28302,"href":"https:\/\/banusrentals.com\/fr\/wp-json\/wp\/v2\/pages\/26364\/revisions\/28302"}],"wp:attachment":[{"href":"https:\/\/banusrentals.com\/fr\/wp-json\/wp\/v2\/media?parent=26364"}],"curies":[{"name":"wp","href":"https:\/\/api.w.org\/{rel}","templated":true}]}}