{"id":26587,"date":"2025-07-30T13:28:13","date_gmt":"2025-07-30T11:28:13","guid":{"rendered":"https:\/\/banusrentals.com\/?page_id=26587"},"modified":"2025-08-04T14:10:57","modified_gmt":"2025-08-04T12:10:57","slug":"fitness","status":"publish","type":"page","link":"https:\/\/banusrentals.com\/fr\/services-additionnels\/fitness\/","title":{"rendered":"Fitness"},"content":{"rendered":"","protected":false},"excerpt":{"rendered":"<p>Fitness sur mesure pour vous sentir bien pendant votre s\u00e9jour. Coach personnel, bien-\u00eatre et \u00e9nergie sans quitter votre h\u00e9bergement.<\/p>\n","protected":false},"author":1,"featured_media":0,"parent":26501,"menu_order":0,"comment_status":"closed","ping_status":"closed","template":"","meta":{"_acf_changed":false,"footnotes":""},"class_list":["post-26587","page","type-page","status-publish","hentry"],"acf":[],"yoast_head":"<!-- This site is optimized with the Yoast SEO plugin v24.8 - https:\/\/yoast.com\/wordpress\/plugins\/seo\/ -->\n<title>Fitness - Banus Rentals<\/title>\n<meta name=\"description\" content=\"Services de fitness personnalis\u00e9s \u00e0 Marbella avec coachs certifi\u00e9s. Restez en forme sans quitter votre h\u00e9bergement.\" \/>\n<meta name=\"robots\" content=\"index, follow, max-snippet:-1, max-image-preview:large, max-video-preview:-1\" \/>\n<link rel=\"canonical\" href=\"https:\/\/banusrentals.com\/fr\/services-additionnels\/fitness\/page\/1\/\" \/>\n<meta property=\"og:locale\" content=\"fr_FR\" \/>\n<meta property=\"og:type\" content=\"article\" \/>\n<meta property=\"og:title\" content=\"Fitness - Banus Rentals\" \/>\n<meta property=\"og:description\" content=\"Services de fitness personnalis\u00e9s \u00e0 Marbella avec coachs certifi\u00e9s. Restez en forme sans quitter votre h\u00e9bergement.\" \/>\n<meta property=\"og:url\" content=\"https:\/\/banusrentals.com\/fr\/services-additionnels\/fitness\/\" \/>\n<meta property=\"og:site_name\" content=\"Banus Rentals\" \/>\n<meta property=\"article:publisher\" content=\"https:\/\/www.facebook.com\/BanusRentalsMarbella\" \/>\n<meta property=\"article:modified_time\" content=\"2025-08-04T12:10:57+00:00\" \/>\n<meta name=\"twitter:card\" content=\"summary_large_image\" \/>\n<script type=\"application\/ld+json\" class=\"yoast-schema-graph\">{\"@context\":\"https:\/\/schema.org\",\"@graph\":[{\"@type\":\"WebPage\",\"@id\":\"https:\/\/banusrentals.com\/fr\/services-additionnels\/fitness\/\",\"url\":\"https:\/\/banusrentals.com\/fr\/services-additionnels\/fitness\/\",\"name\":\"Fitness - Banus Rentals\",\"isPartOf\":{\"@id\":\"https:\/\/banusrentals.com\/fr\/#website\"},\"datePublished\":\"2025-07-30T11:28:13+00:00\",\"dateModified\":\"2025-08-04T12:10:57+00:00\",\"description\":\"Services de fitness personnalis\u00e9s \u00e0 Marbella avec coachs certifi\u00e9s. Restez en forme sans quitter votre h\u00e9bergement.\",\"breadcrumb\":{\"@id\":\"https:\/\/banusrentals.com\/fr\/services-additionnels\/fitness\/#breadcrumb\"},\"inLanguage\":\"fr-FR\",\"potentialAction\":[{\"@type\":\"ReadAction\",\"target\":[\"https:\/\/banusrentals.com\/fr\/services-additionnels\/fitness\/\"]}]},{\"@type\":\"BreadcrumbList\",\"@id\":\"https:\/\/banusrentals.com\/fr\/services-additionnels\/fitness\/#breadcrumb\",\"itemListElement\":[{\"@type\":\"ListItem\",\"position\":1,\"name\":\"Accueil\",\"item\":\"https:\/\/banusrentals.com\/fr\/\"},{\"@type\":\"ListItem\",\"position\":2,\"name\":\"Services additionnels\",\"item\":\"https:\/\/banusrentals.com\/fr\/services\/\"},{\"@type\":\"ListItem\",\"position\":3,\"name\":\"Fitness\"}]},{\"@type\":\"WebSite\",\"@id\":\"https:\/\/banusrentals.com\/fr\/#website\",\"url\":\"https:\/\/banusrentals.com\/fr\/\",\"name\":\"Banus Rentals\",\"description\":\"\",\"potentialAction\":[{\"@type\":\"SearchAction\",\"target\":{\"@type\":\"EntryPoint\",\"urlTemplate\":\"https:\/\/banusrentals.com\/fr\/?s={search_term_string}\"},\"query-input\":{\"@type\":\"PropertyValueSpecification\",\"valueRequired\":true,\"valueName\":\"search_term_string\"}}],\"inLanguage\":\"fr-FR\"}]}<\/script>\n<!-- \/ Yoast SEO plugin. -->","yoast_head_json":{"title":"Fitness - Banus Rentals","description":"Services de fitness personnalis\u00e9s \u00e0 Marbella avec coachs certifi\u00e9s. Restez en forme sans quitter votre h\u00e9bergement.","robots":{"index":"index","follow":"follow","max-snippet":"max-snippet:-1","max-image-preview":"max-image-preview:large","max-video-preview":"max-video-preview:-1"},"canonical":"https:\/\/banusrentals.com\/fr\/services-additionnels\/fitness\/page\/1\/","og_locale":"fr_FR","og_type":"article","og_title":"Fitness - Banus Rentals","og_description":"Services de fitness personnalis\u00e9s \u00e0 Marbella avec coachs certifi\u00e9s. Restez en forme sans quitter votre h\u00e9bergement.","og_url":"https:\/\/banusrentals.com\/fr\/services-additionnels\/fitness\/","og_site_name":"Banus Rentals","article_publisher":"https:\/\/www.facebook.com\/BanusRentalsMarbella","article_modified_time":"2025-08-04T12:10:57+00:00","twitter_card":"summary_large_image","schema":{"@context":"https:\/\/schema.org","@graph":[{"@type":"WebPage","@id":"https:\/\/banusrentals.com\/fr\/services-additionnels\/fitness\/","url":"https:\/\/banusrentals.com\/fr\/services-additionnels\/fitness\/","name":"Fitness - Banus Rentals","isPartOf":{"@id":"https:\/\/banusrentals.com\/fr\/#website"},"datePublished":"2025-07-30T11:28:13+00:00","dateModified":"2025-08-04T12:10:57+00:00","description":"Services de fitness personnalis\u00e9s \u00e0 Marbella avec coachs certifi\u00e9s. Restez en forme sans quitter votre h\u00e9bergement.","breadcrumb":{"@id":"https:\/\/banusrentals.com\/fr\/services-additionnels\/fitness\/#breadcrumb"},"inLanguage":"fr-FR","potentialAction":[{"@type":"ReadAction","target":["https:\/\/banusrentals.com\/fr\/services-additionnels\/fitness\/"]}]},{"@type":"BreadcrumbList","@id":"https:\/\/banusrentals.com\/fr\/services-additionnels\/fitness\/#breadcrumb","itemListElement":[{"@type":"ListItem","position":1,"name":"Accueil","item":"https:\/\/banusrentals.com\/fr\/"},{"@type":"ListItem","position":2,"name":"Services additionnels","item":"https:\/\/banusrentals.com\/fr\/services\/"},{"@type":"ListItem","position":3,"name":"Fitness"}]},{"@type":"WebSite","@id":"https:\/\/banusrentals.com\/fr\/#website","url":"https:\/\/banusrentals.com\/fr\/","name":"Banus Rentals","description":"","potentialAction":[{"@type":"SearchAction","target":{"@type":"EntryPoint","urlTemplate":"https:\/\/banusrentals.com\/fr\/?s={search_term_string}"},"query-input":{"@type":"PropertyValueSpecification","valueRequired":true,"valueName":"search_term_string"}}],"inLanguage":"fr-FR"}]}},"_links":{"self":[{"href":"https:\/\/banusrentals.com\/fr\/wp-json\/wp\/v2\/pages\/26587","targetHints":{"allow":["GET"]}}],"collection":[{"href":"https:\/\/banusrentals.com\/fr\/wp-json\/wp\/v2\/pages"}],"about":[{"href":"https:\/\/banusrentals.com\/fr\/wp-json\/wp\/v2\/types\/page"}],"author":[{"embeddable":true,"href":"https:\/\/banusrentals.com\/fr\/wp-json\/wp\/v2\/users\/1"}],"replies":[{"embeddable":true,"href":"https:\/\/banusrentals.com\/fr\/wp-json\/wp\/v2\/comments?post=26587"}],"version-history":[{"count":2,"href":"https:\/\/banusrentals.com\/fr\/wp-json\/wp\/v2\/pages\/26587\/revisions"}],"predecessor-version":[{"id":27541,"href":"https:\/\/banusrentals.com\/fr\/wp-json\/wp\/v2\/pages\/26587\/revisions\/27541"}],"up":[{"embeddable":true,"href":"https:\/\/banusrentals.com\/fr\/wp-json\/wp\/v2\/pages\/26501"}],"wp:attachment":[{"href":"https:\/\/banusrentals.com\/fr\/wp-json\/wp\/v2\/media?parent=26587"}],"curies":[{"name":"wp","href":"https:\/\/api.w.org\/{rel}","templated":true}]}}