{"id":26604,"date":"2025-07-30T13:17:29","date_gmt":"2025-07-30T11:17:29","guid":{"rendered":"https:\/\/banusrentals.com\/?page_id=26604"},"modified":"2025-08-04T14:10:40","modified_gmt":"2025-08-04T12:10:40","slug":"garde-denfants","status":"publish","type":"page","link":"https:\/\/banusrentals.com\/fr\/services-additionnels\/garde-denfants\/","title":{"rendered":"Garde d\u2019enfants"},"content":{"rendered":"","protected":false},"excerpt":{"rendered":"<p>Des babysitters de confiance pour que vous profitiez en toute tranquillit\u00e9. Un service s\u00fbr, flexible et enti\u00e8rement personnalis\u00e9.<\/p>\n","protected":false},"author":1,"featured_media":0,"parent":26501,"menu_order":0,"comment_status":"closed","ping_status":"closed","template":"","meta":{"_acf_changed":false,"footnotes":""},"class_list":["post-26604","page","type-page","status-publish","hentry"],"acf":[],"yoast_head":"<!-- This site is optimized with the Yoast SEO plugin v24.8 - https:\/\/yoast.com\/wordpress\/plugins\/seo\/ -->\n<title>Garde d\u2019enfants - Banus Rentals<\/title>\n<meta name=\"description\" content=\"Service de babysitting \u00e0 Marbella avec des gardes d\u2019enfants professionnels, fiables et multilingues. R\u00e9servez et profitez en toute s\u00e9r\u00e9nit\u00e9\u202f!\" \/>\n<meta name=\"robots\" content=\"index, follow, max-snippet:-1, max-image-preview:large, max-video-preview:-1\" \/>\n<link rel=\"canonical\" href=\"https:\/\/banusrentals.com\/fr\/services-additionnels\/garde-denfants\/page\/1\/\" \/>\n<meta property=\"og:locale\" content=\"fr_FR\" \/>\n<meta property=\"og:type\" content=\"article\" \/>\n<meta property=\"og:title\" content=\"Garde d\u2019enfants - Banus Rentals\" \/>\n<meta property=\"og:description\" content=\"Service de babysitting \u00e0 Marbella avec des gardes d\u2019enfants professionnels, fiables et multilingues. R\u00e9servez et profitez en toute s\u00e9r\u00e9nit\u00e9\u202f!\" \/>\n<meta property=\"og:url\" content=\"https:\/\/banusrentals.com\/fr\/services-additionnels\/garde-denfants\/\" \/>\n<meta property=\"og:site_name\" content=\"Banus Rentals\" \/>\n<meta property=\"article:publisher\" content=\"https:\/\/www.facebook.com\/BanusRentalsMarbella\" \/>\n<meta property=\"article:modified_time\" content=\"2025-08-04T12:10:40+00:00\" \/>\n<meta name=\"twitter:card\" content=\"summary_large_image\" \/>\n<script type=\"application\/ld+json\" class=\"yoast-schema-graph\">{\"@context\":\"https:\/\/schema.org\",\"@graph\":[{\"@type\":\"WebPage\",\"@id\":\"https:\/\/banusrentals.com\/fr\/services-additionnels\/garde-denfants\/\",\"url\":\"https:\/\/banusrentals.com\/fr\/services-additionnels\/garde-denfants\/\",\"name\":\"Garde d\u2019enfants - Banus Rentals\",\"isPartOf\":{\"@id\":\"https:\/\/banusrentals.com\/fr\/#website\"},\"datePublished\":\"2025-07-30T11:17:29+00:00\",\"dateModified\":\"2025-08-04T12:10:40+00:00\",\"description\":\"Service de babysitting \u00e0 Marbella avec des gardes d\u2019enfants professionnels, fiables et multilingues. R\u00e9servez et profitez en toute s\u00e9r\u00e9nit\u00e9\u202f!\",\"breadcrumb\":{\"@id\":\"https:\/\/banusrentals.com\/fr\/services-additionnels\/garde-denfants\/#breadcrumb\"},\"inLanguage\":\"fr-FR\",\"potentialAction\":[{\"@type\":\"ReadAction\",\"target\":[\"https:\/\/banusrentals.com\/fr\/services-additionnels\/garde-denfants\/\"]}]},{\"@type\":\"BreadcrumbList\",\"@id\":\"https:\/\/banusrentals.com\/fr\/services-additionnels\/garde-denfants\/#breadcrumb\",\"itemListElement\":[{\"@type\":\"ListItem\",\"position\":1,\"name\":\"Accueil\",\"item\":\"https:\/\/banusrentals.com\/fr\/\"},{\"@type\":\"ListItem\",\"position\":2,\"name\":\"Services additionnels\",\"item\":\"https:\/\/banusrentals.com\/fr\/services\/\"},{\"@type\":\"ListItem\",\"position\":3,\"name\":\"Garde d\u2019enfants\"}]},{\"@type\":\"WebSite\",\"@id\":\"https:\/\/banusrentals.com\/fr\/#website\",\"url\":\"https:\/\/banusrentals.com\/fr\/\",\"name\":\"Banus Rentals\",\"description\":\"\",\"potentialAction\":[{\"@type\":\"SearchAction\",\"target\":{\"@type\":\"EntryPoint\",\"urlTemplate\":\"https:\/\/banusrentals.com\/fr\/?s={search_term_string}\"},\"query-input\":{\"@type\":\"PropertyValueSpecification\",\"valueRequired\":true,\"valueName\":\"search_term_string\"}}],\"inLanguage\":\"fr-FR\"}]}<\/script>\n<!-- \/ Yoast SEO plugin. -->","yoast_head_json":{"title":"Garde d\u2019enfants - Banus Rentals","description":"Service de babysitting \u00e0 Marbella avec des gardes d\u2019enfants professionnels, fiables et multilingues. R\u00e9servez et profitez en toute s\u00e9r\u00e9nit\u00e9\u202f!","robots":{"index":"index","follow":"follow","max-snippet":"max-snippet:-1","max-image-preview":"max-image-preview:large","max-video-preview":"max-video-preview:-1"},"canonical":"https:\/\/banusrentals.com\/fr\/services-additionnels\/garde-denfants\/page\/1\/","og_locale":"fr_FR","og_type":"article","og_title":"Garde d\u2019enfants - Banus Rentals","og_description":"Service de babysitting \u00e0 Marbella avec des gardes d\u2019enfants professionnels, fiables et multilingues. R\u00e9servez et profitez en toute s\u00e9r\u00e9nit\u00e9\u202f!","og_url":"https:\/\/banusrentals.com\/fr\/services-additionnels\/garde-denfants\/","og_site_name":"Banus Rentals","article_publisher":"https:\/\/www.facebook.com\/BanusRentalsMarbella","article_modified_time":"2025-08-04T12:10:40+00:00","twitter_card":"summary_large_image","schema":{"@context":"https:\/\/schema.org","@graph":[{"@type":"WebPage","@id":"https:\/\/banusrentals.com\/fr\/services-additionnels\/garde-denfants\/","url":"https:\/\/banusrentals.com\/fr\/services-additionnels\/garde-denfants\/","name":"Garde d\u2019enfants - Banus Rentals","isPartOf":{"@id":"https:\/\/banusrentals.com\/fr\/#website"},"datePublished":"2025-07-30T11:17:29+00:00","dateModified":"2025-08-04T12:10:40+00:00","description":"Service de babysitting \u00e0 Marbella avec des gardes d\u2019enfants professionnels, fiables et multilingues. R\u00e9servez et profitez en toute s\u00e9r\u00e9nit\u00e9\u202f!","breadcrumb":{"@id":"https:\/\/banusrentals.com\/fr\/services-additionnels\/garde-denfants\/#breadcrumb"},"inLanguage":"fr-FR","potentialAction":[{"@type":"ReadAction","target":["https:\/\/banusrentals.com\/fr\/services-additionnels\/garde-denfants\/"]}]},{"@type":"BreadcrumbList","@id":"https:\/\/banusrentals.com\/fr\/services-additionnels\/garde-denfants\/#breadcrumb","itemListElement":[{"@type":"ListItem","position":1,"name":"Accueil","item":"https:\/\/banusrentals.com\/fr\/"},{"@type":"ListItem","position":2,"name":"Services additionnels","item":"https:\/\/banusrentals.com\/fr\/services\/"},{"@type":"ListItem","position":3,"name":"Garde d\u2019enfants"}]},{"@type":"WebSite","@id":"https:\/\/banusrentals.com\/fr\/#website","url":"https:\/\/banusrentals.com\/fr\/","name":"Banus Rentals","description":"","potentialAction":[{"@type":"SearchAction","target":{"@type":"EntryPoint","urlTemplate":"https:\/\/banusrentals.com\/fr\/?s={search_term_string}"},"query-input":{"@type":"PropertyValueSpecification","valueRequired":true,"valueName":"search_term_string"}}],"inLanguage":"fr-FR"}]}},"_links":{"self":[{"href":"https:\/\/banusrentals.com\/fr\/wp-json\/wp\/v2\/pages\/26604","targetHints":{"allow":["GET"]}}],"collection":[{"href":"https:\/\/banusrentals.com\/fr\/wp-json\/wp\/v2\/pages"}],"about":[{"href":"https:\/\/banusrentals.com\/fr\/wp-json\/wp\/v2\/types\/page"}],"author":[{"embeddable":true,"href":"https:\/\/banusrentals.com\/fr\/wp-json\/wp\/v2\/users\/1"}],"replies":[{"embeddable":true,"href":"https:\/\/banusrentals.com\/fr\/wp-json\/wp\/v2\/comments?post=26604"}],"version-history":[{"count":2,"href":"https:\/\/banusrentals.com\/fr\/wp-json\/wp\/v2\/pages\/26604\/revisions"}],"predecessor-version":[{"id":27540,"href":"https:\/\/banusrentals.com\/fr\/wp-json\/wp\/v2\/pages\/26604\/revisions\/27540"}],"up":[{"embeddable":true,"href":"https:\/\/banusrentals.com\/fr\/wp-json\/wp\/v2\/pages\/26501"}],"wp:attachment":[{"href":"https:\/\/banusrentals.com\/fr\/wp-json\/wp\/v2\/media?parent=26604"}],"curies":[{"name":"wp","href":"https:\/\/api.w.org\/{rel}","templated":true}]}}