{"id":26641,"date":"2025-07-30T12:38:43","date_gmt":"2025-07-30T10:38:43","guid":{"rendered":"https:\/\/banusrentals.com\/?page_id=26641"},"modified":"2025-08-04T14:08:30","modified_gmt":"2025-08-04T12:08:30","slug":"green-fee","status":"publish","type":"page","link":"https:\/\/banusrentals.com\/fr\/services-additionnels\/green-fee\/","title":{"rendered":"Green Fee"},"content":{"rendered":"","protected":false},"excerpt":{"rendered":"<p>Green fees sur les meilleurs parcours de golf de la Costa del Sol. Acc\u00e8s exclusif, gestion personnalis\u00e9e et tout organis\u00e9 pour vous.<\/p>\n","protected":false},"author":1,"featured_media":0,"parent":26501,"menu_order":0,"comment_status":"closed","ping_status":"closed","template":"","meta":{"_acf_changed":false,"footnotes":""},"class_list":["post-26641","page","type-page","status-publish","hentry"],"acf":[],"yoast_head":"<!-- This site is optimized with the Yoast SEO plugin v24.8 - https:\/\/yoast.com\/wordpress\/plugins\/seo\/ -->\n<title>Reservas Golf Green Fees - Banus Rentals<\/title>\n<meta name=\"description\" content=\"R\u00e9servez vos green fees sur les meilleurs parcours de Marbella. Services sur mesure, transferts &amp; mat\u00e9riel premium. Jouez au golf en confort!\" \/>\n<meta name=\"robots\" content=\"index, follow, max-snippet:-1, max-image-preview:large, max-video-preview:-1\" \/>\n<link rel=\"canonical\" href=\"https:\/\/banusrentals.com\/fr\/services-additionnels\/green-fee\/page\/1\/\" \/>\n<meta property=\"og:locale\" content=\"fr_FR\" \/>\n<meta property=\"og:type\" content=\"article\" \/>\n<meta property=\"og:title\" content=\"Reservas Golf Green Fees - Banus Rentals\" \/>\n<meta property=\"og:description\" content=\"R\u00e9servez vos green fees sur les meilleurs parcours de Marbella. Services sur mesure, transferts &amp; mat\u00e9riel premium. Jouez au golf en confort!\" \/>\n<meta property=\"og:url\" content=\"https:\/\/banusrentals.com\/fr\/services-additionnels\/green-fee\/\" \/>\n<meta property=\"og:site_name\" content=\"Banus Rentals\" \/>\n<meta property=\"article:publisher\" content=\"https:\/\/www.facebook.com\/BanusRentalsMarbella\" \/>\n<meta property=\"article:modified_time\" content=\"2025-08-04T12:08:30+00:00\" \/>\n<meta name=\"twitter:card\" content=\"summary_large_image\" \/>\n<script type=\"application\/ld+json\" class=\"yoast-schema-graph\">{\"@context\":\"https:\/\/schema.org\",\"@graph\":[{\"@type\":\"WebPage\",\"@id\":\"https:\/\/banusrentals.com\/fr\/services-additionnels\/green-fee\/\",\"url\":\"https:\/\/banusrentals.com\/fr\/services-additionnels\/green-fee\/\",\"name\":\"Reservas Golf Green Fees - Banus Rentals\",\"isPartOf\":{\"@id\":\"https:\/\/banusrentals.com\/fr\/#website\"},\"datePublished\":\"2025-07-30T10:38:43+00:00\",\"dateModified\":\"2025-08-04T12:08:30+00:00\",\"description\":\"R\u00e9servez vos green fees sur les meilleurs parcours de Marbella. Services sur mesure, transferts & mat\u00e9riel premium. Jouez au golf en confort!\",\"breadcrumb\":{\"@id\":\"https:\/\/banusrentals.com\/fr\/services-additionnels\/green-fee\/#breadcrumb\"},\"inLanguage\":\"fr-FR\",\"potentialAction\":[{\"@type\":\"ReadAction\",\"target\":[\"https:\/\/banusrentals.com\/fr\/services-additionnels\/green-fee\/\"]}]},{\"@type\":\"BreadcrumbList\",\"@id\":\"https:\/\/banusrentals.com\/fr\/services-additionnels\/green-fee\/#breadcrumb\",\"itemListElement\":[{\"@type\":\"ListItem\",\"position\":1,\"name\":\"Accueil\",\"item\":\"https:\/\/banusrentals.com\/fr\/\"},{\"@type\":\"ListItem\",\"position\":2,\"name\":\"Services additionnels\",\"item\":\"https:\/\/banusrentals.com\/fr\/services\/\"},{\"@type\":\"ListItem\",\"position\":3,\"name\":\"Green Fee\"}]},{\"@type\":\"WebSite\",\"@id\":\"https:\/\/banusrentals.com\/fr\/#website\",\"url\":\"https:\/\/banusrentals.com\/fr\/\",\"name\":\"Banus Rentals\",\"description\":\"\",\"potentialAction\":[{\"@type\":\"SearchAction\",\"target\":{\"@type\":\"EntryPoint\",\"urlTemplate\":\"https:\/\/banusrentals.com\/fr\/?s={search_term_string}\"},\"query-input\":{\"@type\":\"PropertyValueSpecification\",\"valueRequired\":true,\"valueName\":\"search_term_string\"}}],\"inLanguage\":\"fr-FR\"}]}<\/script>\n<!-- \/ Yoast SEO plugin. -->","yoast_head_json":{"title":"Reservas Golf Green Fees - Banus Rentals","description":"R\u00e9servez vos green fees sur les meilleurs parcours de Marbella. Services sur mesure, transferts & mat\u00e9riel premium. Jouez au golf en confort!","robots":{"index":"index","follow":"follow","max-snippet":"max-snippet:-1","max-image-preview":"max-image-preview:large","max-video-preview":"max-video-preview:-1"},"canonical":"https:\/\/banusrentals.com\/fr\/services-additionnels\/green-fee\/page\/1\/","og_locale":"fr_FR","og_type":"article","og_title":"Reservas Golf Green Fees - Banus Rentals","og_description":"R\u00e9servez vos green fees sur les meilleurs parcours de Marbella. Services sur mesure, transferts & mat\u00e9riel premium. Jouez au golf en confort!","og_url":"https:\/\/banusrentals.com\/fr\/services-additionnels\/green-fee\/","og_site_name":"Banus Rentals","article_publisher":"https:\/\/www.facebook.com\/BanusRentalsMarbella","article_modified_time":"2025-08-04T12:08:30+00:00","twitter_card":"summary_large_image","schema":{"@context":"https:\/\/schema.org","@graph":[{"@type":"WebPage","@id":"https:\/\/banusrentals.com\/fr\/services-additionnels\/green-fee\/","url":"https:\/\/banusrentals.com\/fr\/services-additionnels\/green-fee\/","name":"Reservas Golf Green Fees - Banus Rentals","isPartOf":{"@id":"https:\/\/banusrentals.com\/fr\/#website"},"datePublished":"2025-07-30T10:38:43+00:00","dateModified":"2025-08-04T12:08:30+00:00","description":"R\u00e9servez vos green fees sur les meilleurs parcours de Marbella. Services sur mesure, transferts & mat\u00e9riel premium. Jouez au golf en confort!","breadcrumb":{"@id":"https:\/\/banusrentals.com\/fr\/services-additionnels\/green-fee\/#breadcrumb"},"inLanguage":"fr-FR","potentialAction":[{"@type":"ReadAction","target":["https:\/\/banusrentals.com\/fr\/services-additionnels\/green-fee\/"]}]},{"@type":"BreadcrumbList","@id":"https:\/\/banusrentals.com\/fr\/services-additionnels\/green-fee\/#breadcrumb","itemListElement":[{"@type":"ListItem","position":1,"name":"Accueil","item":"https:\/\/banusrentals.com\/fr\/"},{"@type":"ListItem","position":2,"name":"Services additionnels","item":"https:\/\/banusrentals.com\/fr\/services\/"},{"@type":"ListItem","position":3,"name":"Green Fee"}]},{"@type":"WebSite","@id":"https:\/\/banusrentals.com\/fr\/#website","url":"https:\/\/banusrentals.com\/fr\/","name":"Banus Rentals","description":"","potentialAction":[{"@type":"SearchAction","target":{"@type":"EntryPoint","urlTemplate":"https:\/\/banusrentals.com\/fr\/?s={search_term_string}"},"query-input":{"@type":"PropertyValueSpecification","valueRequired":true,"valueName":"search_term_string"}}],"inLanguage":"fr-FR"}]}},"_links":{"self":[{"href":"https:\/\/banusrentals.com\/fr\/wp-json\/wp\/v2\/pages\/26641","targetHints":{"allow":["GET"]}}],"collection":[{"href":"https:\/\/banusrentals.com\/fr\/wp-json\/wp\/v2\/pages"}],"about":[{"href":"https:\/\/banusrentals.com\/fr\/wp-json\/wp\/v2\/types\/page"}],"author":[{"embeddable":true,"href":"https:\/\/banusrentals.com\/fr\/wp-json\/wp\/v2\/users\/1"}],"replies":[{"embeddable":true,"href":"https:\/\/banusrentals.com\/fr\/wp-json\/wp\/v2\/comments?post=26641"}],"version-history":[{"count":2,"href":"https:\/\/banusrentals.com\/fr\/wp-json\/wp\/v2\/pages\/26641\/revisions"}],"predecessor-version":[{"id":27538,"href":"https:\/\/banusrentals.com\/fr\/wp-json\/wp\/v2\/pages\/26641\/revisions\/27538"}],"up":[{"embeddable":true,"href":"https:\/\/banusrentals.com\/fr\/wp-json\/wp\/v2\/pages\/26501"}],"wp:attachment":[{"href":"https:\/\/banusrentals.com\/fr\/wp-json\/wp\/v2\/media?parent=26641"}],"curies":[{"name":"wp","href":"https:\/\/api.w.org\/{rel}","templated":true}]}}