{"id":26651,"date":"2025-07-29T15:20:44","date_gmt":"2025-07-29T13:20:44","guid":{"rendered":"https:\/\/banusrentals.com\/?page_id=26651"},"modified":"2025-11-04T16:52:04","modified_gmt":"2025-11-04T15:52:04","slug":"excursions-dun-jour","status":"publish","type":"page","link":"https:\/\/banusrentals.com\/fr\/services-additionnels\/excursions-dun-jour\/","title":{"rendered":"Excursions d&rsquo;un jour"},"content":{"rendered":"","protected":false},"excerpt":{"rendered":"<p>D\u00e9couvrez l\u2019Andalousie avec des excursions personnalis\u00e9es qui allient culture, nature et exclusivit\u00e9 \u00e0 chaque \u00e9tape. Des villages pleins de charme aux exp\u00e9riences uniques sur la c\u00f4te, chaque sortie s\u2019adapte \u00e0 votre rythme et \u00e0 vos centres d\u2019int\u00e9r\u00eat.<\/p>\n","protected":false},"author":1,"featured_media":0,"parent":26501,"menu_order":0,"comment_status":"closed","ping_status":"closed","template":"template-iframe.php","meta":{"_acf_changed":false,"footnotes":""},"class_list":["post-26651","page","type-page","status-publish","hentry"],"acf":[],"yoast_head":"<!-- This site is optimized with the Yoast SEO plugin v24.8 - https:\/\/yoast.com\/wordpress\/plugins\/seo\/ -->\n<title>Excursions d&#039;un jour - Banus Rentals<\/title>\n<meta name=\"description\" content=\"Excursions d&#039;un jour priv\u00e9es depuis Marbella : culture, nature &amp; exp\u00e9riences sur mesure. D\u00e9couvrez l\u2019Andalousie. R\u00e9servez vite\u202f!\" \/>\n<meta name=\"robots\" content=\"index, follow, max-snippet:-1, max-image-preview:large, max-video-preview:-1\" \/>\n<link rel=\"canonical\" href=\"https:\/\/banusrentals.com\/fr\/services-additionnels\/excursions-dun-jour\/page\/1\/\" \/>\n<meta property=\"og:locale\" content=\"fr_FR\" \/>\n<meta property=\"og:type\" content=\"article\" \/>\n<meta property=\"og:title\" content=\"Excursions d&#039;un jour - Banus Rentals\" \/>\n<meta property=\"og:description\" content=\"Excursions d&#039;un jour priv\u00e9es depuis Marbella : culture, nature &amp; exp\u00e9riences sur mesure. D\u00e9couvrez l\u2019Andalousie. R\u00e9servez vite\u202f!\" \/>\n<meta property=\"og:url\" content=\"https:\/\/banusrentals.com\/fr\/services-additionnels\/excursions-dun-jour\/\" \/>\n<meta property=\"og:site_name\" content=\"Banus Rentals\" \/>\n<meta property=\"article:publisher\" content=\"https:\/\/www.facebook.com\/BanusRentalsMarbella\" \/>\n<meta property=\"article:modified_time\" content=\"2025-11-04T15:52:04+00:00\" \/>\n<meta name=\"twitter:card\" content=\"summary_large_image\" \/>\n<script type=\"application\/ld+json\" class=\"yoast-schema-graph\">{\"@context\":\"https:\/\/schema.org\",\"@graph\":[{\"@type\":\"WebPage\",\"@id\":\"https:\/\/banusrentals.com\/fr\/services-additionnels\/excursions-dun-jour\/\",\"url\":\"https:\/\/banusrentals.com\/fr\/services-additionnels\/excursions-dun-jour\/\",\"name\":\"Excursions d'un jour - Banus Rentals\",\"isPartOf\":{\"@id\":\"https:\/\/banusrentals.com\/fr\/#website\"},\"datePublished\":\"2025-07-29T13:20:44+00:00\",\"dateModified\":\"2025-11-04T15:52:04+00:00\",\"description\":\"Excursions d'un jour priv\u00e9es depuis Marbella : culture, nature & exp\u00e9riences sur mesure. D\u00e9couvrez l\u2019Andalousie. R\u00e9servez vite\u202f!\",\"breadcrumb\":{\"@id\":\"https:\/\/banusrentals.com\/fr\/services-additionnels\/excursions-dun-jour\/#breadcrumb\"},\"inLanguage\":\"fr-FR\",\"potentialAction\":[{\"@type\":\"ReadAction\",\"target\":[\"https:\/\/banusrentals.com\/fr\/services-additionnels\/excursions-dun-jour\/\"]}]},{\"@type\":\"BreadcrumbList\",\"@id\":\"https:\/\/banusrentals.com\/fr\/services-additionnels\/excursions-dun-jour\/#breadcrumb\",\"itemListElement\":[{\"@type\":\"ListItem\",\"position\":1,\"name\":\"Accueil\",\"item\":\"https:\/\/banusrentals.com\/fr\/\"},{\"@type\":\"ListItem\",\"position\":2,\"name\":\"Services additionnels\",\"item\":\"https:\/\/banusrentals.com\/fr\/services\/\"},{\"@type\":\"ListItem\",\"position\":3,\"name\":\"Excursions d&#8217;un jour\"}]},{\"@type\":\"WebSite\",\"@id\":\"https:\/\/banusrentals.com\/fr\/#website\",\"url\":\"https:\/\/banusrentals.com\/fr\/\",\"name\":\"Banus Rentals\",\"description\":\"\",\"potentialAction\":[{\"@type\":\"SearchAction\",\"target\":{\"@type\":\"EntryPoint\",\"urlTemplate\":\"https:\/\/banusrentals.com\/fr\/?s={search_term_string}\"},\"query-input\":{\"@type\":\"PropertyValueSpecification\",\"valueRequired\":true,\"valueName\":\"search_term_string\"}}],\"inLanguage\":\"fr-FR\"}]}<\/script>\n<!-- \/ Yoast SEO plugin. -->","yoast_head_json":{"title":"Excursions d'un jour - Banus Rentals","description":"Excursions d'un jour priv\u00e9es depuis Marbella : culture, nature & exp\u00e9riences sur mesure. D\u00e9couvrez l\u2019Andalousie. R\u00e9servez vite\u202f!","robots":{"index":"index","follow":"follow","max-snippet":"max-snippet:-1","max-image-preview":"max-image-preview:large","max-video-preview":"max-video-preview:-1"},"canonical":"https:\/\/banusrentals.com\/fr\/services-additionnels\/excursions-dun-jour\/page\/1\/","og_locale":"fr_FR","og_type":"article","og_title":"Excursions d'un jour - Banus Rentals","og_description":"Excursions d'un jour priv\u00e9es depuis Marbella : culture, nature & exp\u00e9riences sur mesure. D\u00e9couvrez l\u2019Andalousie. R\u00e9servez vite\u202f!","og_url":"https:\/\/banusrentals.com\/fr\/services-additionnels\/excursions-dun-jour\/","og_site_name":"Banus Rentals","article_publisher":"https:\/\/www.facebook.com\/BanusRentalsMarbella","article_modified_time":"2025-11-04T15:52:04+00:00","twitter_card":"summary_large_image","schema":{"@context":"https:\/\/schema.org","@graph":[{"@type":"WebPage","@id":"https:\/\/banusrentals.com\/fr\/services-additionnels\/excursions-dun-jour\/","url":"https:\/\/banusrentals.com\/fr\/services-additionnels\/excursions-dun-jour\/","name":"Excursions d'un jour - Banus Rentals","isPartOf":{"@id":"https:\/\/banusrentals.com\/fr\/#website"},"datePublished":"2025-07-29T13:20:44+00:00","dateModified":"2025-11-04T15:52:04+00:00","description":"Excursions d'un jour priv\u00e9es depuis Marbella : culture, nature & exp\u00e9riences sur mesure. D\u00e9couvrez l\u2019Andalousie. R\u00e9servez vite\u202f!","breadcrumb":{"@id":"https:\/\/banusrentals.com\/fr\/services-additionnels\/excursions-dun-jour\/#breadcrumb"},"inLanguage":"fr-FR","potentialAction":[{"@type":"ReadAction","target":["https:\/\/banusrentals.com\/fr\/services-additionnels\/excursions-dun-jour\/"]}]},{"@type":"BreadcrumbList","@id":"https:\/\/banusrentals.com\/fr\/services-additionnels\/excursions-dun-jour\/#breadcrumb","itemListElement":[{"@type":"ListItem","position":1,"name":"Accueil","item":"https:\/\/banusrentals.com\/fr\/"},{"@type":"ListItem","position":2,"name":"Services additionnels","item":"https:\/\/banusrentals.com\/fr\/services\/"},{"@type":"ListItem","position":3,"name":"Excursions d&#8217;un jour"}]},{"@type":"WebSite","@id":"https:\/\/banusrentals.com\/fr\/#website","url":"https:\/\/banusrentals.com\/fr\/","name":"Banus Rentals","description":"","potentialAction":[{"@type":"SearchAction","target":{"@type":"EntryPoint","urlTemplate":"https:\/\/banusrentals.com\/fr\/?s={search_term_string}"},"query-input":{"@type":"PropertyValueSpecification","valueRequired":true,"valueName":"search_term_string"}}],"inLanguage":"fr-FR"}]}},"_links":{"self":[{"href":"https:\/\/banusrentals.com\/fr\/wp-json\/wp\/v2\/pages\/26651","targetHints":{"allow":["GET"]}}],"collection":[{"href":"https:\/\/banusrentals.com\/fr\/wp-json\/wp\/v2\/pages"}],"about":[{"href":"https:\/\/banusrentals.com\/fr\/wp-json\/wp\/v2\/types\/page"}],"author":[{"embeddable":true,"href":"https:\/\/banusrentals.com\/fr\/wp-json\/wp\/v2\/users\/1"}],"replies":[{"embeddable":true,"href":"https:\/\/banusrentals.com\/fr\/wp-json\/wp\/v2\/comments?post=26651"}],"version-history":[{"count":4,"href":"https:\/\/banusrentals.com\/fr\/wp-json\/wp\/v2\/pages\/26651\/revisions"}],"predecessor-version":[{"id":28440,"href":"https:\/\/banusrentals.com\/fr\/wp-json\/wp\/v2\/pages\/26651\/revisions\/28440"}],"up":[{"embeddable":true,"href":"https:\/\/banusrentals.com\/fr\/wp-json\/wp\/v2\/pages\/26501"}],"wp:attachment":[{"href":"https:\/\/banusrentals.com\/fr\/wp-json\/wp\/v2\/media?parent=26651"}],"curies":[{"name":"wp","href":"https:\/\/api.w.org\/{rel}","templated":true}]}}