{"id":26667,"date":"2025-07-29T15:00:14","date_gmt":"2025-07-29T13:00:14","guid":{"rendered":"https:\/\/banusrentals.com\/?page_id=26667"},"modified":"2025-11-04T17:00:43","modified_gmt":"2025-11-04T16:00:43","slug":"chef-prive-et-service-traiteur","status":"publish","type":"page","link":"https:\/\/banusrentals.com\/fr\/services-additionnels\/chef-prive-et-service-traiteur\/","title":{"rendered":"Chef priv\u00e9 et service traiteur"},"content":{"rendered":"","protected":false},"excerpt":{"rendered":"<p>ChatGPT Plus<br \/>\nMarbella est la destination id\u00e9ale pour savourer la haute gastronomie dans un cadre intime et exclusif.<br \/>\nCe lieu privil\u00e9gi\u00e9 de la M\u00e9diterran\u00e9e offre d\u2019innombrables possibilit\u00e9s \u00e0 ceux qui souhaitent transformer chaque repas en une exp\u00e9rience unique, avec le confort et l\u2019attention personnalis\u00e9e d\u2019un chef priv\u00e9.<\/p>\n","protected":false},"author":1,"featured_media":0,"parent":26501,"menu_order":0,"comment_status":"closed","ping_status":"closed","template":"","meta":{"_acf_changed":false,"footnotes":""},"class_list":["post-26667","page","type-page","status-publish","hentry"],"acf":[],"yoast_head":"<!-- This site is optimized with the Yoast SEO plugin v24.8 - https:\/\/yoast.com\/wordpress\/plugins\/seo\/ -->\n<title>Chef priv\u00e9 et service traiteur - Banus Rentals<\/title>\n<meta name=\"description\" content=\"Chef priv\u00e9 &amp; traiteur \u00e0 Marbella avec menus sur mesure et saveurs uniques. Profitez d\u2019une gastronomie exclusive. R\u00e9servez vite\u202f!\" \/>\n<meta name=\"robots\" content=\"index, follow, max-snippet:-1, max-image-preview:large, max-video-preview:-1\" \/>\n<link rel=\"canonical\" href=\"https:\/\/banusrentals.com\/fr\/services-additionnels\/chef-prive-et-service-traiteur\/page\/1\/\" \/>\n<meta property=\"og:locale\" content=\"fr_FR\" \/>\n<meta property=\"og:type\" content=\"article\" \/>\n<meta property=\"og:title\" content=\"Chef priv\u00e9 et service traiteur - Banus Rentals\" \/>\n<meta property=\"og:description\" content=\"Chef priv\u00e9 &amp; traiteur \u00e0 Marbella avec menus sur mesure et saveurs uniques. Profitez d\u2019une gastronomie exclusive. R\u00e9servez vite\u202f!\" \/>\n<meta property=\"og:url\" content=\"https:\/\/banusrentals.com\/fr\/services-additionnels\/chef-prive-et-service-traiteur\/\" \/>\n<meta property=\"og:site_name\" content=\"Banus Rentals\" \/>\n<meta property=\"article:publisher\" content=\"https:\/\/www.facebook.com\/BanusRentalsMarbella\" \/>\n<meta property=\"article:modified_time\" content=\"2025-11-04T16:00:43+00:00\" \/>\n<meta name=\"twitter:card\" content=\"summary_large_image\" \/>\n<script type=\"application\/ld+json\" class=\"yoast-schema-graph\">{\"@context\":\"https:\/\/schema.org\",\"@graph\":[{\"@type\":\"WebPage\",\"@id\":\"https:\/\/banusrentals.com\/fr\/services-additionnels\/chef-prive-et-service-traiteur\/\",\"url\":\"https:\/\/banusrentals.com\/fr\/services-additionnels\/chef-prive-et-service-traiteur\/\",\"name\":\"Chef priv\u00e9 et service traiteur - Banus Rentals\",\"isPartOf\":{\"@id\":\"https:\/\/banusrentals.com\/fr\/#website\"},\"datePublished\":\"2025-07-29T13:00:14+00:00\",\"dateModified\":\"2025-11-04T16:00:43+00:00\",\"description\":\"Chef priv\u00e9 & traiteur \u00e0 Marbella avec menus sur mesure et saveurs uniques. Profitez d\u2019une gastronomie exclusive. R\u00e9servez vite\u202f!\",\"breadcrumb\":{\"@id\":\"https:\/\/banusrentals.com\/fr\/services-additionnels\/chef-prive-et-service-traiteur\/#breadcrumb\"},\"inLanguage\":\"fr-FR\",\"potentialAction\":[{\"@type\":\"ReadAction\",\"target\":[\"https:\/\/banusrentals.com\/fr\/services-additionnels\/chef-prive-et-service-traiteur\/\"]}]},{\"@type\":\"BreadcrumbList\",\"@id\":\"https:\/\/banusrentals.com\/fr\/services-additionnels\/chef-prive-et-service-traiteur\/#breadcrumb\",\"itemListElement\":[{\"@type\":\"ListItem\",\"position\":1,\"name\":\"Accueil\",\"item\":\"https:\/\/banusrentals.com\/fr\/\"},{\"@type\":\"ListItem\",\"position\":2,\"name\":\"Services additionnels\",\"item\":\"https:\/\/banusrentals.com\/fr\/services\/\"},{\"@type\":\"ListItem\",\"position\":3,\"name\":\"Chef priv\u00e9 et service traiteur\"}]},{\"@type\":\"WebSite\",\"@id\":\"https:\/\/banusrentals.com\/fr\/#website\",\"url\":\"https:\/\/banusrentals.com\/fr\/\",\"name\":\"Banus Rentals\",\"description\":\"\",\"potentialAction\":[{\"@type\":\"SearchAction\",\"target\":{\"@type\":\"EntryPoint\",\"urlTemplate\":\"https:\/\/banusrentals.com\/fr\/?s={search_term_string}\"},\"query-input\":{\"@type\":\"PropertyValueSpecification\",\"valueRequired\":true,\"valueName\":\"search_term_string\"}}],\"inLanguage\":\"fr-FR\"}]}<\/script>\n<!-- \/ Yoast SEO plugin. -->","yoast_head_json":{"title":"Chef priv\u00e9 et service traiteur - Banus Rentals","description":"Chef priv\u00e9 & traiteur \u00e0 Marbella avec menus sur mesure et saveurs uniques. Profitez d\u2019une gastronomie exclusive. R\u00e9servez vite\u202f!","robots":{"index":"index","follow":"follow","max-snippet":"max-snippet:-1","max-image-preview":"max-image-preview:large","max-video-preview":"max-video-preview:-1"},"canonical":"https:\/\/banusrentals.com\/fr\/services-additionnels\/chef-prive-et-service-traiteur\/page\/1\/","og_locale":"fr_FR","og_type":"article","og_title":"Chef priv\u00e9 et service traiteur - Banus Rentals","og_description":"Chef priv\u00e9 & traiteur \u00e0 Marbella avec menus sur mesure et saveurs uniques. Profitez d\u2019une gastronomie exclusive. R\u00e9servez vite\u202f!","og_url":"https:\/\/banusrentals.com\/fr\/services-additionnels\/chef-prive-et-service-traiteur\/","og_site_name":"Banus Rentals","article_publisher":"https:\/\/www.facebook.com\/BanusRentalsMarbella","article_modified_time":"2025-11-04T16:00:43+00:00","twitter_card":"summary_large_image","schema":{"@context":"https:\/\/schema.org","@graph":[{"@type":"WebPage","@id":"https:\/\/banusrentals.com\/fr\/services-additionnels\/chef-prive-et-service-traiteur\/","url":"https:\/\/banusrentals.com\/fr\/services-additionnels\/chef-prive-et-service-traiteur\/","name":"Chef priv\u00e9 et service traiteur - Banus Rentals","isPartOf":{"@id":"https:\/\/banusrentals.com\/fr\/#website"},"datePublished":"2025-07-29T13:00:14+00:00","dateModified":"2025-11-04T16:00:43+00:00","description":"Chef priv\u00e9 & traiteur \u00e0 Marbella avec menus sur mesure et saveurs uniques. Profitez d\u2019une gastronomie exclusive. R\u00e9servez vite\u202f!","breadcrumb":{"@id":"https:\/\/banusrentals.com\/fr\/services-additionnels\/chef-prive-et-service-traiteur\/#breadcrumb"},"inLanguage":"fr-FR","potentialAction":[{"@type":"ReadAction","target":["https:\/\/banusrentals.com\/fr\/services-additionnels\/chef-prive-et-service-traiteur\/"]}]},{"@type":"BreadcrumbList","@id":"https:\/\/banusrentals.com\/fr\/services-additionnels\/chef-prive-et-service-traiteur\/#breadcrumb","itemListElement":[{"@type":"ListItem","position":1,"name":"Accueil","item":"https:\/\/banusrentals.com\/fr\/"},{"@type":"ListItem","position":2,"name":"Services additionnels","item":"https:\/\/banusrentals.com\/fr\/services\/"},{"@type":"ListItem","position":3,"name":"Chef priv\u00e9 et service traiteur"}]},{"@type":"WebSite","@id":"https:\/\/banusrentals.com\/fr\/#website","url":"https:\/\/banusrentals.com\/fr\/","name":"Banus Rentals","description":"","potentialAction":[{"@type":"SearchAction","target":{"@type":"EntryPoint","urlTemplate":"https:\/\/banusrentals.com\/fr\/?s={search_term_string}"},"query-input":{"@type":"PropertyValueSpecification","valueRequired":true,"valueName":"search_term_string"}}],"inLanguage":"fr-FR"}]}},"_links":{"self":[{"href":"https:\/\/banusrentals.com\/fr\/wp-json\/wp\/v2\/pages\/26667","targetHints":{"allow":["GET"]}}],"collection":[{"href":"https:\/\/banusrentals.com\/fr\/wp-json\/wp\/v2\/pages"}],"about":[{"href":"https:\/\/banusrentals.com\/fr\/wp-json\/wp\/v2\/types\/page"}],"author":[{"embeddable":true,"href":"https:\/\/banusrentals.com\/fr\/wp-json\/wp\/v2\/users\/1"}],"replies":[{"embeddable":true,"href":"https:\/\/banusrentals.com\/fr\/wp-json\/wp\/v2\/comments?post=26667"}],"version-history":[{"count":3,"href":"https:\/\/banusrentals.com\/fr\/wp-json\/wp\/v2\/pages\/26667\/revisions"}],"predecessor-version":[{"id":27536,"href":"https:\/\/banusrentals.com\/fr\/wp-json\/wp\/v2\/pages\/26667\/revisions\/27536"}],"up":[{"embeddable":true,"href":"https:\/\/banusrentals.com\/fr\/wp-json\/wp\/v2\/pages\/26501"}],"wp:attachment":[{"href":"https:\/\/banusrentals.com\/fr\/wp-json\/wp\/v2\/media?parent=26667"}],"curies":[{"name":"wp","href":"https:\/\/api.w.org\/{rel}","templated":true}]}}