{"id":26672,"date":"2025-07-23T10:00:18","date_gmt":"2025-07-23T08:00:18","guid":{"rendered":"https:\/\/banusrentals.com\/?page_id=26672"},"modified":"2025-08-04T14:02:44","modified_gmt":"2025-08-04T12:02:44","slug":"bien-etre","status":"publish","type":"page","link":"https:\/\/banusrentals.com\/fr\/services-additionnels\/bien-etre\/","title":{"rendered":"Bien-\u00eatre"},"content":{"rendered":"","protected":false},"excerpt":{"rendered":"<p>Marbella est la destination id\u00e9ale pour prendre soin du corps, de la sant\u00e9 et du bien-\u00eatre global. Ce lieu privil\u00e9gi\u00e9 de la M\u00e9diterran\u00e9e offre d\u2019innombrables possibilit\u00e9s \u00e0 ceux qui recherchent une escapade plac\u00e9e sous le signe du bien-\u00eatre.<\/p>\n","protected":false},"author":1,"featured_media":24944,"parent":26501,"menu_order":0,"comment_status":"closed","ping_status":"closed","template":"","meta":{"_acf_changed":false,"footnotes":""},"class_list":["post-26672","page","type-page","status-publish","has-post-thumbnail","hentry"],"acf":[],"yoast_head":"<!-- This site is optimized with the Yoast SEO plugin v24.8 - https:\/\/yoast.com\/wordpress\/plugins\/seo\/ -->\n<title>Bien-\u00eatre - Banus Rentals<\/title>\n<meta name=\"description\" content=\"Bien-\u00eatre \u00e0 Marbella : massages, yoga et th\u00e9rapies pour corps et esprit. Vivez le luxe de prendre soin de vous. R\u00e9servez vite\u202f!\" \/>\n<meta name=\"robots\" content=\"index, follow, max-snippet:-1, max-image-preview:large, max-video-preview:-1\" \/>\n<link rel=\"canonical\" href=\"https:\/\/banusrentals.com\/fr\/services-additionnels\/bien-etre\/page\/1\/\" \/>\n<meta property=\"og:locale\" content=\"fr_FR\" \/>\n<meta property=\"og:type\" content=\"article\" \/>\n<meta property=\"og:title\" content=\"Bien-\u00eatre - Banus Rentals\" \/>\n<meta property=\"og:description\" content=\"Bien-\u00eatre \u00e0 Marbella : massages, yoga et th\u00e9rapies pour corps et esprit. Vivez le luxe de prendre soin de vous. R\u00e9servez vite\u202f!\" \/>\n<meta property=\"og:url\" content=\"https:\/\/banusrentals.com\/fr\/services-additionnels\/bien-etre\/\" \/>\n<meta property=\"og:site_name\" content=\"Banus Rentals\" \/>\n<meta property=\"article:publisher\" content=\"https:\/\/www.facebook.com\/BanusRentalsMarbella\" \/>\n<meta property=\"article:modified_time\" content=\"2025-08-04T12:02:44+00:00\" \/>\n<meta property=\"og:image\" content=\"https:\/\/banusrentals.com\/wp-content\/uploads\/2025\/07\/wellness.png\" \/>\n\t<meta property=\"og:image:width\" content=\"619\" \/>\n\t<meta property=\"og:image:height\" content=\"265\" \/>\n\t<meta property=\"og:image:type\" content=\"image\/png\" \/>\n<meta name=\"twitter:card\" content=\"summary_large_image\" \/>\n<meta name=\"twitter:label1\" content=\"Dur\u00e9e de lecture estim\u00e9e\" \/>\n\t<meta name=\"twitter:data1\" content=\"1 minute\" \/>\n<script type=\"application\/ld+json\" class=\"yoast-schema-graph\">{\"@context\":\"https:\/\/schema.org\",\"@graph\":[{\"@type\":\"WebPage\",\"@id\":\"https:\/\/banusrentals.com\/fr\/services-additionnels\/bien-etre\/\",\"url\":\"https:\/\/banusrentals.com\/fr\/services-additionnels\/bien-etre\/\",\"name\":\"Bien-\u00eatre - Banus Rentals\",\"isPartOf\":{\"@id\":\"https:\/\/banusrentals.com\/fr\/#website\"},\"primaryImageOfPage\":{\"@id\":\"https:\/\/banusrentals.com\/fr\/services-additionnels\/bien-etre\/#primaryimage\"},\"image\":{\"@id\":\"https:\/\/banusrentals.com\/fr\/services-additionnels\/bien-etre\/#primaryimage\"},\"thumbnailUrl\":\"https:\/\/banusrentals.com\/wp-content\/uploads\/2025\/07\/wellness.png\",\"datePublished\":\"2025-07-23T08:00:18+00:00\",\"dateModified\":\"2025-08-04T12:02:44+00:00\",\"description\":\"Bien-\u00eatre \u00e0 Marbella : massages, yoga et th\u00e9rapies pour corps et esprit. Vivez le luxe de prendre soin de vous. R\u00e9servez vite\u202f!\",\"breadcrumb\":{\"@id\":\"https:\/\/banusrentals.com\/fr\/services-additionnels\/bien-etre\/#breadcrumb\"},\"inLanguage\":\"fr-FR\",\"potentialAction\":[{\"@type\":\"ReadAction\",\"target\":[\"https:\/\/banusrentals.com\/fr\/services-additionnels\/bien-etre\/\"]}]},{\"@type\":\"ImageObject\",\"inLanguage\":\"fr-FR\",\"@id\":\"https:\/\/banusrentals.com\/fr\/services-additionnels\/bien-etre\/#primaryimage\",\"url\":\"https:\/\/banusrentals.com\/wp-content\/uploads\/2025\/07\/wellness.png\",\"contentUrl\":\"https:\/\/banusrentals.com\/wp-content\/uploads\/2025\/07\/wellness.png\",\"width\":619,\"height\":265},{\"@type\":\"BreadcrumbList\",\"@id\":\"https:\/\/banusrentals.com\/fr\/services-additionnels\/bien-etre\/#breadcrumb\",\"itemListElement\":[{\"@type\":\"ListItem\",\"position\":1,\"name\":\"Accueil\",\"item\":\"https:\/\/banusrentals.com\/fr\/\"},{\"@type\":\"ListItem\",\"position\":2,\"name\":\"Services additionnels\",\"item\":\"https:\/\/banusrentals.com\/fr\/services\/\"},{\"@type\":\"ListItem\",\"position\":3,\"name\":\"Bien-\u00eatre\"}]},{\"@type\":\"WebSite\",\"@id\":\"https:\/\/banusrentals.com\/fr\/#website\",\"url\":\"https:\/\/banusrentals.com\/fr\/\",\"name\":\"Banus Rentals\",\"description\":\"\",\"potentialAction\":[{\"@type\":\"SearchAction\",\"target\":{\"@type\":\"EntryPoint\",\"urlTemplate\":\"https:\/\/banusrentals.com\/fr\/?s={search_term_string}\"},\"query-input\":{\"@type\":\"PropertyValueSpecification\",\"valueRequired\":true,\"valueName\":\"search_term_string\"}}],\"inLanguage\":\"fr-FR\"}]}<\/script>\n<!-- \/ Yoast SEO plugin. -->","yoast_head_json":{"title":"Bien-\u00eatre - Banus Rentals","description":"Bien-\u00eatre \u00e0 Marbella : massages, yoga et th\u00e9rapies pour corps et esprit. Vivez le luxe de prendre soin de vous. R\u00e9servez vite\u202f!","robots":{"index":"index","follow":"follow","max-snippet":"max-snippet:-1","max-image-preview":"max-image-preview:large","max-video-preview":"max-video-preview:-1"},"canonical":"https:\/\/banusrentals.com\/fr\/services-additionnels\/bien-etre\/page\/1\/","og_locale":"fr_FR","og_type":"article","og_title":"Bien-\u00eatre - Banus Rentals","og_description":"Bien-\u00eatre \u00e0 Marbella : massages, yoga et th\u00e9rapies pour corps et esprit. Vivez le luxe de prendre soin de vous. R\u00e9servez vite\u202f!","og_url":"https:\/\/banusrentals.com\/fr\/services-additionnels\/bien-etre\/","og_site_name":"Banus Rentals","article_publisher":"https:\/\/www.facebook.com\/BanusRentalsMarbella","article_modified_time":"2025-08-04T12:02:44+00:00","og_image":[{"width":619,"height":265,"url":"https:\/\/banusrentals.com\/wp-content\/uploads\/2025\/07\/wellness.png","type":"image\/png"}],"twitter_card":"summary_large_image","twitter_misc":{"Dur\u00e9e de lecture estim\u00e9e":"1 minute"},"schema":{"@context":"https:\/\/schema.org","@graph":[{"@type":"WebPage","@id":"https:\/\/banusrentals.com\/fr\/services-additionnels\/bien-etre\/","url":"https:\/\/banusrentals.com\/fr\/services-additionnels\/bien-etre\/","name":"Bien-\u00eatre - Banus Rentals","isPartOf":{"@id":"https:\/\/banusrentals.com\/fr\/#website"},"primaryImageOfPage":{"@id":"https:\/\/banusrentals.com\/fr\/services-additionnels\/bien-etre\/#primaryimage"},"image":{"@id":"https:\/\/banusrentals.com\/fr\/services-additionnels\/bien-etre\/#primaryimage"},"thumbnailUrl":"https:\/\/banusrentals.com\/wp-content\/uploads\/2025\/07\/wellness.png","datePublished":"2025-07-23T08:00:18+00:00","dateModified":"2025-08-04T12:02:44+00:00","description":"Bien-\u00eatre \u00e0 Marbella : massages, yoga et th\u00e9rapies pour corps et esprit. Vivez le luxe de prendre soin de vous. R\u00e9servez vite\u202f!","breadcrumb":{"@id":"https:\/\/banusrentals.com\/fr\/services-additionnels\/bien-etre\/#breadcrumb"},"inLanguage":"fr-FR","potentialAction":[{"@type":"ReadAction","target":["https:\/\/banusrentals.com\/fr\/services-additionnels\/bien-etre\/"]}]},{"@type":"ImageObject","inLanguage":"fr-FR","@id":"https:\/\/banusrentals.com\/fr\/services-additionnels\/bien-etre\/#primaryimage","url":"https:\/\/banusrentals.com\/wp-content\/uploads\/2025\/07\/wellness.png","contentUrl":"https:\/\/banusrentals.com\/wp-content\/uploads\/2025\/07\/wellness.png","width":619,"height":265},{"@type":"BreadcrumbList","@id":"https:\/\/banusrentals.com\/fr\/services-additionnels\/bien-etre\/#breadcrumb","itemListElement":[{"@type":"ListItem","position":1,"name":"Accueil","item":"https:\/\/banusrentals.com\/fr\/"},{"@type":"ListItem","position":2,"name":"Services additionnels","item":"https:\/\/banusrentals.com\/fr\/services\/"},{"@type":"ListItem","position":3,"name":"Bien-\u00eatre"}]},{"@type":"WebSite","@id":"https:\/\/banusrentals.com\/fr\/#website","url":"https:\/\/banusrentals.com\/fr\/","name":"Banus Rentals","description":"","potentialAction":[{"@type":"SearchAction","target":{"@type":"EntryPoint","urlTemplate":"https:\/\/banusrentals.com\/fr\/?s={search_term_string}"},"query-input":{"@type":"PropertyValueSpecification","valueRequired":true,"valueName":"search_term_string"}}],"inLanguage":"fr-FR"}]}},"_links":{"self":[{"href":"https:\/\/banusrentals.com\/fr\/wp-json\/wp\/v2\/pages\/26672","targetHints":{"allow":["GET"]}}],"collection":[{"href":"https:\/\/banusrentals.com\/fr\/wp-json\/wp\/v2\/pages"}],"about":[{"href":"https:\/\/banusrentals.com\/fr\/wp-json\/wp\/v2\/types\/page"}],"author":[{"embeddable":true,"href":"https:\/\/banusrentals.com\/fr\/wp-json\/wp\/v2\/users\/1"}],"replies":[{"embeddable":true,"href":"https:\/\/banusrentals.com\/fr\/wp-json\/wp\/v2\/comments?post=26672"}],"version-history":[{"count":2,"href":"https:\/\/banusrentals.com\/fr\/wp-json\/wp\/v2\/pages\/26672\/revisions"}],"predecessor-version":[{"id":27532,"href":"https:\/\/banusrentals.com\/fr\/wp-json\/wp\/v2\/pages\/26672\/revisions\/27532"}],"up":[{"embeddable":true,"href":"https:\/\/banusrentals.com\/fr\/wp-json\/wp\/v2\/pages\/26501"}],"wp:featuredmedia":[{"embeddable":true,"href":"https:\/\/banusrentals.com\/fr\/wp-json\/wp\/v2\/media\/24944"}],"wp:attachment":[{"href":"https:\/\/banusrentals.com\/fr\/wp-json\/wp\/v2\/media?parent=26672"}],"curies":[{"name":"wp","href":"https:\/\/api.w.org\/{rel}","templated":true}]}}