{"id":26678,"date":"2025-04-04T14:41:41","date_gmt":"2025-04-04T12:41:41","guid":{"rendered":"https:\/\/banusrentals.com\/?page_id=26678"},"modified":"2025-11-21T15:12:18","modified_gmt":"2025-11-21T14:12:18","slug":"politique-de-confidencialite","status":"publish","type":"page","link":"https:\/\/banusrentals.com\/fr\/politique-de-confidencialite\/","title":{"rendered":"Politique de confidencialit\u00e9"},"content":{"rendered":"","protected":false},"excerpt":{"rendered":"","protected":false},"author":1,"featured_media":0,"parent":0,"menu_order":0,"comment_status":"closed","ping_status":"closed","template":"","meta":{"_acf_changed":false,"footnotes":""},"class_list":["post-26678","page","type-page","status-publish","hentry"],"acf":[],"yoast_head":"<!-- This site is optimized with the Yoast SEO plugin v24.8 - https:\/\/yoast.com\/wordpress\/plugins\/seo\/ -->\n<title>Politique de confidencialit\u00e9 - Banus Rentals<\/title>\n<meta name=\"description\" content=\"D\u00e9couvrez comment nous prot\u00e9geons vos donn\u00e9es personnelles, vos droits en mati\u00e8re de confidentialit\u00e9 et la mani\u00e8re dont nous utilisons les informations.\" \/>\n<meta name=\"robots\" content=\"index, follow, max-snippet:-1, max-image-preview:large, max-video-preview:-1\" \/>\n<link rel=\"canonical\" href=\"https:\/\/banusrentals.com\/fr\/politique-de-confidencialite\/page\/1\/\" \/>\n<meta property=\"og:locale\" content=\"fr_FR\" \/>\n<meta property=\"og:type\" content=\"article\" \/>\n<meta property=\"og:title\" content=\"Politique de confidencialit\u00e9 - Banus Rentals\" \/>\n<meta property=\"og:description\" content=\"D\u00e9couvrez comment nous prot\u00e9geons vos donn\u00e9es personnelles, vos droits en mati\u00e8re de confidentialit\u00e9 et la mani\u00e8re dont nous utilisons les informations.\" \/>\n<meta property=\"og:url\" content=\"https:\/\/banusrentals.com\/fr\/politique-de-confidencialite\/\" \/>\n<meta property=\"og:site_name\" content=\"Banus Rentals\" \/>\n<meta property=\"article:publisher\" content=\"https:\/\/www.facebook.com\/BanusRentalsMarbella\" \/>\n<meta property=\"article:modified_time\" content=\"2025-11-21T14:12:18+00:00\" \/>\n<meta name=\"twitter:card\" content=\"summary_large_image\" \/>\n<script type=\"application\/ld+json\" class=\"yoast-schema-graph\">{\"@context\":\"https:\/\/schema.org\",\"@graph\":[{\"@type\":\"WebPage\",\"@id\":\"https:\/\/banusrentals.com\/fr\/politique-de-confidencialite\/\",\"url\":\"https:\/\/banusrentals.com\/fr\/politique-de-confidencialite\/\",\"name\":\"Politique de confidencialit\u00e9 - Banus Rentals\",\"isPartOf\":{\"@id\":\"https:\/\/banusrentals.com\/fr\/#website\"},\"datePublished\":\"2025-04-04T12:41:41+00:00\",\"dateModified\":\"2025-11-21T14:12:18+00:00\",\"description\":\"D\u00e9couvrez comment nous prot\u00e9geons vos donn\u00e9es personnelles, vos droits en mati\u00e8re de confidentialit\u00e9 et la mani\u00e8re dont nous utilisons les informations.\",\"breadcrumb\":{\"@id\":\"https:\/\/banusrentals.com\/fr\/politique-de-confidencialite\/#breadcrumb\"},\"inLanguage\":\"fr-FR\",\"potentialAction\":[{\"@type\":\"ReadAction\",\"target\":[\"https:\/\/banusrentals.com\/fr\/politique-de-confidencialite\/\"]}]},{\"@type\":\"BreadcrumbList\",\"@id\":\"https:\/\/banusrentals.com\/fr\/politique-de-confidencialite\/#breadcrumb\",\"itemListElement\":[{\"@type\":\"ListItem\",\"position\":1,\"name\":\"Accueil\",\"item\":\"https:\/\/banusrentals.com\/fr\/\"},{\"@type\":\"ListItem\",\"position\":2,\"name\":\"Politique de confidencialit\u00e9\"}]},{\"@type\":\"WebSite\",\"@id\":\"https:\/\/banusrentals.com\/fr\/#website\",\"url\":\"https:\/\/banusrentals.com\/fr\/\",\"name\":\"Banus Rentals\",\"description\":\"\",\"potentialAction\":[{\"@type\":\"SearchAction\",\"target\":{\"@type\":\"EntryPoint\",\"urlTemplate\":\"https:\/\/banusrentals.com\/fr\/?s={search_term_string}\"},\"query-input\":{\"@type\":\"PropertyValueSpecification\",\"valueRequired\":true,\"valueName\":\"search_term_string\"}}],\"inLanguage\":\"fr-FR\"}]}<\/script>\n<!-- \/ Yoast SEO plugin. -->","yoast_head_json":{"title":"Politique de confidencialit\u00e9 - Banus Rentals","description":"D\u00e9couvrez comment nous prot\u00e9geons vos donn\u00e9es personnelles, vos droits en mati\u00e8re de confidentialit\u00e9 et la mani\u00e8re dont nous utilisons les informations.","robots":{"index":"index","follow":"follow","max-snippet":"max-snippet:-1","max-image-preview":"max-image-preview:large","max-video-preview":"max-video-preview:-1"},"canonical":"https:\/\/banusrentals.com\/fr\/politique-de-confidencialite\/page\/1\/","og_locale":"fr_FR","og_type":"article","og_title":"Politique de confidencialit\u00e9 - Banus Rentals","og_description":"D\u00e9couvrez comment nous prot\u00e9geons vos donn\u00e9es personnelles, vos droits en mati\u00e8re de confidentialit\u00e9 et la mani\u00e8re dont nous utilisons les informations.","og_url":"https:\/\/banusrentals.com\/fr\/politique-de-confidencialite\/","og_site_name":"Banus Rentals","article_publisher":"https:\/\/www.facebook.com\/BanusRentalsMarbella","article_modified_time":"2025-11-21T14:12:18+00:00","twitter_card":"summary_large_image","schema":{"@context":"https:\/\/schema.org","@graph":[{"@type":"WebPage","@id":"https:\/\/banusrentals.com\/fr\/politique-de-confidencialite\/","url":"https:\/\/banusrentals.com\/fr\/politique-de-confidencialite\/","name":"Politique de confidencialit\u00e9 - Banus Rentals","isPartOf":{"@id":"https:\/\/banusrentals.com\/fr\/#website"},"datePublished":"2025-04-04T12:41:41+00:00","dateModified":"2025-11-21T14:12:18+00:00","description":"D\u00e9couvrez comment nous prot\u00e9geons vos donn\u00e9es personnelles, vos droits en mati\u00e8re de confidentialit\u00e9 et la mani\u00e8re dont nous utilisons les informations.","breadcrumb":{"@id":"https:\/\/banusrentals.com\/fr\/politique-de-confidencialite\/#breadcrumb"},"inLanguage":"fr-FR","potentialAction":[{"@type":"ReadAction","target":["https:\/\/banusrentals.com\/fr\/politique-de-confidencialite\/"]}]},{"@type":"BreadcrumbList","@id":"https:\/\/banusrentals.com\/fr\/politique-de-confidencialite\/#breadcrumb","itemListElement":[{"@type":"ListItem","position":1,"name":"Accueil","item":"https:\/\/banusrentals.com\/fr\/"},{"@type":"ListItem","position":2,"name":"Politique de confidencialit\u00e9"}]},{"@type":"WebSite","@id":"https:\/\/banusrentals.com\/fr\/#website","url":"https:\/\/banusrentals.com\/fr\/","name":"Banus Rentals","description":"","potentialAction":[{"@type":"SearchAction","target":{"@type":"EntryPoint","urlTemplate":"https:\/\/banusrentals.com\/fr\/?s={search_term_string}"},"query-input":{"@type":"PropertyValueSpecification","valueRequired":true,"valueName":"search_term_string"}}],"inLanguage":"fr-FR"}]}},"_links":{"self":[{"href":"https:\/\/banusrentals.com\/fr\/wp-json\/wp\/v2\/pages\/26678","targetHints":{"allow":["GET"]}}],"collection":[{"href":"https:\/\/banusrentals.com\/fr\/wp-json\/wp\/v2\/pages"}],"about":[{"href":"https:\/\/banusrentals.com\/fr\/wp-json\/wp\/v2\/types\/page"}],"author":[{"embeddable":true,"href":"https:\/\/banusrentals.com\/fr\/wp-json\/wp\/v2\/users\/1"}],"replies":[{"embeddable":true,"href":"https:\/\/banusrentals.com\/fr\/wp-json\/wp\/v2\/comments?post=26678"}],"version-history":[{"count":3,"href":"https:\/\/banusrentals.com\/fr\/wp-json\/wp\/v2\/pages\/26678\/revisions"}],"predecessor-version":[{"id":27676,"href":"https:\/\/banusrentals.com\/fr\/wp-json\/wp\/v2\/pages\/26678\/revisions\/27676"}],"wp:attachment":[{"href":"https:\/\/banusrentals.com\/fr\/wp-json\/wp\/v2\/media?parent=26678"}],"curies":[{"name":"wp","href":"https:\/\/api.w.org\/{rel}","templated":true}]}}