{"id":26683,"date":"2025-06-06T08:49:01","date_gmt":"2025-06-06T06:49:01","guid":{"rendered":"https:\/\/banusrentals.com\/?page_id=26683"},"modified":"2026-03-23T11:40:17","modified_gmt":"2026-03-23T10:40:17","slug":"offres","status":"publish","type":"page","link":"https:\/\/banusrentals.com\/fr\/offres\/","title":{"rendered":"Offres"},"content":{"rendered":"","protected":false},"excerpt":{"rendered":"","protected":false},"author":1,"featured_media":0,"parent":0,"menu_order":0,"comment_status":"closed","ping_status":"closed","template":"template-offers.php","meta":{"_acf_changed":false,"footnotes":""},"class_list":["post-26683","page","type-page","status-publish","hentry"],"acf":[],"yoast_head":"<!-- This site is optimized with the Yoast SEO plugin v24.8 - https:\/\/yoast.com\/wordpress\/plugins\/seo\/ -->\n<title>Offres - Banus Rentals<\/title>\n<meta name=\"description\" content=\"Offres \u00e0 Marbella et sur la Costa del Sol \u00e0 prix irr\u00e9sistibles. Assurez votre escapade parfaite avec Banus Rentals. R\u00e9servez vite\u202f!\" \/>\n<meta name=\"robots\" content=\"index, follow, max-snippet:-1, max-image-preview:large, max-video-preview:-1\" \/>\n<link rel=\"canonical\" href=\"https:\/\/banusrentals.com\/fr\/offres\/page\/1\/\" \/>\n<meta property=\"og:locale\" content=\"fr_FR\" \/>\n<meta property=\"og:type\" content=\"article\" \/>\n<meta property=\"og:title\" content=\"Offres - Banus Rentals\" \/>\n<meta property=\"og:description\" content=\"Offres \u00e0 Marbella et sur la Costa del Sol \u00e0 prix irr\u00e9sistibles. Assurez votre escapade parfaite avec Banus Rentals. R\u00e9servez vite\u202f!\" \/>\n<meta property=\"og:url\" content=\"https:\/\/banusrentals.com\/fr\/offres\/\" \/>\n<meta property=\"og:site_name\" content=\"Banus Rentals\" \/>\n<meta property=\"article:publisher\" content=\"https:\/\/www.facebook.com\/BanusRentalsMarbella\" \/>\n<meta property=\"article:modified_time\" content=\"2026-03-23T10:40:17+00:00\" \/>\n<meta name=\"twitter:card\" content=\"summary_large_image\" \/>\n<script type=\"application\/ld+json\" class=\"yoast-schema-graph\">{\"@context\":\"https:\/\/schema.org\",\"@graph\":[{\"@type\":\"WebPage\",\"@id\":\"https:\/\/banusrentals.com\/fr\/offres\/\",\"url\":\"https:\/\/banusrentals.com\/fr\/offres\/\",\"name\":\"Offres - Banus Rentals\",\"isPartOf\":{\"@id\":\"https:\/\/banusrentals.com\/fr\/#website\"},\"datePublished\":\"2025-06-06T06:49:01+00:00\",\"dateModified\":\"2026-03-23T10:40:17+00:00\",\"description\":\"Offres \u00e0 Marbella et sur la Costa del Sol \u00e0 prix irr\u00e9sistibles. Assurez votre escapade parfaite avec Banus Rentals. R\u00e9servez vite\u202f!\",\"breadcrumb\":{\"@id\":\"https:\/\/banusrentals.com\/fr\/offres\/#breadcrumb\"},\"inLanguage\":\"fr-FR\",\"potentialAction\":[{\"@type\":\"ReadAction\",\"target\":[\"https:\/\/banusrentals.com\/fr\/offres\/\"]}]},{\"@type\":\"BreadcrumbList\",\"@id\":\"https:\/\/banusrentals.com\/fr\/offres\/#breadcrumb\",\"itemListElement\":[{\"@type\":\"ListItem\",\"position\":1,\"name\":\"Accueil\",\"item\":\"https:\/\/banusrentals.com\/fr\/\"},{\"@type\":\"ListItem\",\"position\":2,\"name\":\"Offres\"}]},{\"@type\":\"WebSite\",\"@id\":\"https:\/\/banusrentals.com\/fr\/#website\",\"url\":\"https:\/\/banusrentals.com\/fr\/\",\"name\":\"Banus Rentals\",\"description\":\"\",\"potentialAction\":[{\"@type\":\"SearchAction\",\"target\":{\"@type\":\"EntryPoint\",\"urlTemplate\":\"https:\/\/banusrentals.com\/fr\/?s={search_term_string}\"},\"query-input\":{\"@type\":\"PropertyValueSpecification\",\"valueRequired\":true,\"valueName\":\"search_term_string\"}}],\"inLanguage\":\"fr-FR\"}]}<\/script>\n<!-- \/ Yoast SEO plugin. -->","yoast_head_json":{"title":"Offres - Banus Rentals","description":"Offres \u00e0 Marbella et sur la Costa del Sol \u00e0 prix irr\u00e9sistibles. Assurez votre escapade parfaite avec Banus Rentals. R\u00e9servez vite\u202f!","robots":{"index":"index","follow":"follow","max-snippet":"max-snippet:-1","max-image-preview":"max-image-preview:large","max-video-preview":"max-video-preview:-1"},"canonical":"https:\/\/banusrentals.com\/fr\/offres\/page\/1\/","og_locale":"fr_FR","og_type":"article","og_title":"Offres - Banus Rentals","og_description":"Offres \u00e0 Marbella et sur la Costa del Sol \u00e0 prix irr\u00e9sistibles. Assurez votre escapade parfaite avec Banus Rentals. R\u00e9servez vite\u202f!","og_url":"https:\/\/banusrentals.com\/fr\/offres\/","og_site_name":"Banus Rentals","article_publisher":"https:\/\/www.facebook.com\/BanusRentalsMarbella","article_modified_time":"2026-03-23T10:40:17+00:00","twitter_card":"summary_large_image","schema":{"@context":"https:\/\/schema.org","@graph":[{"@type":"WebPage","@id":"https:\/\/banusrentals.com\/fr\/offres\/","url":"https:\/\/banusrentals.com\/fr\/offres\/","name":"Offres - Banus Rentals","isPartOf":{"@id":"https:\/\/banusrentals.com\/fr\/#website"},"datePublished":"2025-06-06T06:49:01+00:00","dateModified":"2026-03-23T10:40:17+00:00","description":"Offres \u00e0 Marbella et sur la Costa del Sol \u00e0 prix irr\u00e9sistibles. Assurez votre escapade parfaite avec Banus Rentals. R\u00e9servez vite\u202f!","breadcrumb":{"@id":"https:\/\/banusrentals.com\/fr\/offres\/#breadcrumb"},"inLanguage":"fr-FR","potentialAction":[{"@type":"ReadAction","target":["https:\/\/banusrentals.com\/fr\/offres\/"]}]},{"@type":"BreadcrumbList","@id":"https:\/\/banusrentals.com\/fr\/offres\/#breadcrumb","itemListElement":[{"@type":"ListItem","position":1,"name":"Accueil","item":"https:\/\/banusrentals.com\/fr\/"},{"@type":"ListItem","position":2,"name":"Offres"}]},{"@type":"WebSite","@id":"https:\/\/banusrentals.com\/fr\/#website","url":"https:\/\/banusrentals.com\/fr\/","name":"Banus Rentals","description":"","potentialAction":[{"@type":"SearchAction","target":{"@type":"EntryPoint","urlTemplate":"https:\/\/banusrentals.com\/fr\/?s={search_term_string}"},"query-input":{"@type":"PropertyValueSpecification","valueRequired":true,"valueName":"search_term_string"}}],"inLanguage":"fr-FR"}]}},"_links":{"self":[{"href":"https:\/\/banusrentals.com\/fr\/wp-json\/wp\/v2\/pages\/26683","targetHints":{"allow":["GET"]}}],"collection":[{"href":"https:\/\/banusrentals.com\/fr\/wp-json\/wp\/v2\/pages"}],"about":[{"href":"https:\/\/banusrentals.com\/fr\/wp-json\/wp\/v2\/types\/page"}],"author":[{"embeddable":true,"href":"https:\/\/banusrentals.com\/fr\/wp-json\/wp\/v2\/users\/1"}],"replies":[{"embeddable":true,"href":"https:\/\/banusrentals.com\/fr\/wp-json\/wp\/v2\/comments?post=26683"}],"version-history":[{"count":10,"href":"https:\/\/banusrentals.com\/fr\/wp-json\/wp\/v2\/pages\/26683\/revisions"}],"predecessor-version":[{"id":31008,"href":"https:\/\/banusrentals.com\/fr\/wp-json\/wp\/v2\/pages\/26683\/revisions\/31008"}],"wp:attachment":[{"href":"https:\/\/banusrentals.com\/fr\/wp-json\/wp\/v2\/media?parent=26683"}],"curies":[{"name":"wp","href":"https:\/\/api.w.org\/{rel}","templated":true}]}}