{"id":26685,"date":"2025-06-06T08:46:43","date_gmt":"2025-06-06T06:46:43","guid":{"rendered":"https:\/\/banusrentals.com\/?page_id=26685"},"modified":"2025-11-21T15:14:45","modified_gmt":"2025-11-21T14:14:45","slug":"termes-et-conditions","status":"publish","type":"page","link":"https:\/\/banusrentals.com\/fr\/termes-et-conditions\/","title":{"rendered":"Termes et conditions"},"content":{"rendered":"","protected":false},"excerpt":{"rendered":"","protected":false},"author":1,"featured_media":0,"parent":0,"menu_order":0,"comment_status":"closed","ping_status":"closed","template":"","meta":{"_acf_changed":false,"footnotes":""},"class_list":["post-26685","page","type-page","status-publish","hentry"],"acf":[],"yoast_head":"<!-- This site is optimized with the Yoast SEO plugin v24.8 - https:\/\/yoast.com\/wordpress\/plugins\/seo\/ -->\n<title>Exp\u00e9riences - Banus Rentals<\/title>\n<meta name=\"description\" content=\"Consultez nos termes et conditions pour conna\u00eetre les r\u00e8gles d\u2019utilisation, obligations, droits des utilisateurs et conditions g\u00e9n\u00e9rales de notre service.\" \/>\n<meta name=\"robots\" content=\"index, follow, max-snippet:-1, max-image-preview:large, max-video-preview:-1\" \/>\n<link rel=\"canonical\" href=\"https:\/\/banusrentals.com\/fr\/termes-et-conditions\/page\/1\/\" \/>\n<meta property=\"og:locale\" content=\"fr_FR\" \/>\n<meta property=\"og:type\" content=\"article\" \/>\n<meta property=\"og:title\" content=\"Exp\u00e9riences - Banus Rentals\" \/>\n<meta property=\"og:description\" content=\"Consultez nos termes et conditions pour conna\u00eetre les r\u00e8gles d\u2019utilisation, obligations, droits des utilisateurs et conditions g\u00e9n\u00e9rales de notre service.\" \/>\n<meta property=\"og:url\" content=\"https:\/\/banusrentals.com\/fr\/termes-et-conditions\/\" \/>\n<meta property=\"og:site_name\" content=\"Banus Rentals\" \/>\n<meta property=\"article:publisher\" content=\"https:\/\/www.facebook.com\/BanusRentalsMarbella\" \/>\n<meta property=\"article:modified_time\" content=\"2025-11-21T14:14:45+00:00\" \/>\n<meta name=\"twitter:card\" content=\"summary_large_image\" \/>\n<script type=\"application\/ld+json\" class=\"yoast-schema-graph\">{\"@context\":\"https:\/\/schema.org\",\"@graph\":[{\"@type\":\"WebPage\",\"@id\":\"https:\/\/banusrentals.com\/fr\/termes-et-conditions\/\",\"url\":\"https:\/\/banusrentals.com\/fr\/termes-et-conditions\/\",\"name\":\"Exp\u00e9riences - Banus Rentals\",\"isPartOf\":{\"@id\":\"https:\/\/banusrentals.com\/fr\/#website\"},\"datePublished\":\"2025-06-06T06:46:43+00:00\",\"dateModified\":\"2025-11-21T14:14:45+00:00\",\"description\":\"Consultez nos termes et conditions pour conna\u00eetre les r\u00e8gles d\u2019utilisation, obligations, droits des utilisateurs et conditions g\u00e9n\u00e9rales de notre service.\",\"breadcrumb\":{\"@id\":\"https:\/\/banusrentals.com\/fr\/termes-et-conditions\/#breadcrumb\"},\"inLanguage\":\"fr-FR\",\"potentialAction\":[{\"@type\":\"ReadAction\",\"target\":[\"https:\/\/banusrentals.com\/fr\/termes-et-conditions\/\"]}]},{\"@type\":\"BreadcrumbList\",\"@id\":\"https:\/\/banusrentals.com\/fr\/termes-et-conditions\/#breadcrumb\",\"itemListElement\":[{\"@type\":\"ListItem\",\"position\":1,\"name\":\"Accueil\",\"item\":\"https:\/\/banusrentals.com\/fr\/\"},{\"@type\":\"ListItem\",\"position\":2,\"name\":\"Termes et conditions\"}]},{\"@type\":\"WebSite\",\"@id\":\"https:\/\/banusrentals.com\/fr\/#website\",\"url\":\"https:\/\/banusrentals.com\/fr\/\",\"name\":\"Banus Rentals\",\"description\":\"\",\"potentialAction\":[{\"@type\":\"SearchAction\",\"target\":{\"@type\":\"EntryPoint\",\"urlTemplate\":\"https:\/\/banusrentals.com\/fr\/?s={search_term_string}\"},\"query-input\":{\"@type\":\"PropertyValueSpecification\",\"valueRequired\":true,\"valueName\":\"search_term_string\"}}],\"inLanguage\":\"fr-FR\"}]}<\/script>\n<!-- \/ Yoast SEO plugin. -->","yoast_head_json":{"title":"Exp\u00e9riences - Banus Rentals","description":"Consultez nos termes et conditions pour conna\u00eetre les r\u00e8gles d\u2019utilisation, obligations, droits des utilisateurs et conditions g\u00e9n\u00e9rales de notre service.","robots":{"index":"index","follow":"follow","max-snippet":"max-snippet:-1","max-image-preview":"max-image-preview:large","max-video-preview":"max-video-preview:-1"},"canonical":"https:\/\/banusrentals.com\/fr\/termes-et-conditions\/page\/1\/","og_locale":"fr_FR","og_type":"article","og_title":"Exp\u00e9riences - Banus Rentals","og_description":"Consultez nos termes et conditions pour conna\u00eetre les r\u00e8gles d\u2019utilisation, obligations, droits des utilisateurs et conditions g\u00e9n\u00e9rales de notre service.","og_url":"https:\/\/banusrentals.com\/fr\/termes-et-conditions\/","og_site_name":"Banus Rentals","article_publisher":"https:\/\/www.facebook.com\/BanusRentalsMarbella","article_modified_time":"2025-11-21T14:14:45+00:00","twitter_card":"summary_large_image","schema":{"@context":"https:\/\/schema.org","@graph":[{"@type":"WebPage","@id":"https:\/\/banusrentals.com\/fr\/termes-et-conditions\/","url":"https:\/\/banusrentals.com\/fr\/termes-et-conditions\/","name":"Exp\u00e9riences - Banus Rentals","isPartOf":{"@id":"https:\/\/banusrentals.com\/fr\/#website"},"datePublished":"2025-06-06T06:46:43+00:00","dateModified":"2025-11-21T14:14:45+00:00","description":"Consultez nos termes et conditions pour conna\u00eetre les r\u00e8gles d\u2019utilisation, obligations, droits des utilisateurs et conditions g\u00e9n\u00e9rales de notre service.","breadcrumb":{"@id":"https:\/\/banusrentals.com\/fr\/termes-et-conditions\/#breadcrumb"},"inLanguage":"fr-FR","potentialAction":[{"@type":"ReadAction","target":["https:\/\/banusrentals.com\/fr\/termes-et-conditions\/"]}]},{"@type":"BreadcrumbList","@id":"https:\/\/banusrentals.com\/fr\/termes-et-conditions\/#breadcrumb","itemListElement":[{"@type":"ListItem","position":1,"name":"Accueil","item":"https:\/\/banusrentals.com\/fr\/"},{"@type":"ListItem","position":2,"name":"Termes et conditions"}]},{"@type":"WebSite","@id":"https:\/\/banusrentals.com\/fr\/#website","url":"https:\/\/banusrentals.com\/fr\/","name":"Banus Rentals","description":"","potentialAction":[{"@type":"SearchAction","target":{"@type":"EntryPoint","urlTemplate":"https:\/\/banusrentals.com\/fr\/?s={search_term_string}"},"query-input":{"@type":"PropertyValueSpecification","valueRequired":true,"valueName":"search_term_string"}}],"inLanguage":"fr-FR"}]}},"_links":{"self":[{"href":"https:\/\/banusrentals.com\/fr\/wp-json\/wp\/v2\/pages\/26685","targetHints":{"allow":["GET"]}}],"collection":[{"href":"https:\/\/banusrentals.com\/fr\/wp-json\/wp\/v2\/pages"}],"about":[{"href":"https:\/\/banusrentals.com\/fr\/wp-json\/wp\/v2\/types\/page"}],"author":[{"embeddable":true,"href":"https:\/\/banusrentals.com\/fr\/wp-json\/wp\/v2\/users\/1"}],"replies":[{"embeddable":true,"href":"https:\/\/banusrentals.com\/fr\/wp-json\/wp\/v2\/comments?post=26685"}],"version-history":[{"count":9,"href":"https:\/\/banusrentals.com\/fr\/wp-json\/wp\/v2\/pages\/26685\/revisions"}],"predecessor-version":[{"id":27645,"href":"https:\/\/banusrentals.com\/fr\/wp-json\/wp\/v2\/pages\/26685\/revisions\/27645"}],"wp:attachment":[{"href":"https:\/\/banusrentals.com\/fr\/wp-json\/wp\/v2\/media?parent=26685"}],"curies":[{"name":"wp","href":"https:\/\/api.w.org\/{rel}","templated":true}]}}