{"id":25047,"date":"2025-07-21T12:37:03","date_gmt":"2025-07-21T10:37:03","guid":{"rendered":"https:\/\/banusrentals.com\/producto\/appartement-a-playas-del-duque-pour-6-personnes-casa-sevilla-216\/"},"modified":"2026-04-03T04:56:04","modified_gmt":"2026-04-03T02:56:04","slug":"appartement-a-playas-del-duque-pour-6-personnes-casa-sevilla-216","status":"publish","type":"product","link":"https:\/\/banusrentals.com\/fr\/appartement-a-playas-del-duque-pour-6-personnes-casa-sevilla-216-h1155\/","title":{"rendered":"Appartement \u00e0 Playas del Duque pour 6 personnes| Casa Sevilla 216"},"content":{"rendered":"","protected":false},"excerpt":{"rendered":"","protected":false},"featured_media":13499,"comment_status":"open","ping_status":"closed","template":"","meta":{"_acf_changed":false},"product_brand":[],"product_cat":[],"product_tag":[],"class_list":{"0":"post-25047","1":"product","2":"type-product","3":"status-publish","4":"has-post-thumbnail","6":"category-product-type-apartamento","7":"category-product-type-appartement","8":"category-product-zone-puerto-banus","9":"category-product-zone-playas-del-duque-puerto-banus-2","11":"category-product-zone-playas-del-duque-puerto-banus-puerto-banus","13":"first","14":"instock","15":"shipping-taxable","16":"purchasable","17":"product-type-simple"},"acf":[],"yoast_head":"<!-- This site is optimized with the Yoast SEO plugin v24.8 - https:\/\/yoast.com\/wordpress\/plugins\/seo\/ -->\n<title>Appartement \u00e0 Playas del Duque pour 6 personnes| Casa Sevilla 216<\/title>\n<meta name=\"description\" content=\"Spacieux appartement de 3 chambres situ\u00e9 \u00e0 Puerto Banus, avec acc\u00e8s direct \u00e0 la plage.\" \/>\n<meta name=\"robots\" content=\"index, follow, max-snippet:-1, max-image-preview:large, max-video-preview:-1\" \/>\n<link rel=\"canonical\" href=\"https:\/\/banusrentals.com\/fr\/appartement-a-playas-del-duque-pour-6-personnes-casa-sevilla-216-h1155\/page\/1\/\" \/>\n<meta property=\"og:locale\" content=\"fr_FR\" \/>\n<meta property=\"og:type\" content=\"article\" \/>\n<meta property=\"og:title\" content=\"Appartement \u00e0 Playas del Duque pour 6 personnes| Casa Sevilla 216\" \/>\n<meta property=\"og:description\" content=\"Spacieux appartement de 3 chambres situ\u00e9 \u00e0 Puerto Banus, avec acc\u00e8s direct \u00e0 la plage.\" \/>\n<meta property=\"og:url\" content=\"https:\/\/banusrentals.com\/fr\/appartement-a-playas-del-duque-pour-6-personnes-casa-sevilla-216-h1155\/\" \/>\n<meta property=\"og:site_name\" content=\"Banus Rentals\" \/>\n<meta property=\"article:publisher\" content=\"https:\/\/www.facebook.com\/BanusRentalsMarbella\" \/>\n<meta property=\"article:modified_time\" content=\"2026-04-03T02:56:04+00:00\" \/>\n<meta property=\"og:image\" content=\"https:\/\/banusrentals.com\/wp-content\/uploads\/2025\/07\/E1155F1x1400.jpg\" \/>\n\t<meta property=\"og:image:width\" content=\"1400\" \/>\n\t<meta property=\"og:image:height\" content=\"1050\" \/>\n\t<meta property=\"og:image:type\" content=\"image\/jpeg\" \/>\n<meta name=\"twitter:card\" content=\"summary_large_image\" \/>\n<script type=\"application\/ld+json\" class=\"yoast-schema-graph\">{\"@context\":\"https:\/\/schema.org\",\"@graph\":[{\"@type\":\"WebPage\",\"@id\":\"https:\/\/banusrentals.com\/fr\/appartement-a-playas-del-duque-pour-6-personnes-casa-sevilla-216-h1155\/\",\"url\":\"https:\/\/banusrentals.com\/fr\/appartement-a-playas-del-duque-pour-6-personnes-casa-sevilla-216-h1155\/\",\"name\":\"Appartement \u00e0 Playas del Duque pour 6 personnes| Casa Sevilla 216\",\"isPartOf\":{\"@id\":\"https:\/\/banusrentals.com\/fr\/#website\"},\"primaryImageOfPage\":{\"@id\":\"https:\/\/banusrentals.com\/fr\/appartement-a-playas-del-duque-pour-6-personnes-casa-sevilla-216-h1155\/#primaryimage\"},\"image\":{\"@id\":\"https:\/\/banusrentals.com\/fr\/appartement-a-playas-del-duque-pour-6-personnes-casa-sevilla-216-h1155\/#primaryimage\"},\"thumbnailUrl\":\"https:\/\/banusrentals.com\/wp-content\/uploads\/2025\/07\/E1155F1x1400.jpg\",\"datePublished\":\"2025-07-21T10:37:03+00:00\",\"dateModified\":\"2026-04-03T02:56:04+00:00\",\"description\":\"Spacieux appartement de 3 chambres situ\u00e9 \u00e0 Puerto Banus, avec acc\u00e8s direct \u00e0 la plage.\",\"breadcrumb\":{\"@id\":\"https:\/\/banusrentals.com\/fr\/appartement-a-playas-del-duque-pour-6-personnes-casa-sevilla-216-h1155\/#breadcrumb\"},\"inLanguage\":\"fr-FR\",\"potentialAction\":[{\"@type\":\"ReadAction\",\"target\":[\"https:\/\/banusrentals.com\/fr\/appartement-a-playas-del-duque-pour-6-personnes-casa-sevilla-216-h1155\/\"]}]},{\"@type\":\"ImageObject\",\"inLanguage\":\"fr-FR\",\"@id\":\"https:\/\/banusrentals.com\/fr\/appartement-a-playas-del-duque-pour-6-personnes-casa-sevilla-216-h1155\/#primaryimage\",\"url\":\"https:\/\/banusrentals.com\/wp-content\/uploads\/2025\/07\/E1155F1x1400.jpg\",\"contentUrl\":\"https:\/\/banusrentals.com\/wp-content\/uploads\/2025\/07\/E1155F1x1400.jpg\",\"width\":1400,\"height\":1050,\"caption\":\"Beachfront apartment with pool-view terrace in Playas del Duque, Puerto Banus Marbella\"},{\"@type\":\"BreadcrumbList\",\"@id\":\"https:\/\/banusrentals.com\/fr\/appartement-a-playas-del-duque-pour-6-personnes-casa-sevilla-216-h1155\/#breadcrumb\",\"itemListElement\":[{\"@type\":\"ListItem\",\"position\":1,\"name\":\"Accueil\",\"item\":\"https:\/\/banusrentals.com\/fr\/\"},{\"@type\":\"ListItem\",\"position\":2,\"name\":\"Produits\",\"item\":\"https:\/\/banusrentals.com\/fr\/shop\/\"},{\"@type\":\"ListItem\",\"position\":3,\"name\":\"Puerto Ban\u00fas\",\"item\":\"https:\/\/banusrentals.com\/fr\/location-de-vacances-a-puerto-banus\/\"},{\"@type\":\"ListItem\",\"position\":4,\"name\":\"Playas del Duque\",\"item\":\"https:\/\/banusrentals.com\/fr\/location-de-vacances-a-playas-del-duque\/\"},{\"@type\":\"ListItem\",\"position\":5,\"name\":\"Appartement \u00e0 Playas del Duque pour 6 personnes| Casa Sevilla 216\"}]},{\"@type\":\"WebSite\",\"@id\":\"https:\/\/banusrentals.com\/fr\/#website\",\"url\":\"https:\/\/banusrentals.com\/fr\/\",\"name\":\"Banus Rentals\",\"description\":\"\",\"potentialAction\":[{\"@type\":\"SearchAction\",\"target\":{\"@type\":\"EntryPoint\",\"urlTemplate\":\"https:\/\/banusrentals.com\/fr\/?s={search_term_string}\"},\"query-input\":{\"@type\":\"PropertyValueSpecification\",\"valueRequired\":true,\"valueName\":\"search_term_string\"}}],\"inLanguage\":\"fr-FR\"}]}<\/script>\n<!-- \/ Yoast SEO plugin. -->","yoast_head_json":{"title":"Appartement \u00e0 Playas del Duque pour 6 personnes| Casa Sevilla 216","description":"Spacieux appartement de 3 chambres situ\u00e9 \u00e0 Puerto Banus, avec acc\u00e8s direct \u00e0 la plage.","robots":{"index":"index","follow":"follow","max-snippet":"max-snippet:-1","max-image-preview":"max-image-preview:large","max-video-preview":"max-video-preview:-1"},"canonical":"https:\/\/banusrentals.com\/fr\/appartement-a-playas-del-duque-pour-6-personnes-casa-sevilla-216-h1155\/page\/1\/","og_locale":"fr_FR","og_type":"article","og_title":"Appartement \u00e0 Playas del Duque pour 6 personnes| Casa Sevilla 216","og_description":"Spacieux appartement de 3 chambres situ\u00e9 \u00e0 Puerto Banus, avec acc\u00e8s direct \u00e0 la plage.","og_url":"https:\/\/banusrentals.com\/fr\/appartement-a-playas-del-duque-pour-6-personnes-casa-sevilla-216-h1155\/","og_site_name":"Banus Rentals","article_publisher":"https:\/\/www.facebook.com\/BanusRentalsMarbella","article_modified_time":"2026-04-03T02:56:04+00:00","og_image":[{"width":1400,"height":1050,"url":"https:\/\/banusrentals.com\/wp-content\/uploads\/2025\/07\/E1155F1x1400.jpg","type":"image\/jpeg"}],"twitter_card":"summary_large_image","schema":{"@context":"https:\/\/schema.org","@graph":[{"@type":"WebPage","@id":"https:\/\/banusrentals.com\/fr\/appartement-a-playas-del-duque-pour-6-personnes-casa-sevilla-216-h1155\/","url":"https:\/\/banusrentals.com\/fr\/appartement-a-playas-del-duque-pour-6-personnes-casa-sevilla-216-h1155\/","name":"Appartement \u00e0 Playas del Duque pour 6 personnes| Casa Sevilla 216","isPartOf":{"@id":"https:\/\/banusrentals.com\/fr\/#website"},"primaryImageOfPage":{"@id":"https:\/\/banusrentals.com\/fr\/appartement-a-playas-del-duque-pour-6-personnes-casa-sevilla-216-h1155\/#primaryimage"},"image":{"@id":"https:\/\/banusrentals.com\/fr\/appartement-a-playas-del-duque-pour-6-personnes-casa-sevilla-216-h1155\/#primaryimage"},"thumbnailUrl":"https:\/\/banusrentals.com\/wp-content\/uploads\/2025\/07\/E1155F1x1400.jpg","datePublished":"2025-07-21T10:37:03+00:00","dateModified":"2026-04-03T02:56:04+00:00","description":"Spacieux appartement de 3 chambres situ\u00e9 \u00e0 Puerto Banus, avec acc\u00e8s direct \u00e0 la plage.","breadcrumb":{"@id":"https:\/\/banusrentals.com\/fr\/appartement-a-playas-del-duque-pour-6-personnes-casa-sevilla-216-h1155\/#breadcrumb"},"inLanguage":"fr-FR","potentialAction":[{"@type":"ReadAction","target":["https:\/\/banusrentals.com\/fr\/appartement-a-playas-del-duque-pour-6-personnes-casa-sevilla-216-h1155\/"]}]},{"@type":"ImageObject","inLanguage":"fr-FR","@id":"https:\/\/banusrentals.com\/fr\/appartement-a-playas-del-duque-pour-6-personnes-casa-sevilla-216-h1155\/#primaryimage","url":"https:\/\/banusrentals.com\/wp-content\/uploads\/2025\/07\/E1155F1x1400.jpg","contentUrl":"https:\/\/banusrentals.com\/wp-content\/uploads\/2025\/07\/E1155F1x1400.jpg","width":1400,"height":1050,"caption":"Beachfront apartment with pool-view terrace in Playas del Duque, Puerto Banus Marbella"},{"@type":"BreadcrumbList","@id":"https:\/\/banusrentals.com\/fr\/appartement-a-playas-del-duque-pour-6-personnes-casa-sevilla-216-h1155\/#breadcrumb","itemListElement":[{"@type":"ListItem","position":1,"name":"Accueil","item":"https:\/\/banusrentals.com\/fr\/"},{"@type":"ListItem","position":2,"name":"Produits","item":"https:\/\/banusrentals.com\/fr\/shop\/"},{"@type":"ListItem","position":3,"name":"Puerto Ban\u00fas","item":"https:\/\/banusrentals.com\/fr\/location-de-vacances-a-puerto-banus\/"},{"@type":"ListItem","position":4,"name":"Playas del Duque","item":"https:\/\/banusrentals.com\/fr\/location-de-vacances-a-playas-del-duque\/"},{"@type":"ListItem","position":5,"name":"Appartement \u00e0 Playas del Duque pour 6 personnes| Casa Sevilla 216"}]},{"@type":"WebSite","@id":"https:\/\/banusrentals.com\/fr\/#website","url":"https:\/\/banusrentals.com\/fr\/","name":"Banus Rentals","description":"","potentialAction":[{"@type":"SearchAction","target":{"@type":"EntryPoint","urlTemplate":"https:\/\/banusrentals.com\/fr\/?s={search_term_string}"},"query-input":{"@type":"PropertyValueSpecification","valueRequired":true,"valueName":"search_term_string"}}],"inLanguage":"fr-FR"}]}},"_links":{"self":[{"href":"https:\/\/banusrentals.com\/fr\/wp-json\/wp\/v2\/product\/25047","targetHints":{"allow":["GET"]}}],"collection":[{"href":"https:\/\/banusrentals.com\/fr\/wp-json\/wp\/v2\/product"}],"about":[{"href":"https:\/\/banusrentals.com\/fr\/wp-json\/wp\/v2\/types\/product"}],"replies":[{"embeddable":true,"href":"https:\/\/banusrentals.com\/fr\/wp-json\/wp\/v2\/comments?post=25047"}],"wp:featuredmedia":[{"embeddable":true,"href":"https:\/\/banusrentals.com\/fr\/wp-json\/wp\/v2\/media\/13499"}],"wp:attachment":[{"href":"https:\/\/banusrentals.com\/fr\/wp-json\/wp\/v2\/media?parent=25047"}],"wp:term":[{"taxonomy":"product_brand","embeddable":true,"href":"https:\/\/banusrentals.com\/fr\/wp-json\/wp\/v2\/product_brand?post=25047"},{"taxonomy":"product_cat","embeddable":true,"href":"https:\/\/banusrentals.com\/fr\/wp-json\/wp\/v2\/product_cat?post=25047"},{"taxonomy":"product_tag","embeddable":true,"href":"https:\/\/banusrentals.com\/fr\/wp-json\/wp\/v2\/product_tag?post=25047"}],"curies":[{"name":"wp","href":"https:\/\/api.w.org\/{rel}","templated":true}]}}