{"id":25051,"date":"2025-07-21T12:35:49","date_gmt":"2025-07-21T10:35:49","guid":{"rendered":"https:\/\/banusrentals.com\/producto\/appartement-pour-6-personnes-a-la-ruleta-nueva-andalucia\/"},"modified":"2026-04-04T05:38:03","modified_gmt":"2026-04-04T03:38:03","slug":"appartement-pour-6-personnes-a-la-ruleta-nueva-andalucia","status":"publish","type":"product","link":"https:\/\/banusrentals.com\/fr\/appartement-pour-6-personnes-a-la-ruleta-nueva-andalucia-h1202\/","title":{"rendered":"Appartement pour 6 personnes \u00e0 La Ruleta | Nueva Andaluc\u00eda"},"content":{"rendered":"","protected":false},"excerpt":{"rendered":"","protected":false},"featured_media":28068,"comment_status":"open","ping_status":"closed","template":"","meta":{"_acf_changed":false},"product_brand":[],"product_cat":[],"product_tag":[],"class_list":{"0":"post-25051","1":"product","2":"type-product","3":"status-publish","4":"has-post-thumbnail","6":"category-product-type-appartement","7":"category-product-zone-nueva-andalucia-marbella-marbella","8":"category-product-zone-marbella","10":"first","11":"instock","12":"shipping-taxable","13":"purchasable","14":"product-type-simple"},"acf":[],"yoast_head":"<!-- This site is optimized with the Yoast SEO plugin v24.8 - https:\/\/yoast.com\/wordpress\/plugins\/seo\/ -->\n<title>Appartement pour 6 personnes \u00e0 La Ruleta | Nueva Andaluc\u00eda<\/title>\n<meta name=\"description\" content=\"Grand appartement de 3 chambres situ\u00e9 \u00e0 c\u00f4t\u00e9 du Casino Marbella \u00e0 Puerto Banus.\" \/>\n<meta name=\"robots\" content=\"index, follow, max-snippet:-1, max-image-preview:large, max-video-preview:-1\" \/>\n<link rel=\"canonical\" href=\"https:\/\/banusrentals.com\/fr\/appartement-pour-6-personnes-a-la-ruleta-nueva-andalucia-h1202\/page\/1\/\" \/>\n<meta property=\"og:locale\" content=\"fr_FR\" \/>\n<meta property=\"og:type\" content=\"article\" \/>\n<meta property=\"og:title\" content=\"Appartement pour 6 personnes \u00e0 La Ruleta | Nueva Andaluc\u00eda\" \/>\n<meta property=\"og:description\" content=\"Grand appartement de 3 chambres situ\u00e9 \u00e0 c\u00f4t\u00e9 du Casino Marbella \u00e0 Puerto Banus.\" \/>\n<meta property=\"og:url\" content=\"https:\/\/banusrentals.com\/fr\/appartement-pour-6-personnes-a-la-ruleta-nueva-andalucia-h1202\/\" \/>\n<meta property=\"og:site_name\" content=\"Banus Rentals\" \/>\n<meta property=\"article:publisher\" content=\"https:\/\/www.facebook.com\/BanusRentalsMarbella\" \/>\n<meta property=\"article:modified_time\" content=\"2026-04-04T03:38:03+00:00\" \/>\n<meta property=\"og:image\" content=\"https:\/\/banusrentals.com\/wp-content\/uploads\/2025\/08\/E1202F1x1400.jpg\" \/>\n\t<meta property=\"og:image:width\" content=\"1400\" \/>\n\t<meta property=\"og:image:height\" content=\"1050\" \/>\n\t<meta property=\"og:image:type\" content=\"image\/jpeg\" \/>\n<meta name=\"twitter:card\" content=\"summary_large_image\" \/>\n<meta name=\"twitter:label1\" content=\"Dur\u00e9e de lecture estim\u00e9e\" \/>\n\t<meta name=\"twitter:data1\" content=\"1 minute\" \/>\n<script type=\"application\/ld+json\" class=\"yoast-schema-graph\">{\"@context\":\"https:\/\/schema.org\",\"@graph\":[{\"@type\":\"WebPage\",\"@id\":\"https:\/\/banusrentals.com\/fr\/appartement-pour-6-personnes-a-la-ruleta-nueva-andalucia-h1202\/\",\"url\":\"https:\/\/banusrentals.com\/fr\/appartement-pour-6-personnes-a-la-ruleta-nueva-andalucia-h1202\/\",\"name\":\"Appartement pour 6 personnes \u00e0 La Ruleta | Nueva Andaluc\u00eda\",\"isPartOf\":{\"@id\":\"https:\/\/banusrentals.com\/fr\/#website\"},\"primaryImageOfPage\":{\"@id\":\"https:\/\/banusrentals.com\/fr\/appartement-pour-6-personnes-a-la-ruleta-nueva-andalucia-h1202\/#primaryimage\"},\"image\":{\"@id\":\"https:\/\/banusrentals.com\/fr\/appartement-pour-6-personnes-a-la-ruleta-nueva-andalucia-h1202\/#primaryimage\"},\"thumbnailUrl\":\"https:\/\/banusrentals.com\/wp-content\/uploads\/2025\/08\/E1202F1x1400.jpg\",\"datePublished\":\"2025-07-21T10:35:49+00:00\",\"dateModified\":\"2026-04-04T03:38:03+00:00\",\"description\":\"Grand appartement de 3 chambres situ\u00e9 \u00e0 c\u00f4t\u00e9 du Casino Marbella \u00e0 Puerto Banus.\",\"breadcrumb\":{\"@id\":\"https:\/\/banusrentals.com\/fr\/appartement-pour-6-personnes-a-la-ruleta-nueva-andalucia-h1202\/#breadcrumb\"},\"inLanguage\":\"fr-FR\",\"potentialAction\":[{\"@type\":\"ReadAction\",\"target\":[\"https:\/\/banusrentals.com\/fr\/appartement-pour-6-personnes-a-la-ruleta-nueva-andalucia-h1202\/\"]}]},{\"@type\":\"ImageObject\",\"inLanguage\":\"fr-FR\",\"@id\":\"https:\/\/banusrentals.com\/fr\/appartement-pour-6-personnes-a-la-ruleta-nueva-andalucia-h1202\/#primaryimage\",\"url\":\"https:\/\/banusrentals.com\/wp-content\/uploads\/2025\/08\/E1202F1x1400.jpg\",\"contentUrl\":\"https:\/\/banusrentals.com\/wp-content\/uploads\/2025\/08\/E1202F1x1400.jpg\",\"width\":1400,\"height\":1050,\"caption\":\"Spacious holiday apartment in La Ruleta building, Nueva Andalucia Marbella\"},{\"@type\":\"BreadcrumbList\",\"@id\":\"https:\/\/banusrentals.com\/fr\/appartement-pour-6-personnes-a-la-ruleta-nueva-andalucia-h1202\/#breadcrumb\",\"itemListElement\":[{\"@type\":\"ListItem\",\"position\":1,\"name\":\"Accueil\",\"item\":\"https:\/\/banusrentals.com\/fr\/\"},{\"@type\":\"ListItem\",\"position\":2,\"name\":\"Produits\",\"item\":\"https:\/\/banusrentals.com\/fr\/shop\/\"},{\"@type\":\"ListItem\",\"position\":3,\"name\":\"Marbella\",\"item\":\"https:\/\/banusrentals.com\/fr\/location-de-vacances-a-marbella\/\"},{\"@type\":\"ListItem\",\"position\":4,\"name\":\"Nueva Andaluc\u00eda\",\"item\":\"https:\/\/banusrentals.com\/fr\/location-de-vacances-a-nueva-andalucia\/\"},{\"@type\":\"ListItem\",\"position\":5,\"name\":\"Appartement pour 6 personnes \u00e0 La Ruleta | Nueva Andaluc\u00eda\"}]},{\"@type\":\"WebSite\",\"@id\":\"https:\/\/banusrentals.com\/fr\/#website\",\"url\":\"https:\/\/banusrentals.com\/fr\/\",\"name\":\"Banus Rentals\",\"description\":\"\",\"potentialAction\":[{\"@type\":\"SearchAction\",\"target\":{\"@type\":\"EntryPoint\",\"urlTemplate\":\"https:\/\/banusrentals.com\/fr\/?s={search_term_string}\"},\"query-input\":{\"@type\":\"PropertyValueSpecification\",\"valueRequired\":true,\"valueName\":\"search_term_string\"}}],\"inLanguage\":\"fr-FR\"}]}<\/script>\n<!-- \/ Yoast SEO plugin. -->","yoast_head_json":{"title":"Appartement pour 6 personnes \u00e0 La Ruleta | Nueva Andaluc\u00eda","description":"Grand appartement de 3 chambres situ\u00e9 \u00e0 c\u00f4t\u00e9 du Casino Marbella \u00e0 Puerto Banus.","robots":{"index":"index","follow":"follow","max-snippet":"max-snippet:-1","max-image-preview":"max-image-preview:large","max-video-preview":"max-video-preview:-1"},"canonical":"https:\/\/banusrentals.com\/fr\/appartement-pour-6-personnes-a-la-ruleta-nueva-andalucia-h1202\/page\/1\/","og_locale":"fr_FR","og_type":"article","og_title":"Appartement pour 6 personnes \u00e0 La Ruleta | Nueva Andaluc\u00eda","og_description":"Grand appartement de 3 chambres situ\u00e9 \u00e0 c\u00f4t\u00e9 du Casino Marbella \u00e0 Puerto Banus.","og_url":"https:\/\/banusrentals.com\/fr\/appartement-pour-6-personnes-a-la-ruleta-nueva-andalucia-h1202\/","og_site_name":"Banus Rentals","article_publisher":"https:\/\/www.facebook.com\/BanusRentalsMarbella","article_modified_time":"2026-04-04T03:38:03+00:00","og_image":[{"width":1400,"height":1050,"url":"https:\/\/banusrentals.com\/wp-content\/uploads\/2025\/08\/E1202F1x1400.jpg","type":"image\/jpeg"}],"twitter_card":"summary_large_image","twitter_misc":{"Dur\u00e9e de lecture estim\u00e9e":"1 minute"},"schema":{"@context":"https:\/\/schema.org","@graph":[{"@type":"WebPage","@id":"https:\/\/banusrentals.com\/fr\/appartement-pour-6-personnes-a-la-ruleta-nueva-andalucia-h1202\/","url":"https:\/\/banusrentals.com\/fr\/appartement-pour-6-personnes-a-la-ruleta-nueva-andalucia-h1202\/","name":"Appartement pour 6 personnes \u00e0 La Ruleta | Nueva Andaluc\u00eda","isPartOf":{"@id":"https:\/\/banusrentals.com\/fr\/#website"},"primaryImageOfPage":{"@id":"https:\/\/banusrentals.com\/fr\/appartement-pour-6-personnes-a-la-ruleta-nueva-andalucia-h1202\/#primaryimage"},"image":{"@id":"https:\/\/banusrentals.com\/fr\/appartement-pour-6-personnes-a-la-ruleta-nueva-andalucia-h1202\/#primaryimage"},"thumbnailUrl":"https:\/\/banusrentals.com\/wp-content\/uploads\/2025\/08\/E1202F1x1400.jpg","datePublished":"2025-07-21T10:35:49+00:00","dateModified":"2026-04-04T03:38:03+00:00","description":"Grand appartement de 3 chambres situ\u00e9 \u00e0 c\u00f4t\u00e9 du Casino Marbella \u00e0 Puerto Banus.","breadcrumb":{"@id":"https:\/\/banusrentals.com\/fr\/appartement-pour-6-personnes-a-la-ruleta-nueva-andalucia-h1202\/#breadcrumb"},"inLanguage":"fr-FR","potentialAction":[{"@type":"ReadAction","target":["https:\/\/banusrentals.com\/fr\/appartement-pour-6-personnes-a-la-ruleta-nueva-andalucia-h1202\/"]}]},{"@type":"ImageObject","inLanguage":"fr-FR","@id":"https:\/\/banusrentals.com\/fr\/appartement-pour-6-personnes-a-la-ruleta-nueva-andalucia-h1202\/#primaryimage","url":"https:\/\/banusrentals.com\/wp-content\/uploads\/2025\/08\/E1202F1x1400.jpg","contentUrl":"https:\/\/banusrentals.com\/wp-content\/uploads\/2025\/08\/E1202F1x1400.jpg","width":1400,"height":1050,"caption":"Spacious holiday apartment in La Ruleta building, Nueva Andalucia Marbella"},{"@type":"BreadcrumbList","@id":"https:\/\/banusrentals.com\/fr\/appartement-pour-6-personnes-a-la-ruleta-nueva-andalucia-h1202\/#breadcrumb","itemListElement":[{"@type":"ListItem","position":1,"name":"Accueil","item":"https:\/\/banusrentals.com\/fr\/"},{"@type":"ListItem","position":2,"name":"Produits","item":"https:\/\/banusrentals.com\/fr\/shop\/"},{"@type":"ListItem","position":3,"name":"Marbella","item":"https:\/\/banusrentals.com\/fr\/location-de-vacances-a-marbella\/"},{"@type":"ListItem","position":4,"name":"Nueva Andaluc\u00eda","item":"https:\/\/banusrentals.com\/fr\/location-de-vacances-a-nueva-andalucia\/"},{"@type":"ListItem","position":5,"name":"Appartement pour 6 personnes \u00e0 La Ruleta | Nueva Andaluc\u00eda"}]},{"@type":"WebSite","@id":"https:\/\/banusrentals.com\/fr\/#website","url":"https:\/\/banusrentals.com\/fr\/","name":"Banus Rentals","description":"","potentialAction":[{"@type":"SearchAction","target":{"@type":"EntryPoint","urlTemplate":"https:\/\/banusrentals.com\/fr\/?s={search_term_string}"},"query-input":{"@type":"PropertyValueSpecification","valueRequired":true,"valueName":"search_term_string"}}],"inLanguage":"fr-FR"}]}},"_links":{"self":[{"href":"https:\/\/banusrentals.com\/fr\/wp-json\/wp\/v2\/product\/25051","targetHints":{"allow":["GET"]}}],"collection":[{"href":"https:\/\/banusrentals.com\/fr\/wp-json\/wp\/v2\/product"}],"about":[{"href":"https:\/\/banusrentals.com\/fr\/wp-json\/wp\/v2\/types\/product"}],"replies":[{"embeddable":true,"href":"https:\/\/banusrentals.com\/fr\/wp-json\/wp\/v2\/comments?post=25051"}],"wp:featuredmedia":[{"embeddable":true,"href":"https:\/\/banusrentals.com\/fr\/wp-json\/wp\/v2\/media\/28068"}],"wp:attachment":[{"href":"https:\/\/banusrentals.com\/fr\/wp-json\/wp\/v2\/media?parent=25051"}],"wp:term":[{"taxonomy":"product_brand","embeddable":true,"href":"https:\/\/banusrentals.com\/fr\/wp-json\/wp\/v2\/product_brand?post=25051"},{"taxonomy":"product_cat","embeddable":true,"href":"https:\/\/banusrentals.com\/fr\/wp-json\/wp\/v2\/product_cat?post=25051"},{"taxonomy":"product_tag","embeddable":true,"href":"https:\/\/banusrentals.com\/fr\/wp-json\/wp\/v2\/product_tag?post=25051"}],"curies":[{"name":"wp","href":"https:\/\/api.w.org\/{rel}","templated":true}]}}