{"id":25106,"date":"2025-07-21T11:59:03","date_gmt":"2025-07-21T09:59:03","guid":{"rendered":"https:\/\/banusrentals.com\/producto\/appartement-en-andalucia-del-mar-pour-4-personnes-adm-5-316\/"},"modified":"2026-04-16T05:51:03","modified_gmt":"2026-04-16T03:51:03","slug":"appartement-en-andalucia-del-mar-pour-4-personnes-adm-5-316","status":"publish","type":"product","link":"https:\/\/banusrentals.com\/fr\/appartement-en-andalucia-del-mar-pour-4-personnes-adm-5-316-h1102\/","title":{"rendered":"Appartement en Andalucia del Mar pour 4 personnes | ADM 5-316"},"content":{"rendered":"","protected":false},"excerpt":{"rendered":"","protected":false},"featured_media":8985,"comment_status":"open","ping_status":"closed","template":"","meta":{"_acf_changed":false},"product_brand":[],"product_cat":[],"product_tag":[],"class_list":{"0":"post-25106","1":"product","2":"type-product","3":"status-publish","4":"has-post-thumbnail","6":"category-product-type-apartamento","7":"category-product-type-appartement","8":"category-product-zone-puerto-banus","10":"category-product-zone-andalucia-del-mar-puerto-banus","11":"category-product-zone-andalucia-del-mar-fr-puerto-banus","13":"first","14":"instock","15":"shipping-taxable","16":"purchasable","17":"product-type-simple"},"acf":[],"yoast_head":"<!-- This site is optimized with the Yoast SEO plugin v24.8 - https:\/\/yoast.com\/wordpress\/plugins\/seo\/ -->\n<title>Appartement en Andalucia del Mar pour 4 personnes | ADM 5-316<\/title>\n<meta name=\"description\" content=\"D\u00e9couvrez ce bel appartement lumineux de 121 m\u00b2, enti\u00e8rement r\u00e9nov\u00e9 avec deux chambres, id\u00e9al pour vos vacances \u00e0 Puerto Banus.\" \/>\n<meta name=\"robots\" content=\"index, follow, max-snippet:-1, max-image-preview:large, max-video-preview:-1\" \/>\n<link rel=\"canonical\" href=\"https:\/\/banusrentals.com\/fr\/appartement-en-andalucia-del-mar-pour-4-personnes-adm-5-316-h1102\/page\/1\/\" \/>\n<meta property=\"og:locale\" content=\"fr_FR\" \/>\n<meta property=\"og:type\" content=\"article\" \/>\n<meta property=\"og:title\" content=\"Appartement en Andalucia del Mar pour 4 personnes | ADM 5-316\" \/>\n<meta property=\"og:description\" content=\"D\u00e9couvrez ce bel appartement lumineux de 121 m\u00b2, enti\u00e8rement r\u00e9nov\u00e9 avec deux chambres, id\u00e9al pour vos vacances \u00e0 Puerto Banus.\" \/>\n<meta property=\"og:url\" content=\"https:\/\/banusrentals.com\/fr\/appartement-en-andalucia-del-mar-pour-4-personnes-adm-5-316-h1102\/\" \/>\n<meta property=\"og:site_name\" content=\"Banus Rentals\" \/>\n<meta property=\"article:publisher\" content=\"https:\/\/www.facebook.com\/BanusRentalsMarbella\" \/>\n<meta property=\"article:modified_time\" content=\"2026-04-16T03:51:03+00:00\" \/>\n<meta property=\"og:image\" content=\"https:\/\/banusrentals.com\/wp-content\/uploads\/2025\/07\/E1102F1x1400.jpg\" \/>\n\t<meta property=\"og:image:width\" content=\"1400\" \/>\n\t<meta property=\"og:image:height\" content=\"1050\" \/>\n\t<meta property=\"og:image:type\" content=\"image\/jpeg\" \/>\n<meta name=\"twitter:card\" content=\"summary_large_image\" \/>\n<script type=\"application\/ld+json\" class=\"yoast-schema-graph\">{\"@context\":\"https:\/\/schema.org\",\"@graph\":[{\"@type\":\"WebPage\",\"@id\":\"https:\/\/banusrentals.com\/fr\/appartement-en-andalucia-del-mar-pour-4-personnes-adm-5-316-h1102\/\",\"url\":\"https:\/\/banusrentals.com\/fr\/appartement-en-andalucia-del-mar-pour-4-personnes-adm-5-316-h1102\/\",\"name\":\"Appartement en Andalucia del Mar pour 4 personnes | ADM 5-316\",\"isPartOf\":{\"@id\":\"https:\/\/banusrentals.com\/fr\/#website\"},\"primaryImageOfPage\":{\"@id\":\"https:\/\/banusrentals.com\/fr\/appartement-en-andalucia-del-mar-pour-4-personnes-adm-5-316-h1102\/#primaryimage\"},\"image\":{\"@id\":\"https:\/\/banusrentals.com\/fr\/appartement-en-andalucia-del-mar-pour-4-personnes-adm-5-316-h1102\/#primaryimage\"},\"thumbnailUrl\":\"https:\/\/banusrentals.com\/wp-content\/uploads\/2025\/07\/E1102F1x1400.jpg\",\"datePublished\":\"2025-07-21T09:59:03+00:00\",\"dateModified\":\"2026-04-16T03:51:03+00:00\",\"description\":\"D\u00e9couvrez ce bel appartement lumineux de 121 m\u00b2, enti\u00e8rement r\u00e9nov\u00e9 avec deux chambres, id\u00e9al pour vos vacances \u00e0 Puerto Banus.\",\"breadcrumb\":{\"@id\":\"https:\/\/banusrentals.com\/fr\/appartement-en-andalucia-del-mar-pour-4-personnes-adm-5-316-h1102\/#breadcrumb\"},\"inLanguage\":\"fr-FR\",\"potentialAction\":[{\"@type\":\"ReadAction\",\"target\":[\"https:\/\/banusrentals.com\/fr\/appartement-en-andalucia-del-mar-pour-4-personnes-adm-5-316-h1102\/\"]}]},{\"@type\":\"ImageObject\",\"inLanguage\":\"fr-FR\",\"@id\":\"https:\/\/banusrentals.com\/fr\/appartement-en-andalucia-del-mar-pour-4-personnes-adm-5-316-h1102\/#primaryimage\",\"url\":\"https:\/\/banusrentals.com\/wp-content\/uploads\/2025\/07\/E1102F1x1400.jpg\",\"contentUrl\":\"https:\/\/banusrentals.com\/wp-content\/uploads\/2025\/07\/E1102F1x1400.jpg\",\"width\":1400,\"height\":1050,\"caption\":\"Sea-view apartment in Andalucia del Mar beachfront complex, Puerto Banus Marbella\"},{\"@type\":\"BreadcrumbList\",\"@id\":\"https:\/\/banusrentals.com\/fr\/appartement-en-andalucia-del-mar-pour-4-personnes-adm-5-316-h1102\/#breadcrumb\",\"itemListElement\":[{\"@type\":\"ListItem\",\"position\":1,\"name\":\"Accueil\",\"item\":\"https:\/\/banusrentals.com\/fr\/\"},{\"@type\":\"ListItem\",\"position\":2,\"name\":\"Produits\",\"item\":\"https:\/\/banusrentals.com\/fr\/shop\/\"},{\"@type\":\"ListItem\",\"position\":3,\"name\":\"Puerto Ban\u00fas\",\"item\":\"https:\/\/banusrentals.com\/fr\/location-de-vacances-a-puerto-banus\/\"},{\"@type\":\"ListItem\",\"position\":4,\"name\":\"Andaluc\u00eda del Mar\",\"item\":\"https:\/\/banusrentals.com\/fr\/location-de-vacances-a-andalucia-del-mar\/\"},{\"@type\":\"ListItem\",\"position\":5,\"name\":\"Appartement en Andalucia del Mar pour 4 personnes | ADM 5-316\"}]},{\"@type\":\"WebSite\",\"@id\":\"https:\/\/banusrentals.com\/fr\/#website\",\"url\":\"https:\/\/banusrentals.com\/fr\/\",\"name\":\"Banus Rentals\",\"description\":\"\",\"potentialAction\":[{\"@type\":\"SearchAction\",\"target\":{\"@type\":\"EntryPoint\",\"urlTemplate\":\"https:\/\/banusrentals.com\/fr\/?s={search_term_string}\"},\"query-input\":{\"@type\":\"PropertyValueSpecification\",\"valueRequired\":true,\"valueName\":\"search_term_string\"}}],\"inLanguage\":\"fr-FR\"}]}<\/script>\n<!-- \/ Yoast SEO plugin. -->","yoast_head_json":{"title":"Appartement en Andalucia del Mar pour 4 personnes | ADM 5-316","description":"D\u00e9couvrez ce bel appartement lumineux de 121 m\u00b2, enti\u00e8rement r\u00e9nov\u00e9 avec deux chambres, id\u00e9al pour vos vacances \u00e0 Puerto Banus.","robots":{"index":"index","follow":"follow","max-snippet":"max-snippet:-1","max-image-preview":"max-image-preview:large","max-video-preview":"max-video-preview:-1"},"canonical":"https:\/\/banusrentals.com\/fr\/appartement-en-andalucia-del-mar-pour-4-personnes-adm-5-316-h1102\/page\/1\/","og_locale":"fr_FR","og_type":"article","og_title":"Appartement en Andalucia del Mar pour 4 personnes | ADM 5-316","og_description":"D\u00e9couvrez ce bel appartement lumineux de 121 m\u00b2, enti\u00e8rement r\u00e9nov\u00e9 avec deux chambres, id\u00e9al pour vos vacances \u00e0 Puerto Banus.","og_url":"https:\/\/banusrentals.com\/fr\/appartement-en-andalucia-del-mar-pour-4-personnes-adm-5-316-h1102\/","og_site_name":"Banus Rentals","article_publisher":"https:\/\/www.facebook.com\/BanusRentalsMarbella","article_modified_time":"2026-04-16T03:51:03+00:00","og_image":[{"width":1400,"height":1050,"url":"https:\/\/banusrentals.com\/wp-content\/uploads\/2025\/07\/E1102F1x1400.jpg","type":"image\/jpeg"}],"twitter_card":"summary_large_image","schema":{"@context":"https:\/\/schema.org","@graph":[{"@type":"WebPage","@id":"https:\/\/banusrentals.com\/fr\/appartement-en-andalucia-del-mar-pour-4-personnes-adm-5-316-h1102\/","url":"https:\/\/banusrentals.com\/fr\/appartement-en-andalucia-del-mar-pour-4-personnes-adm-5-316-h1102\/","name":"Appartement en Andalucia del Mar pour 4 personnes | ADM 5-316","isPartOf":{"@id":"https:\/\/banusrentals.com\/fr\/#website"},"primaryImageOfPage":{"@id":"https:\/\/banusrentals.com\/fr\/appartement-en-andalucia-del-mar-pour-4-personnes-adm-5-316-h1102\/#primaryimage"},"image":{"@id":"https:\/\/banusrentals.com\/fr\/appartement-en-andalucia-del-mar-pour-4-personnes-adm-5-316-h1102\/#primaryimage"},"thumbnailUrl":"https:\/\/banusrentals.com\/wp-content\/uploads\/2025\/07\/E1102F1x1400.jpg","datePublished":"2025-07-21T09:59:03+00:00","dateModified":"2026-04-16T03:51:03+00:00","description":"D\u00e9couvrez ce bel appartement lumineux de 121 m\u00b2, enti\u00e8rement r\u00e9nov\u00e9 avec deux chambres, id\u00e9al pour vos vacances \u00e0 Puerto Banus.","breadcrumb":{"@id":"https:\/\/banusrentals.com\/fr\/appartement-en-andalucia-del-mar-pour-4-personnes-adm-5-316-h1102\/#breadcrumb"},"inLanguage":"fr-FR","potentialAction":[{"@type":"ReadAction","target":["https:\/\/banusrentals.com\/fr\/appartement-en-andalucia-del-mar-pour-4-personnes-adm-5-316-h1102\/"]}]},{"@type":"ImageObject","inLanguage":"fr-FR","@id":"https:\/\/banusrentals.com\/fr\/appartement-en-andalucia-del-mar-pour-4-personnes-adm-5-316-h1102\/#primaryimage","url":"https:\/\/banusrentals.com\/wp-content\/uploads\/2025\/07\/E1102F1x1400.jpg","contentUrl":"https:\/\/banusrentals.com\/wp-content\/uploads\/2025\/07\/E1102F1x1400.jpg","width":1400,"height":1050,"caption":"Sea-view apartment in Andalucia del Mar beachfront complex, Puerto Banus Marbella"},{"@type":"BreadcrumbList","@id":"https:\/\/banusrentals.com\/fr\/appartement-en-andalucia-del-mar-pour-4-personnes-adm-5-316-h1102\/#breadcrumb","itemListElement":[{"@type":"ListItem","position":1,"name":"Accueil","item":"https:\/\/banusrentals.com\/fr\/"},{"@type":"ListItem","position":2,"name":"Produits","item":"https:\/\/banusrentals.com\/fr\/shop\/"},{"@type":"ListItem","position":3,"name":"Puerto Ban\u00fas","item":"https:\/\/banusrentals.com\/fr\/location-de-vacances-a-puerto-banus\/"},{"@type":"ListItem","position":4,"name":"Andaluc\u00eda del Mar","item":"https:\/\/banusrentals.com\/fr\/location-de-vacances-a-andalucia-del-mar\/"},{"@type":"ListItem","position":5,"name":"Appartement en Andalucia del Mar pour 4 personnes | ADM 5-316"}]},{"@type":"WebSite","@id":"https:\/\/banusrentals.com\/fr\/#website","url":"https:\/\/banusrentals.com\/fr\/","name":"Banus Rentals","description":"","potentialAction":[{"@type":"SearchAction","target":{"@type":"EntryPoint","urlTemplate":"https:\/\/banusrentals.com\/fr\/?s={search_term_string}"},"query-input":{"@type":"PropertyValueSpecification","valueRequired":true,"valueName":"search_term_string"}}],"inLanguage":"fr-FR"}]}},"_links":{"self":[{"href":"https:\/\/banusrentals.com\/fr\/wp-json\/wp\/v2\/product\/25106","targetHints":{"allow":["GET"]}}],"collection":[{"href":"https:\/\/banusrentals.com\/fr\/wp-json\/wp\/v2\/product"}],"about":[{"href":"https:\/\/banusrentals.com\/fr\/wp-json\/wp\/v2\/types\/product"}],"replies":[{"embeddable":true,"href":"https:\/\/banusrentals.com\/fr\/wp-json\/wp\/v2\/comments?post=25106"}],"wp:featuredmedia":[{"embeddable":true,"href":"https:\/\/banusrentals.com\/fr\/wp-json\/wp\/v2\/media\/8985"}],"wp:attachment":[{"href":"https:\/\/banusrentals.com\/fr\/wp-json\/wp\/v2\/media?parent=25106"}],"wp:term":[{"taxonomy":"product_brand","embeddable":true,"href":"https:\/\/banusrentals.com\/fr\/wp-json\/wp\/v2\/product_brand?post=25106"},{"taxonomy":"product_cat","embeddable":true,"href":"https:\/\/banusrentals.com\/fr\/wp-json\/wp\/v2\/product_cat?post=25106"},{"taxonomy":"product_tag","embeddable":true,"href":"https:\/\/banusrentals.com\/fr\/wp-json\/wp\/v2\/product_tag?post=25106"}],"curies":[{"name":"wp","href":"https:\/\/api.w.org\/{rel}","templated":true}]}}